{"id":458,"date":"2022-08-02T10:52:11","date_gmt":"2022-08-02T10:52:11","guid":{"rendered":"http:\/\/www.alpegeturizm.com\/?page_id=458"},"modified":"2022-08-03T14:36:10","modified_gmt":"2022-08-03T14:36:10","slug":"suudi-arabistan","status":"publish","type":"page","link":"http:\/\/www.alpegeturizm.com\/index.php\/suudi-arabistan\/","title":{"rendered":"SUUD\u0130 ARAB\u0130STAN"},"content":{"rendered":"\n<div class=\"wp-block-cover alignfull is-light has-parallax\" style=\"background-image:url(http:\/\/www.alpegeturizm.com\/wp-content\/uploads\/2022\/08\/Suudi-Arabistandan-Seyahat-Yasagina-Iliskin-Onemli-Karar.jpg);min-height:277px\"><span aria-hidden=\"true\" class=\"wp-block-cover__background has-background-dim-40 has-background-dim\" style=\"background-color:#000000\"><\/span><div class=\"wp-block-cover__inner-container\">\n<p><\/p>\n\n\n\n<h2 class=\"alignwide has-white-color has-text-color\" style=\"font-size:48px;line-height:1.2\"><strong><em>SUUD\u0130 ARAB\u0130STAN V\u0130ZES\u0130<\/em><\/strong><\/h2>\n\n\n\n<div class=\"is-layout-flex wp-container-3 wp-block-columns alignwide\">\n<div class=\"is-layout-flow wp-block-column\" style=\"flex-basis:60%\">\n<p class=\"has-text-color\" style=\"color:#ffffff\"><\/p>\n\n\n\n<div class=\"is-layout-flex wp-block-buttons\"><\/div>\n<\/div>\n<\/div>\n<\/div><\/div>\n\n\n\n<hr class=\"wp-block-separator has-text-color has-nv-site-bg-color has-alpha-channel-opacity has-nv-site-bg-background-color has-background\"\/>\n\n\n\n<h2 class=\"has-text-align-center\">Suudi Arabistan Vizesi Almak i\u00e7in Gerekli Olan Belgeler<\/h2>\n\n\n\n<ul type=\"1\" class=\"has-background\" style=\"background:linear-gradient(144deg,rgb(238,238,238) 0%,rgb(169,184,195) 100%)\"><li>Antetli ka\u011f\u0131da konsoloslu\u011fa hitaben \u0130ngilizce dilek\u00e7e. Dilek\u00e7ede seyahat eden ki\u015fi i\u00e7in davetiyede belirtilen meslek yaz\u0131lmal\u0131d\u0131r. ( Yazd\u0131\u011f\u0131n\u0131z dilek\u00e7eyi ticaret veya sanayi Odas\u0131n\u0131n \u201chukuk i\u015fleri b\u00f6l\u00fcm\u00fcnden\u201d&nbsp; onaylatmal\u0131s\u0131n\u0131z.)<\/li><li>Davetiye fotokopisi (<strong>Suudi Arabistan<\/strong>&nbsp;D\u0131\u015fi\u015flerinden onaylanm\u0131\u015f ya da&nbsp; Suudi arabistan ticaret odas\u0131ndan&nbsp;P\u0130N numaral\u0131 davetiye )<\/li><li>\u015eehadetname ( Davetiyeyi g\u00f6nderen Arap \u015firketinin Ticari sicil belgesi. Arap\u00e7a ad\u0131 \u201cRakam-\u0131 Sicil )<\/li><li>Diploma fotokopisi ( Bazen asl\u0131n\u0131 da g\u00f6rmek isteyebiliyorlar )<\/li><li>\u0130ngilizce faaliyet belgesi OR\u0130J\u0130NAL\u0130 ( 3 aydan eski de\u011fil )<\/li><li>\u0130mza sirk\u00fcleri<\/li><li>Vergi levhas\u0131<\/li><li>Ticari sicil gazetesi<\/li><li>SGK i\u015fe giri\u015f bildirgesi ( ka\u015feli ve imzal\u0131 )<\/li><li>SGK hizmet cetveli d\u00f6k\u00fcm\u00fc<\/li><li>Son 4 aya ait maa\u015f bordrosu \u015e\u0130RKET KA\u015eEL\u0130 VE \u0130MZALI<\/li><li>2 adet beyaz fonlu Biometrik resim ( son 3 ay i\u00e7inde \u00e7ekilmi\u015f )<\/li><li>Otel rezervasyonu<\/li><li>U\u00e7u\u015f rezervasyonu<\/li><li>Pasaport ( seyahat d\u00f6n\u00fc\u015f\u00fcnden itibaren en az 1 y\u0131l daha ge\u00e7erli olmal\u0131 )<\/li><li>Renkli pasaport fotokopisi A4 Format\u0131nda olmal\u0131d\u0131r.<\/li><li>Renkli N\u00fcfus c\u00fczdan\u0131 fotokopisi A4 format\u0131nda<\/li><\/ul>\n\n\n\n<ul class=\"has-nv-site-bg-color has-nv-dark-bg-background-color has-text-color has-background\"><li>Ye\u015fil pasaporta da vize gerekiyor.<\/li><li>\u0130srail vizesi, \u0130srail&#8217;e giri\u015f \u00e7\u0131k\u0131\u015f\u0131n\u0131z var ise vize ba\u015fvurusunda bulunamazs\u0131n\u0131z.<\/li><li>BAYAN yolculara Suudi D\u0131\u015fi\u015fleri Bakanl\u0131\u011f\u0131&#8217;ndan davetiye gelirse vize veriliyor. Ticaret Odas\u0131&#8217;ndan davetiye al\u0131rlarsa vize verilmiyor.<\/li><li>Hac ve Umre ama\u00e7l\u0131 giden bayan yolcular tek ba\u015f\u0131na seyahat edemez ve vize verilmez. (Erkek karde\u015f, baba veya kocalar\u0131 ile birlikte seyahat edebilirler. )<\/li><li>Hac ve Umre zaman\u0131na denk gelecek vize ba\u015fvurular\u0131n\u0131z i\u00e7in i\u015flem s\u00fcresinin uzayaca\u011f\u0131n\u0131 g\u00f6z \u00f6n\u00fcnde bulundurunuz.<\/li><li>Davetiyeniz \u00e7ok giri\u015fli olarak gelirse, \u00e7ok giri\u015fli vize verilir. Ayr\u0131ca \u00e7ok giri\u015fli davetiye ile tek giri\u015fli ba\u015fvuru yap\u0131lamaz.<\/li><\/ul>\n\n\n\n<div class=\"is-layout-flex wp-block-buttons\">\n<div class=\"wp-block-button aligncenter\"><a class=\"wp-block-button__link\" href=\"http:\/\/www.alpegeturizm.com\/index.php\/iletisim\/\" style=\"border-radius:40px\">Evrak listeleri konsolosluklarca s\u00fcrekli g\u00fcncellenebilmekte olup, g\u00fcncel evrak listeleri i\u00e7in bizimle irtibata ge\u00e7iniz. <\/a><\/div>\n<\/div>\n\n\n\n<hr class=\"wp-block-separator has-text-color has-nv-site-bg-color has-alpha-channel-opacity has-nv-site-bg-background-color has-background\"\/>\n\n\n\n<div class=\"wp-block-cover alignfull\" style=\"min-height:399px\"><span aria-hidden=\"true\" class=\"wp-block-cover__background has-neve-text-color-background-color has-background-dim-100 has-background-dim\"><\/span><div class=\"wp-block-cover__inner-container\">\n<div style=\"height:140px\" aria-hidden=\"true\" class=\"wp-block-spacer\"><\/div>\n\n\n\n<div class=\"is-layout-flex wp-container-13 wp-block-columns\">\n<div class=\"is-layout-flow wp-block-column\">\n<div class=\"is-layout-flow wp-block-query\"><ul class=\"is-layout-flow wp-block-post-template\"><li class=\"wp-block-post post-1 post type-post status-publish format-standard hentry category-uncategorized\">\n\n<div class=\"is-layout-flex wp-container-6 wp-block-columns are-vertically-aligned-center\">\n<div class=\"is-layout-flow wp-block-column\"><div class=\"wp-block-image\">\n<figure class=\"aligncenter size-full is-resized\"><img decoding=\"async\" loading=\"lazy\" src=\"http:\/\/www.alpegeturizm.com\/wp-content\/uploads\/2022\/07\/logosyah.png\" alt=\"\" class=\"wp-image-188\" width=\"327\" height=\"319\" srcset=\"http:\/\/www.alpegeturizm.com\/wp-content\/uploads\/2022\/07\/logosyah.png 381w, http:\/\/www.alpegeturizm.com\/wp-content\/uploads\/2022\/07\/logosyah-300x293.png 300w\" sizes=\"(max-width: 327px) 100vw, 327px\" \/><\/figure><\/div><\/div>\n<\/div>\n\n<\/li><\/ul><\/div>\n<\/div>\n\n\n\n<div class=\"is-layout-flow wp-block-column\">\n<h3 class=\"has-text-align-center\"><strong>SAYFALAR<\/strong><\/h3>\n\n\n\n<hr class=\"wp-block-separator has-alpha-channel-opacity\"\/>\n\n\n\n<p class=\"has-text-align-center\">Hizmetlerimiz<\/p>\n\n\n\n<p class=\"has-text-align-center\">Hakk\u0131m\u0131zda<\/p>\n\n\n\n<p class=\"has-text-align-center\">Vize \u0130\u015flemleri<\/p>\n\n\n\n<p class=\"has-text-align-center\">Vize Rejimleri<\/p>\n\n\n\n<p class=\"has-text-align-center\">\u0130leti\u015fim <\/p>\n<\/div>\n\n\n\n<div class=\"is-layout-flow wp-block-column\">\n<h3 class=\"has-text-align-center\"><strong>\u0130LET\u0130\u015e\u0130M B\u0130LG\u0130LER\u0130M\u0130Z<\/strong><\/h3>\n\n\n\n<hr class=\"wp-block-separator has-alpha-channel-opacity\"\/>\n\n\n\n<p>Telefon: 0 532 351 22 74<\/p>\n\n\n\n<p>Mail: huseyin@alpegeturizm.com<\/p>\n\n\n\n<p>Adres: D\u00fcnya Sa\u011fl\u0131k Sokak, Opera \u0130\u015f Merkezi No: 25 Zemin 1\/12 Taksim\/\u0130stanbul<\/p>\n\n\n\n<ul class=\"is-layout-flex wp-block-social-links\">\n\n\n\n\n\n\n\n<\/ul>\n<\/div>\n<\/div>\n\n\n\n<p class=\"has-text-align-center\">Copyright <strong>\u00a9 <\/strong> 2022 ALTUNEL WEB l T\u00fcm haklar\u0131 sakl\u0131d\u0131r.<\/p>\n<\/div><\/div>\n","protected":false},"excerpt":{"rendered":"<p>Suudi Arabistan Vizesi Almak i\u00e7in Gerekli Olan Belgeler Antetli ka\u011f\u0131da konsoloslu\u011fa hitaben \u0130ngilizce dilek\u00e7e. Dilek\u00e7ede seyahat eden ki\u015fi i\u00e7in davetiyede belirtilen meslek yaz\u0131lmal\u0131d\u0131r. ( Yazd\u0131\u011f\u0131n\u0131z dilek\u00e7eyi ticaret veya sanayi Odas\u0131n\u0131n \u201chukuk i\u015fleri b\u00f6l\u00fcm\u00fcnden\u201d&nbsp; onaylatmal\u0131s\u0131n\u0131z.) Davetiye fotokopisi (Suudi Arabistan&nbsp;D\u0131\u015fi\u015flerinden onaylanm\u0131\u015f ya da&nbsp; Suudi arabistan ticaret odas\u0131ndan&nbsp;P\u0130N numaral\u0131 davetiye ) \u015eehadetname ( Davetiyeyi g\u00f6nderen Arap \u015firketinin Ticari&hellip;&nbsp;<a href=\"http:\/\/www.alpegeturizm.com\/index.php\/suudi-arabistan\/\" class=\"\" rel=\"bookmark\">Daha fazlas\u0131n\u0131 oku &raquo;<span class=\"screen-reader-text\">SUUD\u0130 ARAB\u0130STAN<\/span><\/a><\/p>\n","protected":false},"author":1,"featured_media":0,"parent":0,"menu_order":0,"comment_status":"closed","ping_status":"closed","template":"","meta":{"neve_meta_sidebar":"","neve_meta_container":"","neve_meta_enable_content_width":"on","neve_meta_content_width":93,"neve_meta_title_alignment":"","neve_meta_author_avatar":"","neve_post_elements_order":"","neve_meta_disable_header":"","neve_meta_disable_footer":"on","neve_meta_disable_title":"on"},"yoast_head":"<!-- This site is optimized with the Yoast SEO plugin v19.7.1 - https:\/\/yoast.com\/wordpress\/plugins\/seo\/ -->\n<title>SUUD\u0130 ARAB\u0130STAN - ALP EGE TUR\u0130ZM<\/title>\n<meta name=\"robots\" content=\"index, follow, max-snippet:-1, max-image-preview:large, max-video-preview:-1\" \/>\n<link rel=\"canonical\" href=\"http:\/\/www.alpegeturizm.com\/index.php\/suudi-arabistan\/\" \/>\n<meta property=\"og:locale\" content=\"tr_TR\" \/>\n<meta property=\"og:type\" content=\"article\" \/>\n<meta property=\"og:title\" content=\"SUUD\u0130 ARAB\u0130STAN - ALP EGE TUR\u0130ZM\" \/>\n<meta property=\"og:description\" content=\"Suudi Arabistan Vizesi Almak i\u00e7in Gerekli Olan Belgeler Antetli ka\u011f\u0131da konsoloslu\u011fa hitaben \u0130ngilizce dilek\u00e7e. Dilek\u00e7ede seyahat eden ki\u015fi i\u00e7in davetiyede belirtilen meslek yaz\u0131lmal\u0131d\u0131r. ( Yazd\u0131\u011f\u0131n\u0131z dilek\u00e7eyi ticaret veya sanayi Odas\u0131n\u0131n \u201chukuk i\u015fleri b\u00f6l\u00fcm\u00fcnden\u201d&nbsp; onaylatmal\u0131s\u0131n\u0131z.) Davetiye fotokopisi (Suudi Arabistan&nbsp;D\u0131\u015fi\u015flerinden onaylanm\u0131\u015f ya da&nbsp; Suudi arabistan ticaret odas\u0131ndan&nbsp;P\u0130N numaral\u0131 davetiye ) \u015eehadetname ( Davetiyeyi g\u00f6nderen Arap \u015firketinin Ticari&hellip;&nbsp;Daha fazlas\u0131n\u0131 oku &raquo;SUUD\u0130 ARAB\u0130STAN\" \/>\n<meta property=\"og:url\" content=\"http:\/\/www.alpegeturizm.com\/index.php\/suudi-arabistan\/\" \/>\n<meta property=\"og:site_name\" content=\"ALP EGE TUR\u0130ZM\" \/>\n<meta property=\"article:modified_time\" content=\"2022-08-03T14:36:10+00:00\" \/>\n<meta property=\"og:image\" content=\"http:\/\/www.alpegeturizm.com\/wp-content\/uploads\/2022\/07\/logosyah.png\" \/>\n<meta name=\"twitter:card\" content=\"summary_large_image\" \/>\n<meta name=\"twitter:label1\" content=\"Tahmini okuma s\u00fcresi\" \/>\n\t<meta name=\"twitter:data1\" content=\"2 dakika\" \/>\n<script type=\"application\/ld+json\" class=\"yoast-schema-graph\">{\"@context\":\"https:\/\/schema.org\",\"@graph\":[{\"@type\":\"WebPage\",\"@id\":\"http:\/\/www.alpegeturizm.com\/index.php\/suudi-arabistan\/\",\"url\":\"http:\/\/www.alpegeturizm.com\/index.php\/suudi-arabistan\/\",\"name\":\"SUUD\u0130 ARAB\u0130STAN - ALP EGE TUR\u0130ZM\",\"isPartOf\":{\"@id\":\"http:\/\/www.alpegeturizm.com\/#website\"},\"datePublished\":\"2022-08-02T10:52:11+00:00\",\"dateModified\":\"2022-08-03T14:36:10+00:00\",\"breadcrumb\":{\"@id\":\"http:\/\/www.alpegeturizm.com\/index.php\/suudi-arabistan\/#breadcrumb\"},\"inLanguage\":\"tr\",\"potentialAction\":[{\"@type\":\"ReadAction\",\"target\":[\"http:\/\/www.alpegeturizm.com\/index.php\/suudi-arabistan\/\"]}]},{\"@type\":\"BreadcrumbList\",\"@id\":\"http:\/\/www.alpegeturizm.com\/index.php\/suudi-arabistan\/#breadcrumb\",\"itemListElement\":[{\"@type\":\"ListItem\",\"position\":1,\"name\":\"Anasayfa\",\"item\":\"http:\/\/www.alpegeturizm.com\/\"},{\"@type\":\"ListItem\",\"position\":2,\"name\":\"SUUD\u0130 ARAB\u0130STAN\"}]},{\"@type\":\"WebSite\",\"@id\":\"http:\/\/www.alpegeturizm.com\/#website\",\"url\":\"http:\/\/www.alpegeturizm.com\/\",\"name\":\"ALP EGE TUR\u0130ZM\",\"description\":\"Vize ve Dan\u0131\u015fmanl\u0131k Hizmetleri\",\"publisher\":{\"@id\":\"http:\/\/www.alpegeturizm.com\/#organization\"},\"potentialAction\":[{\"@type\":\"SearchAction\",\"target\":{\"@type\":\"EntryPoint\",\"urlTemplate\":\"http:\/\/www.alpegeturizm.com\/?s={search_term_string}\"},\"query-input\":\"required name=search_term_string\"}],\"inLanguage\":\"tr\"},{\"@type\":\"Organization\",\"@id\":\"http:\/\/www.alpegeturizm.com\/#organization\",\"name\":\"ALP EGE TUR\u0130ZM\",\"url\":\"http:\/\/www.alpegeturizm.com\/\",\"sameAs\":[],\"logo\":{\"@type\":\"ImageObject\",\"inLanguage\":\"tr\",\"@id\":\"http:\/\/www.alpegeturizm.com\/#\/schema\/logo\/image\/\",\"url\":\"http:\/\/www.alpegeturizm.com\/wp-content\/uploads\/2022\/07\/InkedWhatsApp-Image-2022-07-26-at-4.22.38-PM-1.jpg\",\"contentUrl\":\"http:\/\/www.alpegeturizm.com\/wp-content\/uploads\/2022\/07\/InkedWhatsApp-Image-2022-07-26-at-4.22.38-PM-1.jpg\",\"width\":1024,\"height\":452,\"caption\":\"ALP EGE TUR\u0130ZM\"},\"image\":{\"@id\":\"http:\/\/www.alpegeturizm.com\/#\/schema\/logo\/image\/\"}}]}<\/script>\n<!-- \/ Yoast SEO plugin. -->","yoast_head_json":{"title":"SUUD\u0130 ARAB\u0130STAN - ALP EGE TUR\u0130ZM","robots":{"index":"index","follow":"follow","max-snippet":"max-snippet:-1","max-image-preview":"max-image-preview:large","max-video-preview":"max-video-preview:-1"},"canonical":"http:\/\/www.alpegeturizm.com\/index.php\/suudi-arabistan\/","og_locale":"tr_TR","og_type":"article","og_title":"SUUD\u0130 ARAB\u0130STAN - ALP EGE TUR\u0130ZM","og_description":"Suudi Arabistan Vizesi Almak i\u00e7in Gerekli Olan Belgeler Antetli ka\u011f\u0131da konsoloslu\u011fa hitaben \u0130ngilizce dilek\u00e7e. Dilek\u00e7ede seyahat eden ki\u015fi i\u00e7in davetiyede belirtilen meslek yaz\u0131lmal\u0131d\u0131r. ( Yazd\u0131\u011f\u0131n\u0131z dilek\u00e7eyi ticaret veya sanayi Odas\u0131n\u0131n \u201chukuk i\u015fleri b\u00f6l\u00fcm\u00fcnden\u201d&nbsp; onaylatmal\u0131s\u0131n\u0131z.) Davetiye fotokopisi (Suudi Arabistan&nbsp;D\u0131\u015fi\u015flerinden onaylanm\u0131\u015f ya da&nbsp; Suudi arabistan ticaret odas\u0131ndan&nbsp;P\u0130N numaral\u0131 davetiye ) \u015eehadetname ( Davetiyeyi g\u00f6nderen Arap \u015firketinin Ticari&hellip;&nbsp;Daha fazlas\u0131n\u0131 oku &raquo;SUUD\u0130 ARAB\u0130STAN","og_url":"http:\/\/www.alpegeturizm.com\/index.php\/suudi-arabistan\/","og_site_name":"ALP EGE TUR\u0130ZM","article_modified_time":"2022-08-03T14:36:10+00:00","og_image":[{"url":"http:\/\/www.alpegeturizm.com\/wp-content\/uploads\/2022\/07\/logosyah.png"}],"twitter_card":"summary_large_image","twitter_misc":{"Tahmini okuma s\u00fcresi":"2 dakika"},"schema":{"@context":"https:\/\/schema.org","@graph":[{"@type":"WebPage","@id":"http:\/\/www.alpegeturizm.com\/index.php\/suudi-arabistan\/","url":"http:\/\/www.alpegeturizm.com\/index.php\/suudi-arabistan\/","name":"SUUD\u0130 ARAB\u0130STAN - ALP EGE TUR\u0130ZM","isPartOf":{"@id":"http:\/\/www.alpegeturizm.com\/#website"},"datePublished":"2022-08-02T10:52:11+00:00","dateModified":"2022-08-03T14:36:10+00:00","breadcrumb":{"@id":"http:\/\/www.alpegeturizm.com\/index.php\/suudi-arabistan\/#breadcrumb"},"inLanguage":"tr","potentialAction":[{"@type":"ReadAction","target":["http:\/\/www.alpegeturizm.com\/index.php\/suudi-arabistan\/"]}]},{"@type":"BreadcrumbList","@id":"http:\/\/www.alpegeturizm.com\/index.php\/suudi-arabistan\/#breadcrumb","itemListElement":[{"@type":"ListItem","position":1,"name":"Anasayfa","item":"http:\/\/www.alpegeturizm.com\/"},{"@type":"ListItem","position":2,"name":"SUUD\u0130 ARAB\u0130STAN"}]},{"@type":"WebSite","@id":"http:\/\/www.alpegeturizm.com\/#website","url":"http:\/\/www.alpegeturizm.com\/","name":"ALP EGE TUR\u0130ZM","description":"Vize ve Dan\u0131\u015fmanl\u0131k Hizmetleri","publisher":{"@id":"http:\/\/www.alpegeturizm.com\/#organization"},"potentialAction":[{"@type":"SearchAction","target":{"@type":"EntryPoint","urlTemplate":"http:\/\/www.alpegeturizm.com\/?s={search_term_string}"},"query-input":"required name=search_term_string"}],"inLanguage":"tr"},{"@type":"Organization","@id":"http:\/\/www.alpegeturizm.com\/#organization","name":"ALP EGE TUR\u0130ZM","url":"http:\/\/www.alpegeturizm.com\/","sameAs":[],"logo":{"@type":"ImageObject","inLanguage":"tr","@id":"http:\/\/www.alpegeturizm.com\/#\/schema\/logo\/image\/","url":"http:\/\/www.alpegeturizm.com\/wp-content\/uploads\/2022\/07\/InkedWhatsApp-Image-2022-07-26-at-4.22.38-PM-1.jpg","contentUrl":"http:\/\/www.alpegeturizm.com\/wp-content\/uploads\/2022\/07\/InkedWhatsApp-Image-2022-07-26-at-4.22.38-PM-1.jpg","width":1024,"height":452,"caption":"ALP EGE TUR\u0130ZM"},"image":{"@id":"http:\/\/www.alpegeturizm.com\/#\/schema\/logo\/image\/"}}]}},"_links":{"self":[{"href":"http:\/\/www.alpegeturizm.com\/index.php\/wp-json\/wp\/v2\/pages\/458"}],"collection":[{"href":"http:\/\/www.alpegeturizm.com\/index.php\/wp-json\/wp\/v2\/pages"}],"about":[{"href":"http:\/\/www.alpegeturizm.com\/index.php\/wp-json\/wp\/v2\/types\/page"}],"author":[{"embeddable":true,"href":"http:\/\/www.alpegeturizm.com\/index.php\/wp-json\/wp\/v2\/users\/1"}],"replies":[{"embeddable":true,"href":"http:\/\/www.alpegeturizm.com\/index.php\/wp-json\/wp\/v2\/comments?post=458"}],"version-history":[{"count":3,"href":"http:\/\/www.alpegeturizm.com\/index.php\/wp-json\/wp\/v2\/pages\/458\/revisions"}],"predecessor-version":[{"id":517,"href":"http:\/\/www.alpegeturizm.com\/index.php\/wp-json\/wp\/v2\/pages\/458\/revisions\/517"}],"wp:attachment":[{"href":"http:\/\/www.alpegeturizm.com\/index.php\/wp-json\/wp\/v2\/media?parent=458"}],"curies":[{"name":"wp","href":"https:\/\/api.w.org\/{rel}","templated":true}]}}