{"id":430,"date":"2022-08-02T10:06:05","date_gmt":"2022-08-02T10:06:05","guid":{"rendered":"http:\/\/www.alpegeturizm.com\/?page_id=430"},"modified":"2022-08-02T10:06:06","modified_gmt":"2022-08-02T10:06:06","slug":"yunanistan","status":"publish","type":"page","link":"http:\/\/www.alpegeturizm.com\/index.php\/yunanistan\/","title":{"rendered":"YUNAN\u0130STAN"},"content":{"rendered":"\n<div class=\"wp-block-cover alignfull is-light has-parallax\" style=\"background-image:url(http:\/\/www.alpegeturizm.com\/wp-content\/uploads\/2022\/08\/Yunanistan1.jpg);min-height:361px\"><span aria-hidden=\"true\" class=\"wp-block-cover__background has-background-dim-40 has-background-dim\" style=\"background-color:#000000\"><\/span><div class=\"wp-block-cover__inner-container\">\n<h2 class=\"alignwide has-white-color has-text-color\" style=\"font-size:48px;line-height:1.2\"><strong><em>YUNAN\u0130STAN V\u0130ZES\u0130<\/em><\/strong><\/h2>\n\n\n\n<div class=\"is-layout-flex wp-container-3 wp-block-columns alignwide\">\n<div class=\"is-layout-flow wp-block-column\" style=\"flex-basis:60%\"><\/div>\n\n\n\n<div class=\"is-layout-flow wp-block-column\"><\/div>\n<\/div>\n<\/div><\/div>\n\n\n\n<hr class=\"wp-block-separator has-text-color has-nv-site-bg-color has-alpha-channel-opacity has-nv-site-bg-background-color has-background\"\/>\n\n\n\n<h2 class=\"has-text-align-center\">Yunanistan Vizesi Almak i\u00e7in Gerekli Olan Bilgiler<\/h2>\n\n\n\n<ul class=\"has-background\" style=\"background:linear-gradient(144deg,rgb(238,238,238) 0%,rgb(169,184,195) 100%)\"><li>En az 6 ay ge\u00e7erli pasaport, varsa eski pasaportlar, Kimlik Fotokopisi, Pasaport fotokopileri<\/li><li>2 adet Biometrik foto\u011fraf <em>( 45 x 35 mma \u00f6l\u00e7\u00fclerinde maksimum 6 Ay i\u00e7erisinde ve g\u00f6zl\u00fcks\u00fcz \u00e7ekilmi\u015f olmal\u0131)<\/em><\/li><li>Otel, u\u00e7ak rezervasyonlar\u0131 <em>( PNR Numaralar\u0131 G\u00f6r\u00fcnmelidir, Size Bu konuda yard\u0131mc\u0131 olabiliriz.)<\/em><\/li><li>Seyahat sa\u011fl\u0131k sigortas\u0131 <em>(Bizim taraf\u0131m\u0131zdan yapt\u0131r\u0131lacakt\u0131r)<\/em><\/li><li>Banka Hesab\u0131, <em>(Son 3 ay\u0131n hesap hareketlerini g\u00f6sterir Bakiyede ki\u015fi ba\u015f\u0131 minimum 40 Bin TL g\u00f6r\u00fcnen bankadan \u0131slak imzal\u0131 ve ka\u015feli hesap hareketleri d\u00f6k\u00fcm\u00fc, \u00f6zeti al\u0131nmal\u0131d\u0131r, Orijinal olmal\u0131 ve imzalayan ki\u015filerin imza sirk\u00fcleri de yaz\u0131n\u0131n ekinde olmal\u0131d\u0131r.)<\/em><\/li><li>Ara\u00e7 Ruhsat\u0131 ve Tapu gibi maddi durumu \u00f6zetleyen evraklar\u0131n kopyalar\u0131<\/li><li>Ticari Ziyaretler i\u00e7in Davetiye<\/li><li>Ticari ba\u015fvurularda \u015firket hesab\u0131 ve yolcunun \u015fahsi Maa\u015f Hesab\u0131 gereklidir.<\/li><li>\u0130kametgah Belgesi ( e-devletten al\u0131nmal\u0131d\u0131r )<\/li><li>Aile ziyareti i\u00e7in davet eden ki\u015fiden davet yaz\u0131s\u0131 ve kimlik fotokopisi gerekir. \u2022 Aile\/Arkada\u015f Ziyareti i\u00e7in bu bilgileri i\u00e7eren davetiye: kal\u0131\u015f s\u00fcresi, davet eden taraf ile ba\u015fvuru sahibi aras\u0131ndaki yak\u0131nl\u0131\u011fa ili\u015fkin ayr\u0131nt\u0131lar, davet eden ki\u015finin kimlik numaras\u0131 ve ilgili \u00dcye Devletin ki\u015fisel kimlik kodu ya da oturum izni evrak\u0131, tarih ve imza. Davetiye \u0131slak imzal\u0131 ve damgal\u0131 orijinal kopya olmal\u0131d\u0131r; ya da davetiye internet \u00fczerinden doldurulup yolland\u0131ysa okunabilir QR kodu mevcut olmal\u0131d\u0131r. QR kodlu davetiye sizi davet eden ki\u015fi taraf\u0131ndan\u00a0<a href=\"http:\/\/www.gov.gr\/\">www.gov.gr<\/a>\u00a0\u00fczerinden al\u0131nmal\u0131d\u0131r.\u00a0<\/li><li>Aile ba\u011flar\u0131na ili\u015fkin belge, ilgili ise\u00a0<\/li><li>Vukuatl\u0131 N\u00fcfus Kay\u0131t \u00d6rne\u011fi ( T\u00fcm Aile Se\u00e7ilmelidir ) ( <em>e-devletten al\u0131nmal\u0131d\u0131r<\/em> )<\/li><li>Konsolosluk \u00f6demeleri pe\u015fin yap\u0131ld\u0131\u011f\u0131ndan, Vize \u00dccretleri evraklar ile birlikte g\u00f6nderilmelidir.<\/li><li>Antetli K\u00e2\u011f\u0131da Dilek\u00e7e <em>( konsoloslu\u011fun ad\u0131 yazmal\u0131, \u00e7al\u0131\u015fan\u0131n ad\u0131 ve pasaport numaras\u0131, i\u015fe ba\u015flama tarihi ve g\u00f6revi; izin s\u00fcresi ve mesleki nedenlerle yap\u0131lan seyahatler hari\u00e7, \u00fccretli ya da \u00fccretsiz izin olup olmad\u0131\u011f\u0131; i\u015fverenin ileti\u015fim bilgileri ve yaz\u0131y\u0131 imzalayan ki\u015finin ismi ve g\u00f6revi <strong><u>kesinlikle <\/u><\/strong>belirtilmelidir )<\/em><\/li><li>\u0130mza Sirk\u00fcleri<\/li><li>Vergi levhas\u0131n\u0131n fotokopisi <em>(vergi levhas\u0131 zarar veya yeni tescil ise; \u015firketin banka hesap c\u00fczdan fotokopileri ve bil\u00e2n\u00e7osu)<\/em><\/li><li>Faaliyet Belgesi fotokopisi <em>(Max.3 ayl\u0131k.)<\/em><\/li><li>Ticaret Sicil Gazetesi Fotokopisi<\/li><li>Sigortal\u0131 i\u015fe giri\u015f bildirgesi<\/li><li>Maa\u015f Bordrosu 3 ayl\u0131k <em>(\u015firket taraf\u0131ndan ka\u015fe ve imzal\u0131 d\u00fczenlenmelidir.)<\/em><\/li><li>4\/A Detayl\u0131 ve kare kodlu Hizmet D\u00f6k\u00fcm\u00fc<em>(E-devletten al\u0131nabilir)<\/em><\/li><\/ul>\n\n\n\n<div class=\"is-layout-flex wp-block-buttons\">\n<div class=\"wp-block-button aligncenter\"><a class=\"wp-block-button__link\" href=\"http:\/\/www.alpegeturizm.com\/index.php\/iletisim\/\" style=\"border-radius:40px\">Evrak listeleri konsolosluklarca s\u00fcrekli g\u00fcncellenebilmekte olup, g\u00fcncel evrak listeleri i\u00e7in bizimle irtibata ge\u00e7iniz. <\/a><\/div>\n<\/div>\n\n\n\n<hr class=\"wp-block-separator has-text-color has-nv-site-bg-color has-alpha-channel-opacity has-nv-site-bg-background-color has-background\"\/>\n\n\n\n<div class=\"wp-block-cover alignfull\" style=\"min-height:399px\"><span aria-hidden=\"true\" class=\"wp-block-cover__background has-neve-text-color-background-color has-background-dim-100 has-background-dim\"><\/span><div class=\"wp-block-cover__inner-container\">\n<div style=\"height:140px\" aria-hidden=\"true\" class=\"wp-block-spacer\"><\/div>\n\n\n\n<div class=\"is-layout-flex wp-container-13 wp-block-columns\">\n<div class=\"is-layout-flow wp-block-column\">\n<div class=\"is-layout-flow wp-block-query\"><ul class=\"is-layout-flow wp-block-post-template\"><li class=\"wp-block-post post-1 post type-post status-publish format-standard hentry category-uncategorized\">\n\n<div class=\"is-layout-flex wp-container-6 wp-block-columns are-vertically-aligned-center\">\n<div class=\"is-layout-flow wp-block-column\"><div class=\"wp-block-image\">\n<figure class=\"aligncenter size-full is-resized\"><img decoding=\"async\" loading=\"lazy\" src=\"http:\/\/www.alpegeturizm.com\/wp-content\/uploads\/2022\/07\/logosyah.png\" alt=\"\" class=\"wp-image-188\" width=\"327\" height=\"319\" srcset=\"http:\/\/www.alpegeturizm.com\/wp-content\/uploads\/2022\/07\/logosyah.png 381w, http:\/\/www.alpegeturizm.com\/wp-content\/uploads\/2022\/07\/logosyah-300x293.png 300w\" sizes=\"(max-width: 327px) 100vw, 327px\" \/><\/figure><\/div><\/div>\n<\/div>\n\n<\/li><\/ul><\/div>\n<\/div>\n\n\n\n<div class=\"is-layout-flow wp-block-column\">\n<h3 class=\"has-text-align-center\"><strong>SAYFALAR<\/strong><\/h3>\n\n\n\n<hr class=\"wp-block-separator has-alpha-channel-opacity\"\/>\n\n\n\n<p class=\"has-text-align-center\">Hizmetlerimiz<\/p>\n\n\n\n<p class=\"has-text-align-center\">Hakk\u0131m\u0131zda<\/p>\n\n\n\n<p class=\"has-text-align-center\">Vize \u0130\u015flemleri<\/p>\n\n\n\n<p class=\"has-text-align-center\">Vize Rejimleri<\/p>\n\n\n\n<p class=\"has-text-align-center\">\u0130leti\u015fim <\/p>\n<\/div>\n\n\n\n<div class=\"is-layout-flow wp-block-column\">\n<h3 class=\"has-text-align-center\"><strong>\u0130LET\u0130\u015e\u0130M B\u0130LG\u0130LER\u0130M\u0130Z<\/strong><\/h3>\n\n\n\n<hr class=\"wp-block-separator has-alpha-channel-opacity\"\/>\n\n\n\n<p>Telefon: 0 532 351 22 74<\/p>\n\n\n\n<p>Mail: huseyin@alpegeturizm.com<\/p>\n\n\n\n<p>Adres: D\u00fcnya Sa\u011fl\u0131k Sokak, Opera \u0130\u015f Merkezi No: 25 Zemin 1\/12 Taksim\/\u0130stanbul<\/p>\n\n\n\n<ul class=\"is-layout-flex wp-block-social-links\">\n\n\n\n\n\n\n\n<\/ul>\n<\/div>\n<\/div>\n\n\n\n<p class=\"has-text-align-center\">Copyright <strong>\u00a9 <\/strong> 2022 ALTUNEL WEB l T\u00fcm haklar\u0131 sakl\u0131d\u0131r.<\/p>\n<\/div><\/div>\n","protected":false},"excerpt":{"rendered":"<p>Yunanistan Vizesi Almak i\u00e7in Gerekli Olan Bilgiler En az 6 ay ge\u00e7erli pasaport, varsa eski pasaportlar, Kimlik Fotokopisi, Pasaport fotokopileri 2 adet Biometrik foto\u011fraf ( 45 x 35 mma \u00f6l\u00e7\u00fclerinde maksimum 6 Ay i\u00e7erisinde ve g\u00f6zl\u00fcks\u00fcz \u00e7ekilmi\u015f olmal\u0131) Otel, u\u00e7ak rezervasyonlar\u0131 ( PNR Numaralar\u0131 G\u00f6r\u00fcnmelidir, Size Bu konuda yard\u0131mc\u0131 olabiliriz.) Seyahat sa\u011fl\u0131k sigortas\u0131 (Bizim taraf\u0131m\u0131zdan&hellip;&nbsp;<a href=\"http:\/\/www.alpegeturizm.com\/index.php\/yunanistan\/\" class=\"\" rel=\"bookmark\">Daha fazlas\u0131n\u0131 oku &raquo;<span class=\"screen-reader-text\">YUNAN\u0130STAN<\/span><\/a><\/p>\n","protected":false},"author":1,"featured_media":0,"parent":0,"menu_order":0,"comment_status":"closed","ping_status":"closed","template":"","meta":{"neve_meta_sidebar":"","neve_meta_container":"","neve_meta_enable_content_width":"on","neve_meta_content_width":92,"neve_meta_title_alignment":"","neve_meta_author_avatar":"","neve_post_elements_order":"","neve_meta_disable_header":"","neve_meta_disable_footer":"on","neve_meta_disable_title":"on"},"yoast_head":"<!-- This site is optimized with the Yoast SEO plugin v19.7.1 - https:\/\/yoast.com\/wordpress\/plugins\/seo\/ -->\n<title>YUNAN\u0130STAN - ALP EGE TUR\u0130ZM<\/title>\n<meta name=\"robots\" content=\"index, follow, max-snippet:-1, max-image-preview:large, max-video-preview:-1\" \/>\n<link rel=\"canonical\" href=\"http:\/\/www.alpegeturizm.com\/index.php\/yunanistan\/\" \/>\n<meta property=\"og:locale\" content=\"tr_TR\" \/>\n<meta property=\"og:type\" content=\"article\" \/>\n<meta property=\"og:title\" content=\"YUNAN\u0130STAN - ALP EGE TUR\u0130ZM\" \/>\n<meta property=\"og:description\" content=\"Yunanistan Vizesi Almak i\u00e7in Gerekli Olan Bilgiler En az 6 ay ge\u00e7erli pasaport, varsa eski pasaportlar, Kimlik Fotokopisi, Pasaport fotokopileri 2 adet Biometrik foto\u011fraf ( 45 x 35 mma \u00f6l\u00e7\u00fclerinde maksimum 6 Ay i\u00e7erisinde ve g\u00f6zl\u00fcks\u00fcz \u00e7ekilmi\u015f olmal\u0131) Otel, u\u00e7ak rezervasyonlar\u0131 ( PNR Numaralar\u0131 G\u00f6r\u00fcnmelidir, Size Bu konuda yard\u0131mc\u0131 olabiliriz.) Seyahat sa\u011fl\u0131k sigortas\u0131 (Bizim taraf\u0131m\u0131zdan&hellip;&nbsp;Daha fazlas\u0131n\u0131 oku &raquo;YUNAN\u0130STAN\" \/>\n<meta property=\"og:url\" content=\"http:\/\/www.alpegeturizm.com\/index.php\/yunanistan\/\" \/>\n<meta property=\"og:site_name\" content=\"ALP EGE TUR\u0130ZM\" \/>\n<meta property=\"article:modified_time\" content=\"2022-08-02T10:06:06+00:00\" \/>\n<meta property=\"og:image\" content=\"http:\/\/www.alpegeturizm.com\/wp-content\/uploads\/2022\/07\/logosyah.png\" \/>\n<meta name=\"twitter:card\" content=\"summary_large_image\" \/>\n<meta name=\"twitter:label1\" content=\"Tahmini okuma s\u00fcresi\" \/>\n\t<meta name=\"twitter:data1\" content=\"2 dakika\" \/>\n<script type=\"application\/ld+json\" class=\"yoast-schema-graph\">{\"@context\":\"https:\/\/schema.org\",\"@graph\":[{\"@type\":\"WebPage\",\"@id\":\"http:\/\/www.alpegeturizm.com\/index.php\/yunanistan\/\",\"url\":\"http:\/\/www.alpegeturizm.com\/index.php\/yunanistan\/\",\"name\":\"YUNAN\u0130STAN - ALP EGE TUR\u0130ZM\",\"isPartOf\":{\"@id\":\"http:\/\/www.alpegeturizm.com\/#website\"},\"datePublished\":\"2022-08-02T10:06:05+00:00\",\"dateModified\":\"2022-08-02T10:06:06+00:00\",\"breadcrumb\":{\"@id\":\"http:\/\/www.alpegeturizm.com\/index.php\/yunanistan\/#breadcrumb\"},\"inLanguage\":\"tr\",\"potentialAction\":[{\"@type\":\"ReadAction\",\"target\":[\"http:\/\/www.alpegeturizm.com\/index.php\/yunanistan\/\"]}]},{\"@type\":\"BreadcrumbList\",\"@id\":\"http:\/\/www.alpegeturizm.com\/index.php\/yunanistan\/#breadcrumb\",\"itemListElement\":[{\"@type\":\"ListItem\",\"position\":1,\"name\":\"Anasayfa\",\"item\":\"http:\/\/www.alpegeturizm.com\/\"},{\"@type\":\"ListItem\",\"position\":2,\"name\":\"YUNAN\u0130STAN\"}]},{\"@type\":\"WebSite\",\"@id\":\"http:\/\/www.alpegeturizm.com\/#website\",\"url\":\"http:\/\/www.alpegeturizm.com\/\",\"name\":\"ALP EGE TUR\u0130ZM\",\"description\":\"Vize ve Dan\u0131\u015fmanl\u0131k Hizmetleri\",\"publisher\":{\"@id\":\"http:\/\/www.alpegeturizm.com\/#organization\"},\"potentialAction\":[{\"@type\":\"SearchAction\",\"target\":{\"@type\":\"EntryPoint\",\"urlTemplate\":\"http:\/\/www.alpegeturizm.com\/?s={search_term_string}\"},\"query-input\":\"required name=search_term_string\"}],\"inLanguage\":\"tr\"},{\"@type\":\"Organization\",\"@id\":\"http:\/\/www.alpegeturizm.com\/#organization\",\"name\":\"ALP EGE TUR\u0130ZM\",\"url\":\"http:\/\/www.alpegeturizm.com\/\",\"sameAs\":[],\"logo\":{\"@type\":\"ImageObject\",\"inLanguage\":\"tr\",\"@id\":\"http:\/\/www.alpegeturizm.com\/#\/schema\/logo\/image\/\",\"url\":\"http:\/\/www.alpegeturizm.com\/wp-content\/uploads\/2022\/07\/InkedWhatsApp-Image-2022-07-26-at-4.22.38-PM-1.jpg\",\"contentUrl\":\"http:\/\/www.alpegeturizm.com\/wp-content\/uploads\/2022\/07\/InkedWhatsApp-Image-2022-07-26-at-4.22.38-PM-1.jpg\",\"width\":1024,\"height\":452,\"caption\":\"ALP EGE TUR\u0130ZM\"},\"image\":{\"@id\":\"http:\/\/www.alpegeturizm.com\/#\/schema\/logo\/image\/\"}}]}<\/script>\n<!-- \/ Yoast SEO plugin. -->","yoast_head_json":{"title":"YUNAN\u0130STAN - ALP EGE TUR\u0130ZM","robots":{"index":"index","follow":"follow","max-snippet":"max-snippet:-1","max-image-preview":"max-image-preview:large","max-video-preview":"max-video-preview:-1"},"canonical":"http:\/\/www.alpegeturizm.com\/index.php\/yunanistan\/","og_locale":"tr_TR","og_type":"article","og_title":"YUNAN\u0130STAN - ALP EGE TUR\u0130ZM","og_description":"Yunanistan Vizesi Almak i\u00e7in Gerekli Olan Bilgiler En az 6 ay ge\u00e7erli pasaport, varsa eski pasaportlar, Kimlik Fotokopisi, Pasaport fotokopileri 2 adet Biometrik foto\u011fraf ( 45 x 35 mma \u00f6l\u00e7\u00fclerinde maksimum 6 Ay i\u00e7erisinde ve g\u00f6zl\u00fcks\u00fcz \u00e7ekilmi\u015f olmal\u0131) Otel, u\u00e7ak rezervasyonlar\u0131 ( PNR Numaralar\u0131 G\u00f6r\u00fcnmelidir, Size Bu konuda yard\u0131mc\u0131 olabiliriz.) Seyahat sa\u011fl\u0131k sigortas\u0131 (Bizim taraf\u0131m\u0131zdan&hellip;&nbsp;Daha fazlas\u0131n\u0131 oku &raquo;YUNAN\u0130STAN","og_url":"http:\/\/www.alpegeturizm.com\/index.php\/yunanistan\/","og_site_name":"ALP EGE TUR\u0130ZM","article_modified_time":"2022-08-02T10:06:06+00:00","og_image":[{"url":"http:\/\/www.alpegeturizm.com\/wp-content\/uploads\/2022\/07\/logosyah.png"}],"twitter_card":"summary_large_image","twitter_misc":{"Tahmini okuma s\u00fcresi":"2 dakika"},"schema":{"@context":"https:\/\/schema.org","@graph":[{"@type":"WebPage","@id":"http:\/\/www.alpegeturizm.com\/index.php\/yunanistan\/","url":"http:\/\/www.alpegeturizm.com\/index.php\/yunanistan\/","name":"YUNAN\u0130STAN - ALP EGE TUR\u0130ZM","isPartOf":{"@id":"http:\/\/www.alpegeturizm.com\/#website"},"datePublished":"2022-08-02T10:06:05+00:00","dateModified":"2022-08-02T10:06:06+00:00","breadcrumb":{"@id":"http:\/\/www.alpegeturizm.com\/index.php\/yunanistan\/#breadcrumb"},"inLanguage":"tr","potentialAction":[{"@type":"ReadAction","target":["http:\/\/www.alpegeturizm.com\/index.php\/yunanistan\/"]}]},{"@type":"BreadcrumbList","@id":"http:\/\/www.alpegeturizm.com\/index.php\/yunanistan\/#breadcrumb","itemListElement":[{"@type":"ListItem","position":1,"name":"Anasayfa","item":"http:\/\/www.alpegeturizm.com\/"},{"@type":"ListItem","position":2,"name":"YUNAN\u0130STAN"}]},{"@type":"WebSite","@id":"http:\/\/www.alpegeturizm.com\/#website","url":"http:\/\/www.alpegeturizm.com\/","name":"ALP EGE TUR\u0130ZM","description":"Vize ve Dan\u0131\u015fmanl\u0131k Hizmetleri","publisher":{"@id":"http:\/\/www.alpegeturizm.com\/#organization"},"potentialAction":[{"@type":"SearchAction","target":{"@type":"EntryPoint","urlTemplate":"http:\/\/www.alpegeturizm.com\/?s={search_term_string}"},"query-input":"required name=search_term_string"}],"inLanguage":"tr"},{"@type":"Organization","@id":"http:\/\/www.alpegeturizm.com\/#organization","name":"ALP EGE TUR\u0130ZM","url":"http:\/\/www.alpegeturizm.com\/","sameAs":[],"logo":{"@type":"ImageObject","inLanguage":"tr","@id":"http:\/\/www.alpegeturizm.com\/#\/schema\/logo\/image\/","url":"http:\/\/www.alpegeturizm.com\/wp-content\/uploads\/2022\/07\/InkedWhatsApp-Image-2022-07-26-at-4.22.38-PM-1.jpg","contentUrl":"http:\/\/www.alpegeturizm.com\/wp-content\/uploads\/2022\/07\/InkedWhatsApp-Image-2022-07-26-at-4.22.38-PM-1.jpg","width":1024,"height":452,"caption":"ALP EGE TUR\u0130ZM"},"image":{"@id":"http:\/\/www.alpegeturizm.com\/#\/schema\/logo\/image\/"}}]}},"_links":{"self":[{"href":"http:\/\/www.alpegeturizm.com\/index.php\/wp-json\/wp\/v2\/pages\/430"}],"collection":[{"href":"http:\/\/www.alpegeturizm.com\/index.php\/wp-json\/wp\/v2\/pages"}],"about":[{"href":"http:\/\/www.alpegeturizm.com\/index.php\/wp-json\/wp\/v2\/types\/page"}],"author":[{"embeddable":true,"href":"http:\/\/www.alpegeturizm.com\/index.php\/wp-json\/wp\/v2\/users\/1"}],"replies":[{"embeddable":true,"href":"http:\/\/www.alpegeturizm.com\/index.php\/wp-json\/wp\/v2\/comments?post=430"}],"version-history":[{"count":3,"href":"http:\/\/www.alpegeturizm.com\/index.php\/wp-json\/wp\/v2\/pages\/430\/revisions"}],"predecessor-version":[{"id":435,"href":"http:\/\/www.alpegeturizm.com\/index.php\/wp-json\/wp\/v2\/pages\/430\/revisions\/435"}],"wp:attachment":[{"href":"http:\/\/www.alpegeturizm.com\/index.php\/wp-json\/wp\/v2\/media?parent=430"}],"curies":[{"name":"wp","href":"https:\/\/api.w.org\/{rel}","templated":true}]}}