{"id":414,"date":"2022-08-02T09:26:08","date_gmt":"2022-08-02T09:26:08","guid":{"rendered":"http:\/\/www.alpegeturizm.com\/?page_id=414"},"modified":"2022-08-02T11:54:17","modified_gmt":"2022-08-02T11:54:17","slug":"hindistan","status":"publish","type":"page","link":"http:\/\/www.alpegeturizm.com\/index.php\/hindistan\/","title":{"rendered":"H\u0130ND\u0130STAN"},"content":{"rendered":"\n<div class=\"wp-block-cover alignfull is-light has-parallax\" style=\"background-image:url(http:\/\/www.alpegeturizm.com\/wp-content\/uploads\/2022\/08\/hindistan_1.jpg);min-height:346px\"><span aria-hidden=\"true\" class=\"wp-block-cover__background has-background-dim-40 has-background-dim\" style=\"background-color:#000000\"><\/span><div class=\"wp-block-cover__inner-container\">\n<h2 class=\"alignwide has-white-color has-text-color\" style=\"font-size:48px;line-height:1.2\"><strong><em>H\u0130ND\u0130STAN V\u0130ZES\u0130<\/em><\/strong><\/h2>\n\n\n\n<div class=\"is-layout-flex wp-container-3 wp-block-columns alignwide\">\n<div class=\"is-layout-flow wp-block-column\" style=\"flex-basis:60%\">\n<div class=\"is-layout-flex wp-block-buttons\">\n<div class=\"wp-block-button\"><a class=\"wp-block-button__link has-background\" style=\"border-radius:30px;background:linear-gradient(144deg,rgb(122,220,180) 66%,rgb(0,208,130) 100%)\"><strong><em>Ortalama i\u015flem s\u00fcresi 2 \u2013 4 i\u015f g\u00fcn\u00fc olup ilk ba\u015fvurularda ve \u00f6zel durumlarda s\u00fcre\u00e7 uzayabilir, Randevu yo\u011funlu\u011funa g\u00f6re yo\u011fun sezonlarda i\u015flemler Bir iki haftay\u0131 ge\u00e7ebilmektedir. Bizimle irtibat kurarak Konu hakk\u0131nda detayl\u0131 bilgi alabilirsiniz.<\/em><\/strong><\/a><\/div>\n<\/div>\n<\/div>\n<\/div>\n<\/div><\/div>\n\n\n\n<hr class=\"wp-block-separator has-text-color has-nv-site-bg-color has-alpha-channel-opacity has-nv-site-bg-background-color has-background\"\/>\n\n\n\n<h2 class=\"has-text-align-center\">Hindistan Vizesi Almak i\u00e7in Gerekli Olan Belgeler<\/h2>\n\n\n\n<h3>Turistik Ama\u00e7l\u0131 Hindistan Vizesi Almak i\u00e7in Gerekli Olan Belgeler<\/h3>\n\n\n\n<ul class=\"has-background\" style=\"background:linear-gradient(144deg,rgb(238,238,238) 0%,rgb(169,184,195) 100%)\"><li>En az 6 ay ge\u00e7erli pasaportunuz<\/li><li>\u00d6n bilgi formu \u2013 Mail ile size iletilecektir.<\/li><li>2 Adet arka fon beyaz vesikal\u0131k foto\u011fraf<\/li><li>N\u00fcfus m\u00fcd\u00fcrl\u00fc\u011f\u00fcnden ya da E-Devletten al\u0131nm\u0131\u015f ikamet belgesi&nbsp; (E-devletten al\u0131nm\u0131\u015f barkodlu ikametgah )<\/li><li>Kimlik Fotokopisi<\/li><li>Bakiyeli ve g\u00fcncel banka hesap hareketi d\u00f6k\u00fcm\u00fc ( Son 3 ayl\u0131k )<\/li><li>Otel ve U\u00e7ak rezervasyonlar\u0131 \u2013 <em>Yok ise size bu konuda yard\u0131mc\u0131 olunabilir, L\u00fctfen Dan\u0131\u015f\u0131n\u0131z.<\/em><\/li><\/ul>\n\n\n\n<h3>Ticari Ama\u00e7l\u0131 Hindistan Vizesi Almak i\u00e7in Gerekli Olan Belgeler<\/h3>\n\n\n\n<ul class=\"has-background\" style=\"background:linear-gradient(144deg,rgb(238,238,238) 0%,rgb(169,184,195) 100%)\"><li>En az 6 ay ge\u00e7erli pasaportunuz<\/li><li>\u00d6n bilgi formu ( M\u00fcmk\u00fcn mertebe eksiksiz doldurulmal\u0131 )<\/li><li>2 Adet arka fon beyaz vesikal\u0131k foto\u011fraf<\/li><li>\u0130\u015f faaliyetine ili\u015fkin detaylar\u0131n bildirilece\u011fi form<\/li><li>Oturum izninin fotokopisi (TC Vatanda\u015flar\u0131 Harici)<\/li><li>Antetli K\u00e2\u011f\u0131da Seyahat Amac\u0131n\u0131 ve Tarihini Belirten \u0130ngilizce Dilek\u00e7e ( Ka\u015feli ve imzal\u0131 )<\/li><li>Ticari Davetiye (Davet eden firman\u0131n sicil numaras\u0131 davetiyede belirtilmi\u015f olmal\u0131)Buna ek olarak Certificate of Incorporation,\/Exporter Code Certificate,Promotion,Council Registration veya Chamber of Commerce Registration Belgesi)<\/li><li>Faaliyet Belgesi (Max 6 Ayl\u0131k)<\/li><li>Vergi Levhas\u0131 Fotokopisi<\/li><li>N\u00fcfus m\u00fcd\u00fcrl\u00fc\u011f\u00fcnden al\u0131nm\u0131\u015f ikamet belgesi<\/li><li>Kimlik Fotokopisi<\/li><li>\u015eirketin bakiyeli ve g\u00fcncel banka hesap hareketi d\u00f6k\u00fcm\u00fc ( Son 3 ayl\u0131k )<\/li><\/ul>\n\n\n\n<div class=\"is-layout-flex wp-block-buttons\"><\/div>\n\n\n\n<div class=\"is-layout-flex wp-block-buttons\">\n<div class=\"wp-block-button aligncenter\"><a class=\"wp-block-button__link\" href=\"http:\/\/www.alpegeturizm.com\/index.php\/iletisim\/\" style=\"border-radius:40px\">Evrak listeleri konsolosluklarca s\u00fcrekli g\u00fcncellenebilmekte olup, g\u00fcncel evrak listeleri i\u00e7in bizimle irtibata ge\u00e7iniz. <\/a><\/div>\n<\/div>\n\n\n\n<hr class=\"wp-block-separator has-text-color has-nv-site-bg-color has-alpha-channel-opacity has-nv-site-bg-background-color has-background\"\/>\n\n\n\n<div class=\"wp-block-cover alignfull\" style=\"min-height:399px\"><span aria-hidden=\"true\" class=\"wp-block-cover__background has-neve-text-color-background-color has-background-dim-100 has-background-dim\"><\/span><div class=\"wp-block-cover__inner-container\">\n<div style=\"height:140px\" aria-hidden=\"true\" class=\"wp-block-spacer\"><\/div>\n\n\n\n<div class=\"is-layout-flex wp-container-14 wp-block-columns\">\n<div class=\"is-layout-flow wp-block-column\">\n<div class=\"is-layout-flow wp-block-query\"><ul class=\"is-layout-flow wp-block-post-template\"><li class=\"wp-block-post post-1 post type-post status-publish format-standard hentry category-uncategorized\">\n\n<div class=\"is-layout-flex wp-container-7 wp-block-columns are-vertically-aligned-center\">\n<div class=\"is-layout-flow wp-block-column\"><div class=\"wp-block-image\">\n<figure class=\"aligncenter size-full is-resized\"><a href=\"http:\/\/www.alpegeturizm.com\/\"><img decoding=\"async\" loading=\"lazy\" src=\"http:\/\/www.alpegeturizm.com\/wp-content\/uploads\/2022\/07\/logosyah.png\" alt=\"\" class=\"wp-image-188\" width=\"327\" height=\"319\" srcset=\"http:\/\/www.alpegeturizm.com\/wp-content\/uploads\/2022\/07\/logosyah.png 381w, http:\/\/www.alpegeturizm.com\/wp-content\/uploads\/2022\/07\/logosyah-300x293.png 300w\" sizes=\"(max-width: 327px) 100vw, 327px\" \/><\/a><\/figure><\/div><\/div>\n<\/div>\n\n<\/li><\/ul><\/div>\n<\/div>\n\n\n\n<div class=\"is-layout-flow wp-block-column\">\n<h3 class=\"has-text-align-center\"><strong>SAYFALAR<\/strong><\/h3>\n\n\n\n<hr class=\"wp-block-separator has-alpha-channel-opacity\"\/>\n\n\n\n<p class=\"has-text-align-center\">Hizmetlerimiz<\/p>\n\n\n\n<p class=\"has-text-align-center\">Hakk\u0131m\u0131zda<\/p>\n\n\n\n<p class=\"has-text-align-center\">Vize \u0130\u015flemleri<\/p>\n\n\n\n<p class=\"has-text-align-center\">Vize Rejimleri<\/p>\n\n\n\n<p class=\"has-text-align-center\">\u0130leti\u015fim <\/p>\n<\/div>\n\n\n\n<div class=\"is-layout-flow wp-block-column\">\n<h3 class=\"has-text-align-center\"><strong>\u0130LET\u0130\u015e\u0130M B\u0130LG\u0130LER\u0130M\u0130Z<\/strong><\/h3>\n\n\n\n<hr class=\"wp-block-separator has-alpha-channel-opacity\"\/>\n\n\n\n<p>Telefon: 0 532 351 22 74<\/p>\n\n\n\n<p>Mail: huseyin@alpegeturizm.com<\/p>\n\n\n\n<p>Adres: D\u00fcnya Sa\u011fl\u0131k Sokak, Opera \u0130\u015f Merkezi No: 25 Zemin 1\/12 Taksim\/\u0130stanbul<\/p>\n\n\n\n<ul class=\"is-layout-flex wp-block-social-links\">\n\n\n\n\n\n\n\n<\/ul>\n<\/div>\n<\/div>\n\n\n\n<p class=\"has-text-align-center\">Copyright <strong>\u00a9 <\/strong> 2022 ALTUNEL WEB l T\u00fcm haklar\u0131 sakl\u0131d\u0131r.<\/p>\n<\/div><\/div>\n","protected":false},"excerpt":{"rendered":"<p>Hindistan Vizesi Almak i\u00e7in Gerekli Olan Belgeler Turistik Ama\u00e7l\u0131 Hindistan Vizesi Almak i\u00e7in Gerekli Olan Belgeler En az 6 ay ge\u00e7erli pasaportunuz \u00d6n bilgi formu \u2013 Mail ile size iletilecektir. 2 Adet arka fon beyaz vesikal\u0131k foto\u011fraf N\u00fcfus m\u00fcd\u00fcrl\u00fc\u011f\u00fcnden ya da E-Devletten al\u0131nm\u0131\u015f ikamet belgesi&nbsp; (E-devletten al\u0131nm\u0131\u015f barkodlu ikametgah ) Kimlik Fotokopisi Bakiyeli ve g\u00fcncel&hellip;&nbsp;<a href=\"http:\/\/www.alpegeturizm.com\/index.php\/hindistan\/\" class=\"\" rel=\"bookmark\">Daha fazlas\u0131n\u0131 oku &raquo;<span class=\"screen-reader-text\">H\u0130ND\u0130STAN<\/span><\/a><\/p>\n","protected":false},"author":1,"featured_media":0,"parent":0,"menu_order":0,"comment_status":"closed","ping_status":"closed","template":"","meta":{"neve_meta_sidebar":"","neve_meta_container":"","neve_meta_enable_content_width":"on","neve_meta_content_width":92,"neve_meta_title_alignment":"","neve_meta_author_avatar":"","neve_post_elements_order":"","neve_meta_disable_header":"","neve_meta_disable_footer":"on","neve_meta_disable_title":"on"},"yoast_head":"<!-- This site is optimized with the Yoast SEO plugin v19.7.1 - https:\/\/yoast.com\/wordpress\/plugins\/seo\/ -->\n<title>H\u0130ND\u0130STAN - ALP EGE TUR\u0130ZM<\/title>\n<meta name=\"robots\" content=\"index, follow, max-snippet:-1, max-image-preview:large, max-video-preview:-1\" \/>\n<link rel=\"canonical\" href=\"http:\/\/www.alpegeturizm.com\/index.php\/hindistan\/\" \/>\n<meta property=\"og:locale\" content=\"tr_TR\" \/>\n<meta property=\"og:type\" content=\"article\" \/>\n<meta property=\"og:title\" content=\"H\u0130ND\u0130STAN - ALP EGE TUR\u0130ZM\" \/>\n<meta property=\"og:description\" content=\"Hindistan Vizesi Almak i\u00e7in Gerekli Olan Belgeler Turistik Ama\u00e7l\u0131 Hindistan Vizesi Almak i\u00e7in Gerekli Olan Belgeler En az 6 ay ge\u00e7erli pasaportunuz \u00d6n bilgi formu \u2013 Mail ile size iletilecektir. 2 Adet arka fon beyaz vesikal\u0131k foto\u011fraf N\u00fcfus m\u00fcd\u00fcrl\u00fc\u011f\u00fcnden ya da E-Devletten al\u0131nm\u0131\u015f ikamet belgesi&nbsp; (E-devletten al\u0131nm\u0131\u015f barkodlu ikametgah ) Kimlik Fotokopisi Bakiyeli ve g\u00fcncel&hellip;&nbsp;Daha fazlas\u0131n\u0131 oku &raquo;H\u0130ND\u0130STAN\" \/>\n<meta property=\"og:url\" content=\"http:\/\/www.alpegeturizm.com\/index.php\/hindistan\/\" \/>\n<meta property=\"og:site_name\" content=\"ALP EGE TUR\u0130ZM\" \/>\n<meta property=\"article:modified_time\" content=\"2022-08-02T11:54:17+00:00\" \/>\n<meta property=\"og:image\" content=\"http:\/\/www.alpegeturizm.com\/wp-content\/uploads\/2022\/07\/logosyah.png\" \/>\n<meta name=\"twitter:card\" content=\"summary_large_image\" \/>\n<meta name=\"twitter:label1\" content=\"Tahmini okuma s\u00fcresi\" \/>\n\t<meta name=\"twitter:data1\" content=\"2 dakika\" \/>\n<script type=\"application\/ld+json\" class=\"yoast-schema-graph\">{\"@context\":\"https:\/\/schema.org\",\"@graph\":[{\"@type\":\"WebPage\",\"@id\":\"http:\/\/www.alpegeturizm.com\/index.php\/hindistan\/\",\"url\":\"http:\/\/www.alpegeturizm.com\/index.php\/hindistan\/\",\"name\":\"H\u0130ND\u0130STAN - ALP EGE TUR\u0130ZM\",\"isPartOf\":{\"@id\":\"http:\/\/www.alpegeturizm.com\/#website\"},\"datePublished\":\"2022-08-02T09:26:08+00:00\",\"dateModified\":\"2022-08-02T11:54:17+00:00\",\"breadcrumb\":{\"@id\":\"http:\/\/www.alpegeturizm.com\/index.php\/hindistan\/#breadcrumb\"},\"inLanguage\":\"tr\",\"potentialAction\":[{\"@type\":\"ReadAction\",\"target\":[\"http:\/\/www.alpegeturizm.com\/index.php\/hindistan\/\"]}]},{\"@type\":\"BreadcrumbList\",\"@id\":\"http:\/\/www.alpegeturizm.com\/index.php\/hindistan\/#breadcrumb\",\"itemListElement\":[{\"@type\":\"ListItem\",\"position\":1,\"name\":\"Anasayfa\",\"item\":\"http:\/\/www.alpegeturizm.com\/\"},{\"@type\":\"ListItem\",\"position\":2,\"name\":\"H\u0130ND\u0130STAN\"}]},{\"@type\":\"WebSite\",\"@id\":\"http:\/\/www.alpegeturizm.com\/#website\",\"url\":\"http:\/\/www.alpegeturizm.com\/\",\"name\":\"ALP EGE TUR\u0130ZM\",\"description\":\"Vize ve Dan\u0131\u015fmanl\u0131k Hizmetleri\",\"publisher\":{\"@id\":\"http:\/\/www.alpegeturizm.com\/#organization\"},\"potentialAction\":[{\"@type\":\"SearchAction\",\"target\":{\"@type\":\"EntryPoint\",\"urlTemplate\":\"http:\/\/www.alpegeturizm.com\/?s={search_term_string}\"},\"query-input\":\"required name=search_term_string\"}],\"inLanguage\":\"tr\"},{\"@type\":\"Organization\",\"@id\":\"http:\/\/www.alpegeturizm.com\/#organization\",\"name\":\"ALP EGE TUR\u0130ZM\",\"url\":\"http:\/\/www.alpegeturizm.com\/\",\"sameAs\":[],\"logo\":{\"@type\":\"ImageObject\",\"inLanguage\":\"tr\",\"@id\":\"http:\/\/www.alpegeturizm.com\/#\/schema\/logo\/image\/\",\"url\":\"http:\/\/www.alpegeturizm.com\/wp-content\/uploads\/2022\/07\/InkedWhatsApp-Image-2022-07-26-at-4.22.38-PM-1.jpg\",\"contentUrl\":\"http:\/\/www.alpegeturizm.com\/wp-content\/uploads\/2022\/07\/InkedWhatsApp-Image-2022-07-26-at-4.22.38-PM-1.jpg\",\"width\":1024,\"height\":452,\"caption\":\"ALP EGE TUR\u0130ZM\"},\"image\":{\"@id\":\"http:\/\/www.alpegeturizm.com\/#\/schema\/logo\/image\/\"}}]}<\/script>\n<!-- \/ Yoast SEO plugin. -->","yoast_head_json":{"title":"H\u0130ND\u0130STAN - ALP EGE TUR\u0130ZM","robots":{"index":"index","follow":"follow","max-snippet":"max-snippet:-1","max-image-preview":"max-image-preview:large","max-video-preview":"max-video-preview:-1"},"canonical":"http:\/\/www.alpegeturizm.com\/index.php\/hindistan\/","og_locale":"tr_TR","og_type":"article","og_title":"H\u0130ND\u0130STAN - ALP EGE TUR\u0130ZM","og_description":"Hindistan Vizesi Almak i\u00e7in Gerekli Olan Belgeler Turistik Ama\u00e7l\u0131 Hindistan Vizesi Almak i\u00e7in Gerekli Olan Belgeler En az 6 ay ge\u00e7erli pasaportunuz \u00d6n bilgi formu \u2013 Mail ile size iletilecektir. 2 Adet arka fon beyaz vesikal\u0131k foto\u011fraf N\u00fcfus m\u00fcd\u00fcrl\u00fc\u011f\u00fcnden ya da E-Devletten al\u0131nm\u0131\u015f ikamet belgesi&nbsp; (E-devletten al\u0131nm\u0131\u015f barkodlu ikametgah ) Kimlik Fotokopisi Bakiyeli ve g\u00fcncel&hellip;&nbsp;Daha fazlas\u0131n\u0131 oku &raquo;H\u0130ND\u0130STAN","og_url":"http:\/\/www.alpegeturizm.com\/index.php\/hindistan\/","og_site_name":"ALP EGE TUR\u0130ZM","article_modified_time":"2022-08-02T11:54:17+00:00","og_image":[{"url":"http:\/\/www.alpegeturizm.com\/wp-content\/uploads\/2022\/07\/logosyah.png"}],"twitter_card":"summary_large_image","twitter_misc":{"Tahmini okuma s\u00fcresi":"2 dakika"},"schema":{"@context":"https:\/\/schema.org","@graph":[{"@type":"WebPage","@id":"http:\/\/www.alpegeturizm.com\/index.php\/hindistan\/","url":"http:\/\/www.alpegeturizm.com\/index.php\/hindistan\/","name":"H\u0130ND\u0130STAN - ALP EGE TUR\u0130ZM","isPartOf":{"@id":"http:\/\/www.alpegeturizm.com\/#website"},"datePublished":"2022-08-02T09:26:08+00:00","dateModified":"2022-08-02T11:54:17+00:00","breadcrumb":{"@id":"http:\/\/www.alpegeturizm.com\/index.php\/hindistan\/#breadcrumb"},"inLanguage":"tr","potentialAction":[{"@type":"ReadAction","target":["http:\/\/www.alpegeturizm.com\/index.php\/hindistan\/"]}]},{"@type":"BreadcrumbList","@id":"http:\/\/www.alpegeturizm.com\/index.php\/hindistan\/#breadcrumb","itemListElement":[{"@type":"ListItem","position":1,"name":"Anasayfa","item":"http:\/\/www.alpegeturizm.com\/"},{"@type":"ListItem","position":2,"name":"H\u0130ND\u0130STAN"}]},{"@type":"WebSite","@id":"http:\/\/www.alpegeturizm.com\/#website","url":"http:\/\/www.alpegeturizm.com\/","name":"ALP EGE TUR\u0130ZM","description":"Vize ve Dan\u0131\u015fmanl\u0131k Hizmetleri","publisher":{"@id":"http:\/\/www.alpegeturizm.com\/#organization"},"potentialAction":[{"@type":"SearchAction","target":{"@type":"EntryPoint","urlTemplate":"http:\/\/www.alpegeturizm.com\/?s={search_term_string}"},"query-input":"required name=search_term_string"}],"inLanguage":"tr"},{"@type":"Organization","@id":"http:\/\/www.alpegeturizm.com\/#organization","name":"ALP EGE TUR\u0130ZM","url":"http:\/\/www.alpegeturizm.com\/","sameAs":[],"logo":{"@type":"ImageObject","inLanguage":"tr","@id":"http:\/\/www.alpegeturizm.com\/#\/schema\/logo\/image\/","url":"http:\/\/www.alpegeturizm.com\/wp-content\/uploads\/2022\/07\/InkedWhatsApp-Image-2022-07-26-at-4.22.38-PM-1.jpg","contentUrl":"http:\/\/www.alpegeturizm.com\/wp-content\/uploads\/2022\/07\/InkedWhatsApp-Image-2022-07-26-at-4.22.38-PM-1.jpg","width":1024,"height":452,"caption":"ALP EGE TUR\u0130ZM"},"image":{"@id":"http:\/\/www.alpegeturizm.com\/#\/schema\/logo\/image\/"}}]}},"_links":{"self":[{"href":"http:\/\/www.alpegeturizm.com\/index.php\/wp-json\/wp\/v2\/pages\/414"}],"collection":[{"href":"http:\/\/www.alpegeturizm.com\/index.php\/wp-json\/wp\/v2\/pages"}],"about":[{"href":"http:\/\/www.alpegeturizm.com\/index.php\/wp-json\/wp\/v2\/types\/page"}],"author":[{"embeddable":true,"href":"http:\/\/www.alpegeturizm.com\/index.php\/wp-json\/wp\/v2\/users\/1"}],"replies":[{"embeddable":true,"href":"http:\/\/www.alpegeturizm.com\/index.php\/wp-json\/wp\/v2\/comments?post=414"}],"version-history":[{"count":4,"href":"http:\/\/www.alpegeturizm.com\/index.php\/wp-json\/wp\/v2\/pages\/414\/revisions"}],"predecessor-version":[{"id":476,"href":"http:\/\/www.alpegeturizm.com\/index.php\/wp-json\/wp\/v2\/pages\/414\/revisions\/476"}],"wp:attachment":[{"href":"http:\/\/www.alpegeturizm.com\/index.php\/wp-json\/wp\/v2\/media?parent=414"}],"curies":[{"name":"wp","href":"https:\/\/api.w.org\/{rel}","templated":true}]}}