{"id":410,"date":"2022-08-02T09:13:05","date_gmt":"2022-08-02T09:13:05","guid":{"rendered":"http:\/\/www.alpegeturizm.com\/?page_id=410"},"modified":"2022-08-02T11:55:55","modified_gmt":"2022-08-02T11:55:55","slug":"isvicre","status":"publish","type":"page","link":"http:\/\/www.alpegeturizm.com\/index.php\/isvicre\/","title":{"rendered":"\u0130SV\u0130\u00c7RE"},"content":{"rendered":"\n<p><\/p>\n\n\n\n<div class=\"wp-block-cover alignfull is-light has-parallax\" style=\"background-image:url(http:\/\/www.alpegeturizm.com\/wp-content\/uploads\/2022\/08\/isvicre-nin-kasabalari-gol-manzarasi.jpg);min-height:394px\"><span aria-hidden=\"true\" class=\"wp-block-cover__background has-background-dim-40 has-background-dim\" style=\"background-color:#000000\"><\/span><div class=\"wp-block-cover__inner-container\">\n<h2 class=\"alignwide has-white-color has-text-color\" style=\"font-size:48px;line-height:1.2\"><strong><em>\u0130SV\u0130\u00c7RE V\u0130ZES\u0130<\/em><\/strong><\/h2>\n\n\n\n<div class=\"is-layout-flex wp-container-3 wp-block-columns alignwide\">\n<div class=\"is-layout-flow wp-block-column\" style=\"flex-basis:60%\"><\/div>\n\n\n\n<div class=\"is-layout-flow wp-block-column\"><\/div>\n<\/div>\n<\/div><\/div>\n\n\n\n<hr class=\"wp-block-separator has-text-color has-nv-site-bg-color has-alpha-channel-opacity has-nv-site-bg-background-color has-background\"\/>\n\n\n\n<h2 class=\"has-text-align-center\">\u0130svi\u00e7re Vizesi Almak i\u00e7in Gerekli Olan Belgeler<\/h2>\n\n\n\n<ul class=\"has-background\" style=\"background:linear-gradient(144deg,rgb(238,238,238) 0%,rgb(169,184,195) 100%)\"><li>En az 6 ay ge\u00e7erli pasaport varsa eski pasaportlar<\/li><li>2 adet Biometrik Foto\u011fraf<\/li><li>Otel, u\u00e7ak rezervasyonlar\u0131<\/li><li>Seyahat sa\u011fl\u0131k sigortas\u0131 <em>(Bizim taraf\u0131m\u0131zdan yapt\u0131r\u0131lacakt\u0131r)<\/em><\/li><li>Banka Hesap C\u00fczdan\u0131,(Son 3 ay orijinal)&nbsp; Tapu, Ara\u00e7 Ruhsat\u0131 gibi maddi gelir durumunu \u00f6zetleyen evraklar<\/li><li>Ticari Ziyaretler i\u00e7in Davetiye<\/li><li>Konsolosluk \u00f6demeleri pe\u015fin yap\u0131ld\u0131\u011f\u0131ndan, Vize \u00dccretleri evraklar ile birlikte g\u00f6nderilmelidir.<\/li><li>Aile ziyaretlerinde davet eden ki\u015fiden davetiye ve davet eden ki\u015finin oturum kimlik fotokopisi<\/li><li>Aile ziyaretlerinde ba\u015fvuru sahibine ait tam vukuatl\u0131 n\u00fcfus kay\u0131t \u00f6rne\u011fi<\/li><li>Antetli K\u00e2\u011f\u0131da Dilek\u00e7e, Ticari Ziyaretler i\u00e7in \u0130ngilizce yaz\u0131lacakt\u0131r.<\/li><li>\u0130mza Sirk\u00fcleri Fotokopisi<\/li><li>Vergi levhas\u0131n\u0131n fotokopisi (vergi levhas\u0131 zarar veya yeni tescil ise; \u015firketin banka hesap c\u00fczdan fotokopileri ve bil\u00e2n\u00e7osu)<\/li><li>Faaliyet Belgesi fotokopisi (Max. 6 ayl\u0131k)<\/li><li>Ticaret Sicil Gazetesi Fotokopisi<\/li><li>Antetli K\u00e2\u011f\u0131da Dilek\u00e7e, Ticari Ziyaretler i\u00e7in \u0130ngilizce yaz\u0131lacakt\u0131r.<\/li><li>\u0130mza Sirk\u00fcleri Fotokopisi<\/li><li>Vergi levhas\u0131n\u0131n fotokopisi (vergi levhas\u0131 zarar veya yeni tescil ise; \u015firketin banka hesap c\u00fczdan fotokopileri ve bil\u00e2n\u00e7osu)<\/li><li>Faaliyet Belgesi Fotokopisi (Max. 6 ayl\u0131k)<\/li><li>Ticaret Sicil Gazetesi Fotokopisi<\/li><li>Sigortal\u0131 i\u015fe giri\u015f bildirgesi<\/li><li>SGK veya BA\u011e-KUR Prim D\u00f6k\u00fcm\u00fc&nbsp; (\u0130\u015f verenler i\u00e7in )<\/li><li>Maa\u015f Bordrosu 3 ayl\u0131k, \u015eirketten ka\u015fe imzal\u0131<\/li><li>E-Devletten Barkodlu SGK hizmet d\u00f6k\u00fcm\u00fc<\/li><\/ul>\n\n\n\n<div class=\"is-layout-flex wp-block-buttons\">\n<div class=\"wp-block-button aligncenter\"><a class=\"wp-block-button__link\" href=\"http:\/\/www.alpegeturizm.com\/index.php\/iletisim\/\" style=\"border-radius:40px\">Evrak listeleri konsolosluklarca s\u00fcrekli g\u00fcncellenebilmekte olup, g\u00fcncel evrak listeleri i\u00e7in bizimle irtibata ge\u00e7iniz. <\/a><\/div>\n<\/div>\n\n\n\n<hr class=\"wp-block-separator has-text-color has-nv-site-bg-color has-alpha-channel-opacity has-nv-site-bg-background-color has-background\"\/>\n\n\n\n<div class=\"wp-block-cover alignfull\" style=\"min-height:399px\"><span aria-hidden=\"true\" class=\"wp-block-cover__background has-neve-text-color-background-color has-background-dim-100 has-background-dim\"><\/span><div class=\"wp-block-cover__inner-container\">\n<div style=\"height:140px\" aria-hidden=\"true\" class=\"wp-block-spacer\"><\/div>\n\n\n\n<div class=\"is-layout-flex wp-container-13 wp-block-columns\">\n<div class=\"is-layout-flow wp-block-column\">\n<div class=\"is-layout-flow wp-block-query\"><ul class=\"is-layout-flow wp-block-post-template\"><li class=\"wp-block-post post-1 post type-post status-publish format-standard hentry category-uncategorized\">\n\n<div class=\"is-layout-flex wp-container-6 wp-block-columns are-vertically-aligned-center\">\n<div class=\"is-layout-flow wp-block-column\"><div class=\"wp-block-image\">\n<figure class=\"aligncenter size-full is-resized\"><a href=\"http:\/\/www.alpegeturizm.com\/\"><img decoding=\"async\" loading=\"lazy\" src=\"http:\/\/www.alpegeturizm.com\/wp-content\/uploads\/2022\/07\/logosyah.png\" alt=\"\" class=\"wp-image-188\" width=\"327\" height=\"319\" srcset=\"http:\/\/www.alpegeturizm.com\/wp-content\/uploads\/2022\/07\/logosyah.png 381w, http:\/\/www.alpegeturizm.com\/wp-content\/uploads\/2022\/07\/logosyah-300x293.png 300w\" sizes=\"(max-width: 327px) 100vw, 327px\" \/><\/a><\/figure><\/div><\/div>\n<\/div>\n\n<\/li><\/ul><\/div>\n<\/div>\n\n\n\n<div class=\"is-layout-flow wp-block-column\">\n<h3 class=\"has-text-align-center\"><strong>SAYFALAR<\/strong><\/h3>\n\n\n\n<hr class=\"wp-block-separator has-alpha-channel-opacity\"\/>\n\n\n\n<p class=\"has-text-align-center\">Hizmetlerimiz<\/p>\n\n\n\n<p class=\"has-text-align-center\">Hakk\u0131m\u0131zda<\/p>\n\n\n\n<p class=\"has-text-align-center\">Vize \u0130\u015flemleri<\/p>\n\n\n\n<p class=\"has-text-align-center\">Vize Rejimleri<\/p>\n\n\n\n<p class=\"has-text-align-center\">\u0130leti\u015fim <\/p>\n<\/div>\n\n\n\n<div class=\"is-layout-flow wp-block-column\">\n<h3 class=\"has-text-align-center\"><strong>\u0130LET\u0130\u015e\u0130M B\u0130LG\u0130LER\u0130M\u0130Z<\/strong><\/h3>\n\n\n\n<hr class=\"wp-block-separator has-alpha-channel-opacity\"\/>\n\n\n\n<p>Telefon: 0 532 351 22 74<\/p>\n\n\n\n<p>Mail: huseyin@alpegeturizm.com<\/p>\n\n\n\n<p>Adres: D\u00fcnya Sa\u011fl\u0131k Sokak, Opera \u0130\u015f Merkezi No: 25 Zemin 1\/12 Taksim\/\u0130stanbul<\/p>\n\n\n\n<ul class=\"is-layout-flex wp-block-social-links\">\n\n\n\n\n\n\n\n<\/ul>\n<\/div>\n<\/div>\n\n\n\n<p class=\"has-text-align-center\">Copyright <strong>\u00a9 <\/strong> 2022 ALTUNEL WEB l T\u00fcm haklar\u0131 sakl\u0131d\u0131r.<\/p>\n<\/div><\/div>\n","protected":false},"excerpt":{"rendered":"<p>\u0130svi\u00e7re Vizesi Almak i\u00e7in Gerekli Olan Belgeler En az 6 ay ge\u00e7erli pasaport varsa eski pasaportlar 2 adet Biometrik Foto\u011fraf Otel, u\u00e7ak rezervasyonlar\u0131 Seyahat sa\u011fl\u0131k sigortas\u0131 (Bizim taraf\u0131m\u0131zdan yapt\u0131r\u0131lacakt\u0131r) Banka Hesap C\u00fczdan\u0131,(Son 3 ay orijinal)&nbsp; Tapu, Ara\u00e7 Ruhsat\u0131 gibi maddi gelir durumunu \u00f6zetleyen evraklar Ticari Ziyaretler i\u00e7in Davetiye Konsolosluk \u00f6demeleri pe\u015fin yap\u0131ld\u0131\u011f\u0131ndan, Vize \u00dccretleri evraklar&hellip;&nbsp;<a href=\"http:\/\/www.alpegeturizm.com\/index.php\/isvicre\/\" class=\"\" rel=\"bookmark\">Daha fazlas\u0131n\u0131 oku &raquo;<span class=\"screen-reader-text\">\u0130SV\u0130\u00c7RE<\/span><\/a><\/p>\n","protected":false},"author":1,"featured_media":0,"parent":0,"menu_order":0,"comment_status":"closed","ping_status":"closed","template":"","meta":{"neve_meta_sidebar":"","neve_meta_container":"","neve_meta_enable_content_width":"on","neve_meta_content_width":93,"neve_meta_title_alignment":"","neve_meta_author_avatar":"","neve_post_elements_order":"","neve_meta_disable_header":"","neve_meta_disable_footer":"on","neve_meta_disable_title":"on"},"yoast_head":"<!-- This site is optimized with the Yoast SEO plugin v19.7.1 - https:\/\/yoast.com\/wordpress\/plugins\/seo\/ -->\n<title>\u0130SV\u0130\u00c7RE - ALP EGE TUR\u0130ZM<\/title>\n<meta name=\"robots\" content=\"index, follow, max-snippet:-1, max-image-preview:large, max-video-preview:-1\" \/>\n<link rel=\"canonical\" href=\"http:\/\/www.alpegeturizm.com\/index.php\/isvicre\/\" \/>\n<meta property=\"og:locale\" content=\"tr_TR\" \/>\n<meta property=\"og:type\" content=\"article\" \/>\n<meta property=\"og:title\" content=\"\u0130SV\u0130\u00c7RE - ALP EGE TUR\u0130ZM\" \/>\n<meta property=\"og:description\" content=\"\u0130svi\u00e7re Vizesi Almak i\u00e7in Gerekli Olan Belgeler En az 6 ay ge\u00e7erli pasaport varsa eski pasaportlar 2 adet Biometrik Foto\u011fraf Otel, u\u00e7ak rezervasyonlar\u0131 Seyahat sa\u011fl\u0131k sigortas\u0131 (Bizim taraf\u0131m\u0131zdan yapt\u0131r\u0131lacakt\u0131r) Banka Hesap C\u00fczdan\u0131,(Son 3 ay orijinal)&nbsp; Tapu, Ara\u00e7 Ruhsat\u0131 gibi maddi gelir durumunu \u00f6zetleyen evraklar Ticari Ziyaretler i\u00e7in Davetiye Konsolosluk \u00f6demeleri pe\u015fin yap\u0131ld\u0131\u011f\u0131ndan, Vize \u00dccretleri evraklar&hellip;&nbsp;Daha fazlas\u0131n\u0131 oku &raquo;\u0130SV\u0130\u00c7RE\" \/>\n<meta property=\"og:url\" content=\"http:\/\/www.alpegeturizm.com\/index.php\/isvicre\/\" \/>\n<meta property=\"og:site_name\" content=\"ALP EGE TUR\u0130ZM\" \/>\n<meta property=\"article:modified_time\" content=\"2022-08-02T11:55:55+00:00\" \/>\n<meta property=\"og:image\" content=\"http:\/\/www.alpegeturizm.com\/wp-content\/uploads\/2022\/07\/logosyah.png\" \/>\n<meta name=\"twitter:card\" content=\"summary_large_image\" \/>\n<meta name=\"twitter:label1\" content=\"Tahmini okuma s\u00fcresi\" \/>\n\t<meta name=\"twitter:data1\" content=\"1 dakika\" \/>\n<script type=\"application\/ld+json\" class=\"yoast-schema-graph\">{\"@context\":\"https:\/\/schema.org\",\"@graph\":[{\"@type\":\"WebPage\",\"@id\":\"http:\/\/www.alpegeturizm.com\/index.php\/isvicre\/\",\"url\":\"http:\/\/www.alpegeturizm.com\/index.php\/isvicre\/\",\"name\":\"\u0130SV\u0130\u00c7RE - ALP EGE TUR\u0130ZM\",\"isPartOf\":{\"@id\":\"http:\/\/www.alpegeturizm.com\/#website\"},\"datePublished\":\"2022-08-02T09:13:05+00:00\",\"dateModified\":\"2022-08-02T11:55:55+00:00\",\"breadcrumb\":{\"@id\":\"http:\/\/www.alpegeturizm.com\/index.php\/isvicre\/#breadcrumb\"},\"inLanguage\":\"tr\",\"potentialAction\":[{\"@type\":\"ReadAction\",\"target\":[\"http:\/\/www.alpegeturizm.com\/index.php\/isvicre\/\"]}]},{\"@type\":\"BreadcrumbList\",\"@id\":\"http:\/\/www.alpegeturizm.com\/index.php\/isvicre\/#breadcrumb\",\"itemListElement\":[{\"@type\":\"ListItem\",\"position\":1,\"name\":\"Anasayfa\",\"item\":\"http:\/\/www.alpegeturizm.com\/\"},{\"@type\":\"ListItem\",\"position\":2,\"name\":\"\u0130SV\u0130\u00c7RE\"}]},{\"@type\":\"WebSite\",\"@id\":\"http:\/\/www.alpegeturizm.com\/#website\",\"url\":\"http:\/\/www.alpegeturizm.com\/\",\"name\":\"ALP EGE TUR\u0130ZM\",\"description\":\"Vize ve Dan\u0131\u015fmanl\u0131k Hizmetleri\",\"publisher\":{\"@id\":\"http:\/\/www.alpegeturizm.com\/#organization\"},\"potentialAction\":[{\"@type\":\"SearchAction\",\"target\":{\"@type\":\"EntryPoint\",\"urlTemplate\":\"http:\/\/www.alpegeturizm.com\/?s={search_term_string}\"},\"query-input\":\"required name=search_term_string\"}],\"inLanguage\":\"tr\"},{\"@type\":\"Organization\",\"@id\":\"http:\/\/www.alpegeturizm.com\/#organization\",\"name\":\"ALP EGE TUR\u0130ZM\",\"url\":\"http:\/\/www.alpegeturizm.com\/\",\"sameAs\":[],\"logo\":{\"@type\":\"ImageObject\",\"inLanguage\":\"tr\",\"@id\":\"http:\/\/www.alpegeturizm.com\/#\/schema\/logo\/image\/\",\"url\":\"http:\/\/www.alpegeturizm.com\/wp-content\/uploads\/2022\/07\/InkedWhatsApp-Image-2022-07-26-at-4.22.38-PM-1.jpg\",\"contentUrl\":\"http:\/\/www.alpegeturizm.com\/wp-content\/uploads\/2022\/07\/InkedWhatsApp-Image-2022-07-26-at-4.22.38-PM-1.jpg\",\"width\":1024,\"height\":452,\"caption\":\"ALP EGE TUR\u0130ZM\"},\"image\":{\"@id\":\"http:\/\/www.alpegeturizm.com\/#\/schema\/logo\/image\/\"}}]}<\/script>\n<!-- \/ Yoast SEO plugin. -->","yoast_head_json":{"title":"\u0130SV\u0130\u00c7RE - ALP EGE TUR\u0130ZM","robots":{"index":"index","follow":"follow","max-snippet":"max-snippet:-1","max-image-preview":"max-image-preview:large","max-video-preview":"max-video-preview:-1"},"canonical":"http:\/\/www.alpegeturizm.com\/index.php\/isvicre\/","og_locale":"tr_TR","og_type":"article","og_title":"\u0130SV\u0130\u00c7RE - ALP EGE TUR\u0130ZM","og_description":"\u0130svi\u00e7re Vizesi Almak i\u00e7in Gerekli Olan Belgeler En az 6 ay ge\u00e7erli pasaport varsa eski pasaportlar 2 adet Biometrik Foto\u011fraf Otel, u\u00e7ak rezervasyonlar\u0131 Seyahat sa\u011fl\u0131k sigortas\u0131 (Bizim taraf\u0131m\u0131zdan yapt\u0131r\u0131lacakt\u0131r) Banka Hesap C\u00fczdan\u0131,(Son 3 ay orijinal)&nbsp; Tapu, Ara\u00e7 Ruhsat\u0131 gibi maddi gelir durumunu \u00f6zetleyen evraklar Ticari Ziyaretler i\u00e7in Davetiye Konsolosluk \u00f6demeleri pe\u015fin yap\u0131ld\u0131\u011f\u0131ndan, Vize \u00dccretleri evraklar&hellip;&nbsp;Daha fazlas\u0131n\u0131 oku &raquo;\u0130SV\u0130\u00c7RE","og_url":"http:\/\/www.alpegeturizm.com\/index.php\/isvicre\/","og_site_name":"ALP EGE TUR\u0130ZM","article_modified_time":"2022-08-02T11:55:55+00:00","og_image":[{"url":"http:\/\/www.alpegeturizm.com\/wp-content\/uploads\/2022\/07\/logosyah.png"}],"twitter_card":"summary_large_image","twitter_misc":{"Tahmini okuma s\u00fcresi":"1 dakika"},"schema":{"@context":"https:\/\/schema.org","@graph":[{"@type":"WebPage","@id":"http:\/\/www.alpegeturizm.com\/index.php\/isvicre\/","url":"http:\/\/www.alpegeturizm.com\/index.php\/isvicre\/","name":"\u0130SV\u0130\u00c7RE - ALP EGE TUR\u0130ZM","isPartOf":{"@id":"http:\/\/www.alpegeturizm.com\/#website"},"datePublished":"2022-08-02T09:13:05+00:00","dateModified":"2022-08-02T11:55:55+00:00","breadcrumb":{"@id":"http:\/\/www.alpegeturizm.com\/index.php\/isvicre\/#breadcrumb"},"inLanguage":"tr","potentialAction":[{"@type":"ReadAction","target":["http:\/\/www.alpegeturizm.com\/index.php\/isvicre\/"]}]},{"@type":"BreadcrumbList","@id":"http:\/\/www.alpegeturizm.com\/index.php\/isvicre\/#breadcrumb","itemListElement":[{"@type":"ListItem","position":1,"name":"Anasayfa","item":"http:\/\/www.alpegeturizm.com\/"},{"@type":"ListItem","position":2,"name":"\u0130SV\u0130\u00c7RE"}]},{"@type":"WebSite","@id":"http:\/\/www.alpegeturizm.com\/#website","url":"http:\/\/www.alpegeturizm.com\/","name":"ALP EGE TUR\u0130ZM","description":"Vize ve Dan\u0131\u015fmanl\u0131k Hizmetleri","publisher":{"@id":"http:\/\/www.alpegeturizm.com\/#organization"},"potentialAction":[{"@type":"SearchAction","target":{"@type":"EntryPoint","urlTemplate":"http:\/\/www.alpegeturizm.com\/?s={search_term_string}"},"query-input":"required name=search_term_string"}],"inLanguage":"tr"},{"@type":"Organization","@id":"http:\/\/www.alpegeturizm.com\/#organization","name":"ALP EGE TUR\u0130ZM","url":"http:\/\/www.alpegeturizm.com\/","sameAs":[],"logo":{"@type":"ImageObject","inLanguage":"tr","@id":"http:\/\/www.alpegeturizm.com\/#\/schema\/logo\/image\/","url":"http:\/\/www.alpegeturizm.com\/wp-content\/uploads\/2022\/07\/InkedWhatsApp-Image-2022-07-26-at-4.22.38-PM-1.jpg","contentUrl":"http:\/\/www.alpegeturizm.com\/wp-content\/uploads\/2022\/07\/InkedWhatsApp-Image-2022-07-26-at-4.22.38-PM-1.jpg","width":1024,"height":452,"caption":"ALP EGE TUR\u0130ZM"},"image":{"@id":"http:\/\/www.alpegeturizm.com\/#\/schema\/logo\/image\/"}}]}},"_links":{"self":[{"href":"http:\/\/www.alpegeturizm.com\/index.php\/wp-json\/wp\/v2\/pages\/410"}],"collection":[{"href":"http:\/\/www.alpegeturizm.com\/index.php\/wp-json\/wp\/v2\/pages"}],"about":[{"href":"http:\/\/www.alpegeturizm.com\/index.php\/wp-json\/wp\/v2\/types\/page"}],"author":[{"embeddable":true,"href":"http:\/\/www.alpegeturizm.com\/index.php\/wp-json\/wp\/v2\/users\/1"}],"replies":[{"embeddable":true,"href":"http:\/\/www.alpegeturizm.com\/index.php\/wp-json\/wp\/v2\/comments?post=410"}],"version-history":[{"count":3,"href":"http:\/\/www.alpegeturizm.com\/index.php\/wp-json\/wp\/v2\/pages\/410\/revisions"}],"predecessor-version":[{"id":480,"href":"http:\/\/www.alpegeturizm.com\/index.php\/wp-json\/wp\/v2\/pages\/410\/revisions\/480"}],"wp:attachment":[{"href":"http:\/\/www.alpegeturizm.com\/index.php\/wp-json\/wp\/v2\/media?parent=410"}],"curies":[{"name":"wp","href":"https:\/\/api.w.org\/{rel}","templated":true}]}}