{"id":376,"date":"2022-08-02T08:15:46","date_gmt":"2022-08-02T08:15:46","guid":{"rendered":"http:\/\/www.alpegeturizm.com\/?page_id=376"},"modified":"2022-08-02T11:55:21","modified_gmt":"2022-08-02T11:55:21","slug":"ingiltere","status":"publish","type":"page","link":"http:\/\/www.alpegeturizm.com\/index.php\/ingiltere\/","title":{"rendered":"\u0130NG\u0130LTERE"},"content":{"rendered":"\n<div class=\"wp-block-cover alignfull is-light has-parallax\" style=\"background-image:url(http:\/\/www.alpegeturizm.com\/wp-content\/uploads\/2022\/08\/ingiltere_6195_38911.webp);min-height:314px\"><span aria-hidden=\"true\" class=\"wp-block-cover__background has-background-dim-40 has-background-dim\" style=\"background-color:#000000\"><\/span><div class=\"wp-block-cover__inner-container\">\n<p><\/p>\n\n\n\n<h2 class=\"alignwide has-white-color has-text-color\" style=\"font-size:48px;line-height:1.2\"><strong><em>\u0130NG\u0130LTERE V\u0130ZES\u0130<\/em><\/strong><\/h2>\n\n\n\n<div class=\"is-layout-flex wp-container-3 wp-block-columns alignwide\">\n<div class=\"is-layout-flow wp-block-column\" style=\"flex-basis:60%\">\n<p class=\"has-nv-site-bg-color has-text-color\">Birle\u015fik Krall\u0131k\u2019\u0131 meydana getiren d\u00f6rt \u00fclkeden en b\u00fcy\u00fck ve merkez\u00ee olan \u0130ngiltere &nbsp;asl\u0131nda&nbsp;siyas\u00ee bir &nbsp;olu\u015fumu &nbsp;veya h\u00fck\u00fcmeti olan bir kavram de\u011fildir.<\/p>\n\n\n\n<div class=\"is-layout-flex wp-block-buttons\">\n<div class=\"wp-block-button is-style-outline\"><a class=\"wp-block-button__link has-text-color has-background\" style=\"border-radius:30px;background:linear-gradient(135deg,rgb(255,245,203) 0%,rgb(182,227,212) 37%,rgb(51,167,181) 100%);color:#ffffff\">Son 5 y\u0131l i\u00e7erisinde \u0130ngiltere, Amerika, Kanada, Yeni Zelanda gibi \u00fclkelere giri\u015f \u00e7\u0131k\u0131\u015f yapm\u0131\u015f olan turistik ama\u00e7l\u0131 seyahat edecek yolcular ve bu \u015fartlar aranmaks\u0131z\u0131n ticari ama\u00e7l\u0131 seyahat edecek olan yolcular \u00fccret fark\u0131n\u0131 \u00f6deyerek ekspres (72 saat) ve s\u00fcper ekspres (1 i\u015f g\u00fcn\u00fc) vize hizmetlerinden faydalanabilmektedirler. <strong>&nbsp;<\/strong>\u0130ngiltere vizesi m\u00fcracaat sonras\u0131nda en ge\u00e7 3 hafta i\u00e7erisinde size ula\u015ft\u0131r\u0131labilmektedir.<\/a><\/div>\n<\/div>\n<\/div>\n<\/div>\n<\/div><\/div>\n\n\n\n<hr class=\"wp-block-separator has-text-color has-nv-site-bg-color has-alpha-channel-opacity has-nv-site-bg-background-color has-background\"\/>\n\n\n\n<h2 class=\"has-text-align-center\">\u0130ngiltere Vizesi Almak i\u00e7in Gerekli Olan Belgeler<\/h2>\n\n\n\n<ul type=\"1\" class=\"has-background\" style=\"background:linear-gradient(144deg,rgb(238,238,238) 0%,rgb(169,184,195) 100%)\"><li>Antetli Ka\u011f\u0131da Konsoloslu\u011fa Hitaben \u0130ngilizce Dilek\u00e7e<\/li><li>Antetli Ka\u011f\u0131da \u0130sme Davetiye Faks\u0131<\/li><li>Faaliyet Belgesi ( 3 aydan eski de\u011fil )<\/li><li>\u0130mza Sirk\u00fcleri<\/li><li>Vergi Levhas\u0131<\/li><li>Ticari Sicil Gazetesi<\/li><li>SGK \u0130\u015fe Giri\u015f Bildirgesi<\/li><li>SGK Hizmet Cetveli D\u00f6k\u00fcm\u00fc<\/li><li>Son 3 Ay Maa\u015f Bordrosu ( Islak \u0130mzal\u0131 ve Ka\u015feli )<\/li><li>2 Adet Beyaz Fonlu Vesikal\u0131k Resim ( Son 1 Ay \u0130\u00e7inde \u00c7ekilmi\u015f, Resmin \u00dczerinde Foto\u011fraf St\u00fcdyosunun Reklam\u0131 Olmamal\u0131 )<\/li><li>N\u00fcfus C\u00fczdan\u0131 Fotokopisi<\/li><li>Son 3 Ayl\u0131k Hesap Hareketlerini G\u00f6sterir Orijinal Banka D\u00f6k\u00fcm\u00fc<\/li><li>Otel Rezervasyonu<\/li><li>U\u00e7u\u015f Rezervasyonu<\/li><li>Pasaport ( Seyahat D\u00f6n\u00fc\u015f\u00fcnden \u0130tibaren En Az 6 Ay Daha Ge\u00e7erli, Bo\u015f Bir Vize Sayfas\u0131 ve Yolcu Taraf\u0131ndan \u0130mzalanm\u0131\u015f Olmal\u0131 )<\/li><li>T\u00fcm Ba\u015fvurular Parmak \u0130zi Uygulamas\u0131 Nedeni ile \u015eahsen Yap\u0131lmal\u0131<\/li><li>Pasaport Fotokopisi, T\u00fcm Vizeli Sayfalar Dahil.<\/li><\/ul>\n\n\n\n<div class=\"is-layout-flex wp-block-buttons\">\n<div class=\"wp-block-button aligncenter\"><a class=\"wp-block-button__link\" href=\"http:\/\/www.alpegeturizm.com\/index.php\/iletisim\/\" style=\"border-radius:40px\">Evrak listeleri konsolosluklarca s\u00fcrekli g\u00fcncellenebilmekte olup, g\u00fcncel evrak listeleri i\u00e7in bizimle irtibata ge\u00e7iniz. <\/a><\/div>\n<\/div>\n\n\n\n<hr class=\"wp-block-separator has-text-color has-nv-site-bg-color has-alpha-channel-opacity has-nv-site-bg-background-color has-background\"\/>\n\n\n\n<div class=\"wp-block-cover alignfull\" style=\"min-height:399px\"><span aria-hidden=\"true\" class=\"wp-block-cover__background has-neve-text-color-background-color has-background-dim-100 has-background-dim\"><\/span><div class=\"wp-block-cover__inner-container\">\n<div style=\"height:140px\" aria-hidden=\"true\" class=\"wp-block-spacer\"><\/div>\n\n\n\n<div class=\"is-layout-flex wp-container-13 wp-block-columns\">\n<div class=\"is-layout-flow wp-block-column\">\n<div class=\"is-layout-flow wp-block-query\"><ul class=\"is-layout-flow wp-block-post-template\"><li class=\"wp-block-post post-1 post type-post status-publish format-standard hentry category-uncategorized\">\n\n<div class=\"is-layout-flex wp-container-6 wp-block-columns are-vertically-aligned-center\">\n<div class=\"is-layout-flow wp-block-column\"><div class=\"wp-block-image\">\n<figure class=\"aligncenter size-full is-resized\"><a href=\"http:\/\/www.alpegeturizm.com\/\"><img decoding=\"async\" loading=\"lazy\" src=\"http:\/\/www.alpegeturizm.com\/wp-content\/uploads\/2022\/07\/logosyah.png\" alt=\"\" class=\"wp-image-188\" width=\"327\" height=\"319\" srcset=\"http:\/\/www.alpegeturizm.com\/wp-content\/uploads\/2022\/07\/logosyah.png 381w, http:\/\/www.alpegeturizm.com\/wp-content\/uploads\/2022\/07\/logosyah-300x293.png 300w\" sizes=\"(max-width: 327px) 100vw, 327px\" \/><\/a><\/figure><\/div><\/div>\n<\/div>\n\n<\/li><\/ul><\/div>\n<\/div>\n\n\n\n<div class=\"is-layout-flow wp-block-column\">\n<h3 class=\"has-text-align-center\"><strong>SAYFALAR<\/strong><\/h3>\n\n\n\n<hr class=\"wp-block-separator has-alpha-channel-opacity\"\/>\n\n\n\n<p class=\"has-text-align-center\">Hizmetlerimiz<\/p>\n\n\n\n<p class=\"has-text-align-center\">Hakk\u0131m\u0131zda<\/p>\n\n\n\n<p class=\"has-text-align-center\">Vize \u0130\u015flemleri<\/p>\n\n\n\n<p class=\"has-text-align-center\">Vize Rejimleri<\/p>\n\n\n\n<p class=\"has-text-align-center\">\u0130leti\u015fim <\/p>\n<\/div>\n\n\n\n<div class=\"is-layout-flow wp-block-column\">\n<h3 class=\"has-text-align-center\"><strong>\u0130LET\u0130\u015e\u0130M B\u0130LG\u0130LER\u0130M\u0130Z<\/strong><\/h3>\n\n\n\n<hr class=\"wp-block-separator has-alpha-channel-opacity\"\/>\n\n\n\n<p>Telefon: 0 532 351 22 74<\/p>\n\n\n\n<p>Mail: huseyin@alpegeturizm.com<\/p>\n\n\n\n<p>Adres: D\u00fcnya Sa\u011fl\u0131k Sokak, Opera \u0130\u015f Merkezi No: 25 Zemin 1\/12 Taksim\/\u0130stanbul<\/p>\n\n\n\n<ul class=\"is-layout-flex wp-block-social-links\">\n\n\n\n\n\n\n\n<\/ul>\n<\/div>\n<\/div>\n\n\n\n<p class=\"has-text-align-center\">Copyright <strong>\u00a9 <\/strong> 2022 ALTUNEL WEB l T\u00fcm haklar\u0131 sakl\u0131d\u0131r.<\/p>\n<\/div><\/div>\n","protected":false},"excerpt":{"rendered":"<p>\u0130ngiltere Vizesi Almak i\u00e7in Gerekli Olan Belgeler Antetli Ka\u011f\u0131da Konsoloslu\u011fa Hitaben \u0130ngilizce Dilek\u00e7e Antetli Ka\u011f\u0131da \u0130sme Davetiye Faks\u0131 Faaliyet Belgesi ( 3 aydan eski de\u011fil ) \u0130mza Sirk\u00fcleri Vergi Levhas\u0131 Ticari Sicil Gazetesi SGK \u0130\u015fe Giri\u015f Bildirgesi SGK Hizmet Cetveli D\u00f6k\u00fcm\u00fc Son 3 Ay Maa\u015f Bordrosu ( Islak \u0130mzal\u0131 ve Ka\u015feli ) 2 Adet Beyaz&hellip;&nbsp;<a href=\"http:\/\/www.alpegeturizm.com\/index.php\/ingiltere\/\" class=\"\" rel=\"bookmark\">Daha fazlas\u0131n\u0131 oku &raquo;<span class=\"screen-reader-text\">\u0130NG\u0130LTERE<\/span><\/a><\/p>\n","protected":false},"author":1,"featured_media":0,"parent":0,"menu_order":0,"comment_status":"closed","ping_status":"closed","template":"","meta":{"neve_meta_sidebar":"","neve_meta_container":"","neve_meta_enable_content_width":"on","neve_meta_content_width":93,"neve_meta_title_alignment":"","neve_meta_author_avatar":"","neve_post_elements_order":"","neve_meta_disable_header":"","neve_meta_disable_footer":"on","neve_meta_disable_title":"on"},"yoast_head":"<!-- This site is optimized with the Yoast SEO plugin v19.7.1 - https:\/\/yoast.com\/wordpress\/plugins\/seo\/ -->\n<title>\u0130NG\u0130LTERE - ALP EGE TUR\u0130ZM<\/title>\n<meta name=\"robots\" content=\"index, follow, max-snippet:-1, max-image-preview:large, max-video-preview:-1\" \/>\n<link rel=\"canonical\" href=\"http:\/\/www.alpegeturizm.com\/index.php\/ingiltere\/\" \/>\n<meta property=\"og:locale\" content=\"tr_TR\" \/>\n<meta property=\"og:type\" content=\"article\" \/>\n<meta property=\"og:title\" content=\"\u0130NG\u0130LTERE - ALP EGE TUR\u0130ZM\" \/>\n<meta property=\"og:description\" content=\"\u0130ngiltere Vizesi Almak i\u00e7in Gerekli Olan Belgeler Antetli Ka\u011f\u0131da Konsoloslu\u011fa Hitaben \u0130ngilizce Dilek\u00e7e Antetli Ka\u011f\u0131da \u0130sme Davetiye Faks\u0131 Faaliyet Belgesi ( 3 aydan eski de\u011fil ) \u0130mza Sirk\u00fcleri Vergi Levhas\u0131 Ticari Sicil Gazetesi SGK \u0130\u015fe Giri\u015f Bildirgesi SGK Hizmet Cetveli D\u00f6k\u00fcm\u00fc Son 3 Ay Maa\u015f Bordrosu ( Islak \u0130mzal\u0131 ve Ka\u015feli ) 2 Adet Beyaz&hellip;&nbsp;Daha fazlas\u0131n\u0131 oku &raquo;\u0130NG\u0130LTERE\" \/>\n<meta property=\"og:url\" content=\"http:\/\/www.alpegeturizm.com\/index.php\/ingiltere\/\" \/>\n<meta property=\"og:site_name\" content=\"ALP EGE TUR\u0130ZM\" \/>\n<meta property=\"article:modified_time\" content=\"2022-08-02T11:55:21+00:00\" \/>\n<meta property=\"og:image\" content=\"http:\/\/www.alpegeturizm.com\/wp-content\/uploads\/2022\/07\/logosyah.png\" \/>\n<meta name=\"twitter:card\" content=\"summary_large_image\" \/>\n<meta name=\"twitter:label1\" content=\"Tahmini okuma s\u00fcresi\" \/>\n\t<meta name=\"twitter:data1\" content=\"2 dakika\" \/>\n<script type=\"application\/ld+json\" class=\"yoast-schema-graph\">{\"@context\":\"https:\/\/schema.org\",\"@graph\":[{\"@type\":\"WebPage\",\"@id\":\"http:\/\/www.alpegeturizm.com\/index.php\/ingiltere\/\",\"url\":\"http:\/\/www.alpegeturizm.com\/index.php\/ingiltere\/\",\"name\":\"\u0130NG\u0130LTERE - ALP EGE TUR\u0130ZM\",\"isPartOf\":{\"@id\":\"http:\/\/www.alpegeturizm.com\/#website\"},\"datePublished\":\"2022-08-02T08:15:46+00:00\",\"dateModified\":\"2022-08-02T11:55:21+00:00\",\"breadcrumb\":{\"@id\":\"http:\/\/www.alpegeturizm.com\/index.php\/ingiltere\/#breadcrumb\"},\"inLanguage\":\"tr\",\"potentialAction\":[{\"@type\":\"ReadAction\",\"target\":[\"http:\/\/www.alpegeturizm.com\/index.php\/ingiltere\/\"]}]},{\"@type\":\"BreadcrumbList\",\"@id\":\"http:\/\/www.alpegeturizm.com\/index.php\/ingiltere\/#breadcrumb\",\"itemListElement\":[{\"@type\":\"ListItem\",\"position\":1,\"name\":\"Anasayfa\",\"item\":\"http:\/\/www.alpegeturizm.com\/\"},{\"@type\":\"ListItem\",\"position\":2,\"name\":\"\u0130NG\u0130LTERE\"}]},{\"@type\":\"WebSite\",\"@id\":\"http:\/\/www.alpegeturizm.com\/#website\",\"url\":\"http:\/\/www.alpegeturizm.com\/\",\"name\":\"ALP EGE TUR\u0130ZM\",\"description\":\"Vize ve Dan\u0131\u015fmanl\u0131k Hizmetleri\",\"publisher\":{\"@id\":\"http:\/\/www.alpegeturizm.com\/#organization\"},\"potentialAction\":[{\"@type\":\"SearchAction\",\"target\":{\"@type\":\"EntryPoint\",\"urlTemplate\":\"http:\/\/www.alpegeturizm.com\/?s={search_term_string}\"},\"query-input\":\"required name=search_term_string\"}],\"inLanguage\":\"tr\"},{\"@type\":\"Organization\",\"@id\":\"http:\/\/www.alpegeturizm.com\/#organization\",\"name\":\"ALP EGE TUR\u0130ZM\",\"url\":\"http:\/\/www.alpegeturizm.com\/\",\"sameAs\":[],\"logo\":{\"@type\":\"ImageObject\",\"inLanguage\":\"tr\",\"@id\":\"http:\/\/www.alpegeturizm.com\/#\/schema\/logo\/image\/\",\"url\":\"http:\/\/www.alpegeturizm.com\/wp-content\/uploads\/2022\/07\/InkedWhatsApp-Image-2022-07-26-at-4.22.38-PM-1.jpg\",\"contentUrl\":\"http:\/\/www.alpegeturizm.com\/wp-content\/uploads\/2022\/07\/InkedWhatsApp-Image-2022-07-26-at-4.22.38-PM-1.jpg\",\"width\":1024,\"height\":452,\"caption\":\"ALP EGE TUR\u0130ZM\"},\"image\":{\"@id\":\"http:\/\/www.alpegeturizm.com\/#\/schema\/logo\/image\/\"}}]}<\/script>\n<!-- \/ Yoast SEO plugin. -->","yoast_head_json":{"title":"\u0130NG\u0130LTERE - ALP EGE TUR\u0130ZM","robots":{"index":"index","follow":"follow","max-snippet":"max-snippet:-1","max-image-preview":"max-image-preview:large","max-video-preview":"max-video-preview:-1"},"canonical":"http:\/\/www.alpegeturizm.com\/index.php\/ingiltere\/","og_locale":"tr_TR","og_type":"article","og_title":"\u0130NG\u0130LTERE - ALP EGE TUR\u0130ZM","og_description":"\u0130ngiltere Vizesi Almak i\u00e7in Gerekli Olan Belgeler Antetli Ka\u011f\u0131da Konsoloslu\u011fa Hitaben \u0130ngilizce Dilek\u00e7e Antetli Ka\u011f\u0131da \u0130sme Davetiye Faks\u0131 Faaliyet Belgesi ( 3 aydan eski de\u011fil ) \u0130mza Sirk\u00fcleri Vergi Levhas\u0131 Ticari Sicil Gazetesi SGK \u0130\u015fe Giri\u015f Bildirgesi SGK Hizmet Cetveli D\u00f6k\u00fcm\u00fc Son 3 Ay Maa\u015f Bordrosu ( Islak \u0130mzal\u0131 ve Ka\u015feli ) 2 Adet Beyaz&hellip;&nbsp;Daha fazlas\u0131n\u0131 oku &raquo;\u0130NG\u0130LTERE","og_url":"http:\/\/www.alpegeturizm.com\/index.php\/ingiltere\/","og_site_name":"ALP EGE TUR\u0130ZM","article_modified_time":"2022-08-02T11:55:21+00:00","og_image":[{"url":"http:\/\/www.alpegeturizm.com\/wp-content\/uploads\/2022\/07\/logosyah.png"}],"twitter_card":"summary_large_image","twitter_misc":{"Tahmini okuma s\u00fcresi":"2 dakika"},"schema":{"@context":"https:\/\/schema.org","@graph":[{"@type":"WebPage","@id":"http:\/\/www.alpegeturizm.com\/index.php\/ingiltere\/","url":"http:\/\/www.alpegeturizm.com\/index.php\/ingiltere\/","name":"\u0130NG\u0130LTERE - ALP EGE TUR\u0130ZM","isPartOf":{"@id":"http:\/\/www.alpegeturizm.com\/#website"},"datePublished":"2022-08-02T08:15:46+00:00","dateModified":"2022-08-02T11:55:21+00:00","breadcrumb":{"@id":"http:\/\/www.alpegeturizm.com\/index.php\/ingiltere\/#breadcrumb"},"inLanguage":"tr","potentialAction":[{"@type":"ReadAction","target":["http:\/\/www.alpegeturizm.com\/index.php\/ingiltere\/"]}]},{"@type":"BreadcrumbList","@id":"http:\/\/www.alpegeturizm.com\/index.php\/ingiltere\/#breadcrumb","itemListElement":[{"@type":"ListItem","position":1,"name":"Anasayfa","item":"http:\/\/www.alpegeturizm.com\/"},{"@type":"ListItem","position":2,"name":"\u0130NG\u0130LTERE"}]},{"@type":"WebSite","@id":"http:\/\/www.alpegeturizm.com\/#website","url":"http:\/\/www.alpegeturizm.com\/","name":"ALP EGE TUR\u0130ZM","description":"Vize ve Dan\u0131\u015fmanl\u0131k Hizmetleri","publisher":{"@id":"http:\/\/www.alpegeturizm.com\/#organization"},"potentialAction":[{"@type":"SearchAction","target":{"@type":"EntryPoint","urlTemplate":"http:\/\/www.alpegeturizm.com\/?s={search_term_string}"},"query-input":"required name=search_term_string"}],"inLanguage":"tr"},{"@type":"Organization","@id":"http:\/\/www.alpegeturizm.com\/#organization","name":"ALP EGE TUR\u0130ZM","url":"http:\/\/www.alpegeturizm.com\/","sameAs":[],"logo":{"@type":"ImageObject","inLanguage":"tr","@id":"http:\/\/www.alpegeturizm.com\/#\/schema\/logo\/image\/","url":"http:\/\/www.alpegeturizm.com\/wp-content\/uploads\/2022\/07\/InkedWhatsApp-Image-2022-07-26-at-4.22.38-PM-1.jpg","contentUrl":"http:\/\/www.alpegeturizm.com\/wp-content\/uploads\/2022\/07\/InkedWhatsApp-Image-2022-07-26-at-4.22.38-PM-1.jpg","width":1024,"height":452,"caption":"ALP EGE TUR\u0130ZM"},"image":{"@id":"http:\/\/www.alpegeturizm.com\/#\/schema\/logo\/image\/"}}]}},"_links":{"self":[{"href":"http:\/\/www.alpegeturizm.com\/index.php\/wp-json\/wp\/v2\/pages\/376"}],"collection":[{"href":"http:\/\/www.alpegeturizm.com\/index.php\/wp-json\/wp\/v2\/pages"}],"about":[{"href":"http:\/\/www.alpegeturizm.com\/index.php\/wp-json\/wp\/v2\/types\/page"}],"author":[{"embeddable":true,"href":"http:\/\/www.alpegeturizm.com\/index.php\/wp-json\/wp\/v2\/users\/1"}],"replies":[{"embeddable":true,"href":"http:\/\/www.alpegeturizm.com\/index.php\/wp-json\/wp\/v2\/comments?post=376"}],"version-history":[{"count":8,"href":"http:\/\/www.alpegeturizm.com\/index.php\/wp-json\/wp\/v2\/pages\/376\/revisions"}],"predecessor-version":[{"id":478,"href":"http:\/\/www.alpegeturizm.com\/index.php\/wp-json\/wp\/v2\/pages\/376\/revisions\/478"}],"wp:attachment":[{"href":"http:\/\/www.alpegeturizm.com\/index.php\/wp-json\/wp\/v2\/media?parent=376"}],"curies":[{"name":"wp","href":"https:\/\/api.w.org\/{rel}","templated":true}]}}