{"id":354,"date":"2022-08-02T09:02:21","date_gmt":"2022-08-02T09:02:21","guid":{"rendered":"http:\/\/www.alpegeturizm.com\/?page_id=354"},"modified":"2022-08-02T09:02:22","modified_gmt":"2022-08-02T09:02:22","slug":"italya","status":"publish","type":"page","link":"http:\/\/www.alpegeturizm.com\/index.php\/italya\/","title":{"rendered":"\u0130TALYA"},"content":{"rendered":"\n<div class=\"wp-block-cover alignfull is-light has-parallax\" style=\"background-image:url(http:\/\/www.alpegeturizm.com\/wp-content\/uploads\/2022\/08\/111564.jpg);min-height:348px\"><span aria-hidden=\"true\" class=\"wp-block-cover__background has-background-dim-40 has-background-dim\" style=\"background-color:#000000\"><\/span><div class=\"wp-block-cover__inner-container\">\n<h2 class=\"has-text-align-left alignwide has-white-color has-text-color\" style=\"font-size:48px;line-height:1.2\"><strong><em>\u0130TALYA V\u0130ZES\u0130<\/em><\/strong><\/h2>\n\n\n\n<div class=\"is-layout-flex wp-container-4 wp-block-columns alignwide\">\n<div class=\"is-layout-flow wp-block-column\" style=\"flex-basis:60%\">\n<p class=\"has-nv-site-bg-color has-text-color\">\u0130talya yada resm\u00ee olarak \u0130talyan Cumhuriyeti y\u00fczy\u0131llar boyunca \u00e7ok \u00e7e\u015fitli Avrupa uygarl\u0131klar\u0131na ev sahipli\u011fi yapm\u0131\u015ft\u0131r. R\u00f6nesans hareketi de \u0130talya\u2019n\u0131n Toskana b\u00f6lgesinde do\u011fmu\u015f ve t\u00fcm Avrupa\u2019ya buradan yay\u0131lm\u0131\u015ft\u0131r.<\/p>\n\n\n\n<div class=\"is-layout-flex wp-block-buttons\">\n<div class=\"wp-block-button is-style-outline\"><a class=\"wp-block-button__link has-text-color has-background\" style=\"border-radius:30px;background:linear-gradient(144deg,rgb(252,185,0) 93%,rgb(255,105,0) 100%);color:#ffffff\">\u0130talya, Schengen vizesi h\u00fck\u00fcmlerine tabidir. \u0130talya seyahatinizi planlamadan \u00f6nce vize alman\u0131z gerekmektedir.<\/a><\/div>\n<\/div>\n<\/div>\n\n\n\n<div class=\"is-layout-flow wp-block-column\"><\/div>\n<\/div>\n<\/div><\/div>\n\n\n\n<hr class=\"wp-block-separator has-text-color has-nv-site-bg-color has-alpha-channel-opacity has-nv-site-bg-background-color has-background\"\/>\n\n\n\n<h2 class=\"has-text-align-center\"><strong>\u0130talya Vizesi Almak i\u00e7in Gerekli Olan Belgeler<\/strong><\/h2>\n\n\n\n<ul class=\"has-background\" style=\"background:linear-gradient(144deg,rgb(238,238,238) 0%,rgb(169,184,195) 100%)\"><li>En az 6 ay ge\u00e7erli pasaport, varsa eski pasaportlar, Kimlik Fotokopisi, Pasaport fotokopileri <em>( Pasaport s\u00fcresi en az 6 ay olmal\u0131)<\/em><\/li><li>2 adet Biometrik foto\u011fraf <em>(6 Ay i\u00e7erisinde \u00e7ekilmi\u015f olmal\u0131)<\/em><\/li><li>Otel, u\u00e7ak rezervasyonlar\u0131 <em>( Size Bu konuda yard\u0131mc\u0131 olabiliriz.)<\/em><\/li><li>Seyahat sa\u011fl\u0131k sigortas\u0131 <em>(Bizim taraf\u0131m\u0131zdan yapt\u0131r\u0131lacakt\u0131r)<\/em><\/li><li>Banka Hesab\u0131, <em>(Banka C\u00fczdan\u0131n\u0131n asl\u0131 veya bankadan 3-6 ayl\u0131k olarak hesap \u00f6zeti al\u0131nmal\u0131d\u0131r, Orijinal olmal\u0131 ve imzalayan ki\u015filerin imza sirk\u00fcleri de yaz\u0131n\u0131n ekinde olmal\u0131d\u0131r.)<\/em><\/li><li>Ara\u00e7 Ruhsat\u0131 ve Tapu gibi maddi durumu \u00f6zetleyen evraklar\u0131n kopyalar\u0131<\/li><li>Ticari Ziyaretler i\u00e7in Davetiye ve Davetiyeyi imzalayan ki\u015finin kimlik fotokopisi. Ek olarak VISURA CAMERALE (ticaret odas\u0131 kayd\u0131). Davetiyede belirtilen tarihler seyahat tarihleri ile ayn\u0131 tarihler olmal\u0131d\u0131r.<\/li><li>Aile ziyareti i\u00e7in davet eden ki\u015fiden davet yaz\u0131s\u0131 ve kimlik fotokopisi gerekir <em>(\u00f6rne\u011fini bizden talep ediniz).<\/em><\/li><li>Vize ba\u015fvuru formlar\u0131 ba\u015fvuru sahibi taraf\u0131ndan imzalanmal\u0131d\u0131r.<em>( Formlar mail ile size iletilmektedir.)<\/em><\/li><li>Turistik ba\u015fvurularda e devletten tam detayl\u0131 n\u00fcfus kay\u0131t \u00f6rne\u011fi istenmektedir.<\/li><li>Antetli K\u00e2\u011f\u0131da Dilek\u00e7e <em>( \u0130ngilizce yaz\u0131lmas\u0131n\u0131 rica ederiz, \u00d6rne\u011fini size iletece\u011fiz.)<\/em><\/li><li>\u0130mza Sirk\u00fcleri<\/li><li>Vergi levhas\u0131n\u0131n fotokopisi <em>(vergi levhas\u0131 zarar veya yeni tescil ise; \u015firketin banka hesap c\u00fczdan fotokopileri ve bil\u00e2n\u00e7osu)<\/em><\/li><li>Faaliyet Belgesi fotokopisi <em>(Max.3 ayl\u0131k ve orijinal olmal\u0131d\u0131r.)<\/em><\/li><li>Ticaret Sicil Gazetesi Fotokopisi<\/li><li>Sigortal\u0131 i\u015fe giri\u015f bildirgesi<\/li><li>Maa\u015f Bordrosu 3 ayl\u0131k <em>(\u015firket taraf\u0131ndan ka\u015fe ve imzal\u0131 d\u00fczenlenmelidir.)<\/em><\/li><li>4\/A Detayl\u0131 Hizmet D\u00f6k\u00fcm\u00fc<em>(E-devletten al\u0131nabilir)<\/em><\/li><\/ul>\n\n\n\n<div class=\"is-layout-flex wp-block-buttons\">\n<div class=\"wp-block-button aligncenter\"><a class=\"wp-block-button__link\" href=\"http:\/\/www.alpegeturizm.com\/index.php\/iletisim\/\" style=\"border-radius:40px\">Evrak listeleri konsolosluklarca s\u00fcrekli g\u00fcncellenebilmekte olup, g\u00fcncel evrak listeleri i\u00e7in bizimle irtibata ge\u00e7iniz. <\/a><\/div>\n<\/div>\n\n\n\n<hr class=\"wp-block-separator has-text-color has-nv-site-bg-color has-alpha-channel-opacity has-nv-site-bg-background-color has-background\"\/>\n\n\n\n<div class=\"wp-block-cover alignfull\" style=\"min-height:399px\"><span aria-hidden=\"true\" class=\"wp-block-cover__background has-neve-text-color-background-color has-background-dim-100 has-background-dim\"><\/span><div class=\"wp-block-cover__inner-container\">\n<div style=\"height:140px\" aria-hidden=\"true\" class=\"wp-block-spacer\"><\/div>\n\n\n\n<div class=\"is-layout-flex wp-container-14 wp-block-columns\">\n<div class=\"is-layout-flow wp-block-column\">\n<div class=\"is-layout-flow wp-block-query\"><ul class=\"is-layout-flow wp-block-post-template\"><li class=\"wp-block-post post-1 post type-post status-publish format-standard hentry category-uncategorized\">\n\n<div class=\"is-layout-flex wp-container-7 wp-block-columns are-vertically-aligned-center\">\n<div class=\"is-layout-flow wp-block-column\"><div class=\"wp-block-image\">\n<figure class=\"aligncenter size-full is-resized\"><img decoding=\"async\" loading=\"lazy\" src=\"http:\/\/www.alpegeturizm.com\/wp-content\/uploads\/2022\/07\/logosyah.png\" alt=\"\" class=\"wp-image-188\" width=\"327\" height=\"319\" srcset=\"http:\/\/www.alpegeturizm.com\/wp-content\/uploads\/2022\/07\/logosyah.png 381w, http:\/\/www.alpegeturizm.com\/wp-content\/uploads\/2022\/07\/logosyah-300x293.png 300w\" sizes=\"(max-width: 327px) 100vw, 327px\" \/><\/figure><\/div><\/div>\n<\/div>\n\n<\/li><\/ul><\/div>\n<\/div>\n\n\n\n<div class=\"is-layout-flow wp-block-column\">\n<h3 class=\"has-text-align-center\"><strong>SAYFALAR<\/strong><\/h3>\n\n\n\n<hr class=\"wp-block-separator has-alpha-channel-opacity\"\/>\n\n\n\n<p class=\"has-text-align-center\">Hizmetlerimiz<\/p>\n\n\n\n<p class=\"has-text-align-center\">Hakk\u0131m\u0131zda<\/p>\n\n\n\n<p class=\"has-text-align-center\">Vize \u0130\u015flemleri<\/p>\n\n\n\n<p class=\"has-text-align-center\">Vize Rejimleri<\/p>\n\n\n\n<p class=\"has-text-align-center\">\u0130leti\u015fim <\/p>\n<\/div>\n\n\n\n<div class=\"is-layout-flow wp-block-column\">\n<h3 class=\"has-text-align-center\"><strong>\u0130LET\u0130\u015e\u0130M B\u0130LG\u0130LER\u0130M\u0130Z<\/strong><\/h3>\n\n\n\n<hr class=\"wp-block-separator has-alpha-channel-opacity\"\/>\n\n\n\n<p>Telefon: 0 532 351 22 74<\/p>\n\n\n\n<p>Mail: huseyin@alpegeturizm.com<\/p>\n\n\n\n<p>Adres: D\u00fcnya Sa\u011fl\u0131k Sokak, Opera \u0130\u015f Merkezi No: 25 Zemin 1\/12 Taksim\/\u0130stanbul<\/p>\n\n\n\n<ul class=\"is-layout-flex wp-block-social-links\">\n\n\n\n\n\n\n\n<\/ul>\n<\/div>\n<\/div>\n\n\n\n<p class=\"has-text-align-center\">Copyright <strong>\u00a9 <\/strong> 2022 ALTUNEL WEB l T\u00fcm haklar\u0131 sakl\u0131d\u0131r.<\/p>\n<\/div><\/div>\n","protected":false},"excerpt":{"rendered":"<p>\u0130talya Vizesi Almak i\u00e7in Gerekli Olan Belgeler En az 6 ay ge\u00e7erli pasaport, varsa eski pasaportlar, Kimlik Fotokopisi, Pasaport fotokopileri ( Pasaport s\u00fcresi en az 6 ay olmal\u0131) 2 adet Biometrik foto\u011fraf (6 Ay i\u00e7erisinde \u00e7ekilmi\u015f olmal\u0131) Otel, u\u00e7ak rezervasyonlar\u0131 ( Size Bu konuda yard\u0131mc\u0131 olabiliriz.) Seyahat sa\u011fl\u0131k sigortas\u0131 (Bizim taraf\u0131m\u0131zdan yapt\u0131r\u0131lacakt\u0131r) Banka Hesab\u0131, (Banka&hellip;&nbsp;<a href=\"http:\/\/www.alpegeturizm.com\/index.php\/italya\/\" class=\"\" rel=\"bookmark\">Daha fazlas\u0131n\u0131 oku &raquo;<span class=\"screen-reader-text\">\u0130TALYA<\/span><\/a><\/p>\n","protected":false},"author":1,"featured_media":0,"parent":0,"menu_order":0,"comment_status":"closed","ping_status":"closed","template":"","meta":{"neve_meta_sidebar":"","neve_meta_container":"","neve_meta_enable_content_width":"on","neve_meta_content_width":93,"neve_meta_title_alignment":"","neve_meta_author_avatar":"","neve_post_elements_order":"","neve_meta_disable_header":"off","neve_meta_disable_footer":"on","neve_meta_disable_title":"on"},"yoast_head":"<!-- This site is optimized with the Yoast SEO plugin v19.7.1 - https:\/\/yoast.com\/wordpress\/plugins\/seo\/ -->\n<title>\u0130TALYA - ALP EGE TUR\u0130ZM<\/title>\n<meta name=\"robots\" content=\"index, follow, max-snippet:-1, max-image-preview:large, max-video-preview:-1\" \/>\n<link rel=\"canonical\" href=\"http:\/\/www.alpegeturizm.com\/index.php\/italya\/\" \/>\n<meta property=\"og:locale\" content=\"tr_TR\" \/>\n<meta property=\"og:type\" content=\"article\" \/>\n<meta property=\"og:title\" content=\"\u0130TALYA - ALP EGE TUR\u0130ZM\" \/>\n<meta property=\"og:description\" content=\"\u0130talya Vizesi Almak i\u00e7in Gerekli Olan Belgeler En az 6 ay ge\u00e7erli pasaport, varsa eski pasaportlar, Kimlik Fotokopisi, Pasaport fotokopileri ( Pasaport s\u00fcresi en az 6 ay olmal\u0131) 2 adet Biometrik foto\u011fraf (6 Ay i\u00e7erisinde \u00e7ekilmi\u015f olmal\u0131) Otel, u\u00e7ak rezervasyonlar\u0131 ( Size Bu konuda yard\u0131mc\u0131 olabiliriz.) Seyahat sa\u011fl\u0131k sigortas\u0131 (Bizim taraf\u0131m\u0131zdan yapt\u0131r\u0131lacakt\u0131r) Banka Hesab\u0131, (Banka&hellip;&nbsp;Daha fazlas\u0131n\u0131 oku &raquo;\u0130TALYA\" \/>\n<meta property=\"og:url\" content=\"http:\/\/www.alpegeturizm.com\/index.php\/italya\/\" \/>\n<meta property=\"og:site_name\" content=\"ALP EGE TUR\u0130ZM\" \/>\n<meta property=\"article:modified_time\" content=\"2022-08-02T09:02:22+00:00\" \/>\n<meta property=\"og:image\" content=\"http:\/\/www.alpegeturizm.com\/wp-content\/uploads\/2022\/07\/logosyah.png\" \/>\n<meta name=\"twitter:card\" content=\"summary_large_image\" \/>\n<meta name=\"twitter:label1\" content=\"Tahmini okuma s\u00fcresi\" \/>\n\t<meta name=\"twitter:data1\" content=\"2 dakika\" \/>\n<script type=\"application\/ld+json\" class=\"yoast-schema-graph\">{\"@context\":\"https:\/\/schema.org\",\"@graph\":[{\"@type\":\"WebPage\",\"@id\":\"http:\/\/www.alpegeturizm.com\/index.php\/italya\/\",\"url\":\"http:\/\/www.alpegeturizm.com\/index.php\/italya\/\",\"name\":\"\u0130TALYA - ALP EGE TUR\u0130ZM\",\"isPartOf\":{\"@id\":\"http:\/\/www.alpegeturizm.com\/#website\"},\"datePublished\":\"2022-08-02T09:02:21+00:00\",\"dateModified\":\"2022-08-02T09:02:22+00:00\",\"breadcrumb\":{\"@id\":\"http:\/\/www.alpegeturizm.com\/index.php\/italya\/#breadcrumb\"},\"inLanguage\":\"tr\",\"potentialAction\":[{\"@type\":\"ReadAction\",\"target\":[\"http:\/\/www.alpegeturizm.com\/index.php\/italya\/\"]}]},{\"@type\":\"BreadcrumbList\",\"@id\":\"http:\/\/www.alpegeturizm.com\/index.php\/italya\/#breadcrumb\",\"itemListElement\":[{\"@type\":\"ListItem\",\"position\":1,\"name\":\"Anasayfa\",\"item\":\"http:\/\/www.alpegeturizm.com\/\"},{\"@type\":\"ListItem\",\"position\":2,\"name\":\"\u0130TALYA\"}]},{\"@type\":\"WebSite\",\"@id\":\"http:\/\/www.alpegeturizm.com\/#website\",\"url\":\"http:\/\/www.alpegeturizm.com\/\",\"name\":\"ALP EGE TUR\u0130ZM\",\"description\":\"Vize ve Dan\u0131\u015fmanl\u0131k Hizmetleri\",\"publisher\":{\"@id\":\"http:\/\/www.alpegeturizm.com\/#organization\"},\"potentialAction\":[{\"@type\":\"SearchAction\",\"target\":{\"@type\":\"EntryPoint\",\"urlTemplate\":\"http:\/\/www.alpegeturizm.com\/?s={search_term_string}\"},\"query-input\":\"required name=search_term_string\"}],\"inLanguage\":\"tr\"},{\"@type\":\"Organization\",\"@id\":\"http:\/\/www.alpegeturizm.com\/#organization\",\"name\":\"ALP EGE TUR\u0130ZM\",\"url\":\"http:\/\/www.alpegeturizm.com\/\",\"sameAs\":[],\"logo\":{\"@type\":\"ImageObject\",\"inLanguage\":\"tr\",\"@id\":\"http:\/\/www.alpegeturizm.com\/#\/schema\/logo\/image\/\",\"url\":\"http:\/\/www.alpegeturizm.com\/wp-content\/uploads\/2022\/07\/InkedWhatsApp-Image-2022-07-26-at-4.22.38-PM-1.jpg\",\"contentUrl\":\"http:\/\/www.alpegeturizm.com\/wp-content\/uploads\/2022\/07\/InkedWhatsApp-Image-2022-07-26-at-4.22.38-PM-1.jpg\",\"width\":1024,\"height\":452,\"caption\":\"ALP EGE TUR\u0130ZM\"},\"image\":{\"@id\":\"http:\/\/www.alpegeturizm.com\/#\/schema\/logo\/image\/\"}}]}<\/script>\n<!-- \/ Yoast SEO plugin. -->","yoast_head_json":{"title":"\u0130TALYA - ALP EGE TUR\u0130ZM","robots":{"index":"index","follow":"follow","max-snippet":"max-snippet:-1","max-image-preview":"max-image-preview:large","max-video-preview":"max-video-preview:-1"},"canonical":"http:\/\/www.alpegeturizm.com\/index.php\/italya\/","og_locale":"tr_TR","og_type":"article","og_title":"\u0130TALYA - ALP EGE TUR\u0130ZM","og_description":"\u0130talya Vizesi Almak i\u00e7in Gerekli Olan Belgeler En az 6 ay ge\u00e7erli pasaport, varsa eski pasaportlar, Kimlik Fotokopisi, Pasaport fotokopileri ( Pasaport s\u00fcresi en az 6 ay olmal\u0131) 2 adet Biometrik foto\u011fraf (6 Ay i\u00e7erisinde \u00e7ekilmi\u015f olmal\u0131) Otel, u\u00e7ak rezervasyonlar\u0131 ( Size Bu konuda yard\u0131mc\u0131 olabiliriz.) Seyahat sa\u011fl\u0131k sigortas\u0131 (Bizim taraf\u0131m\u0131zdan yapt\u0131r\u0131lacakt\u0131r) Banka Hesab\u0131, (Banka&hellip;&nbsp;Daha fazlas\u0131n\u0131 oku &raquo;\u0130TALYA","og_url":"http:\/\/www.alpegeturizm.com\/index.php\/italya\/","og_site_name":"ALP EGE TUR\u0130ZM","article_modified_time":"2022-08-02T09:02:22+00:00","og_image":[{"url":"http:\/\/www.alpegeturizm.com\/wp-content\/uploads\/2022\/07\/logosyah.png"}],"twitter_card":"summary_large_image","twitter_misc":{"Tahmini okuma s\u00fcresi":"2 dakika"},"schema":{"@context":"https:\/\/schema.org","@graph":[{"@type":"WebPage","@id":"http:\/\/www.alpegeturizm.com\/index.php\/italya\/","url":"http:\/\/www.alpegeturizm.com\/index.php\/italya\/","name":"\u0130TALYA - ALP EGE TUR\u0130ZM","isPartOf":{"@id":"http:\/\/www.alpegeturizm.com\/#website"},"datePublished":"2022-08-02T09:02:21+00:00","dateModified":"2022-08-02T09:02:22+00:00","breadcrumb":{"@id":"http:\/\/www.alpegeturizm.com\/index.php\/italya\/#breadcrumb"},"inLanguage":"tr","potentialAction":[{"@type":"ReadAction","target":["http:\/\/www.alpegeturizm.com\/index.php\/italya\/"]}]},{"@type":"BreadcrumbList","@id":"http:\/\/www.alpegeturizm.com\/index.php\/italya\/#breadcrumb","itemListElement":[{"@type":"ListItem","position":1,"name":"Anasayfa","item":"http:\/\/www.alpegeturizm.com\/"},{"@type":"ListItem","position":2,"name":"\u0130TALYA"}]},{"@type":"WebSite","@id":"http:\/\/www.alpegeturizm.com\/#website","url":"http:\/\/www.alpegeturizm.com\/","name":"ALP EGE TUR\u0130ZM","description":"Vize ve Dan\u0131\u015fmanl\u0131k Hizmetleri","publisher":{"@id":"http:\/\/www.alpegeturizm.com\/#organization"},"potentialAction":[{"@type":"SearchAction","target":{"@type":"EntryPoint","urlTemplate":"http:\/\/www.alpegeturizm.com\/?s={search_term_string}"},"query-input":"required name=search_term_string"}],"inLanguage":"tr"},{"@type":"Organization","@id":"http:\/\/www.alpegeturizm.com\/#organization","name":"ALP EGE TUR\u0130ZM","url":"http:\/\/www.alpegeturizm.com\/","sameAs":[],"logo":{"@type":"ImageObject","inLanguage":"tr","@id":"http:\/\/www.alpegeturizm.com\/#\/schema\/logo\/image\/","url":"http:\/\/www.alpegeturizm.com\/wp-content\/uploads\/2022\/07\/InkedWhatsApp-Image-2022-07-26-at-4.22.38-PM-1.jpg","contentUrl":"http:\/\/www.alpegeturizm.com\/wp-content\/uploads\/2022\/07\/InkedWhatsApp-Image-2022-07-26-at-4.22.38-PM-1.jpg","width":1024,"height":452,"caption":"ALP EGE TUR\u0130ZM"},"image":{"@id":"http:\/\/www.alpegeturizm.com\/#\/schema\/logo\/image\/"}}]}},"_links":{"self":[{"href":"http:\/\/www.alpegeturizm.com\/index.php\/wp-json\/wp\/v2\/pages\/354"}],"collection":[{"href":"http:\/\/www.alpegeturizm.com\/index.php\/wp-json\/wp\/v2\/pages"}],"about":[{"href":"http:\/\/www.alpegeturizm.com\/index.php\/wp-json\/wp\/v2\/types\/page"}],"author":[{"embeddable":true,"href":"http:\/\/www.alpegeturizm.com\/index.php\/wp-json\/wp\/v2\/users\/1"}],"replies":[{"embeddable":true,"href":"http:\/\/www.alpegeturizm.com\/index.php\/wp-json\/wp\/v2\/comments?post=354"}],"version-history":[{"count":5,"href":"http:\/\/www.alpegeturizm.com\/index.php\/wp-json\/wp\/v2\/pages\/354\/revisions"}],"predecessor-version":[{"id":407,"href":"http:\/\/www.alpegeturizm.com\/index.php\/wp-json\/wp\/v2\/pages\/354\/revisions\/407"}],"wp:attachment":[{"href":"http:\/\/www.alpegeturizm.com\/index.php\/wp-json\/wp\/v2\/media?parent=354"}],"curies":[{"name":"wp","href":"https:\/\/api.w.org\/{rel}","templated":true}]}}