{"id":344,"date":"2022-08-02T10:13:56","date_gmt":"2022-08-02T10:13:56","guid":{"rendered":"http:\/\/www.alpegeturizm.com\/?page_id=344"},"modified":"2022-08-02T11:54:43","modified_gmt":"2022-08-02T11:54:43","slug":"hollanda","status":"publish","type":"page","link":"http:\/\/www.alpegeturizm.com\/index.php\/hollanda\/","title":{"rendered":"HOLLANDA"},"content":{"rendered":"\n<div class=\"wp-block-cover alignfull is-light has-parallax\" style=\"background-image:url(http:\/\/www.alpegeturizm.com\/wp-content\/uploads\/2022\/08\/study-in-the-netherlands.jpg);min-height:375px\"><span aria-hidden=\"true\" class=\"wp-block-cover__background has-background-dim-40 has-background-dim\" style=\"background-color:#000000\"><\/span><div class=\"wp-block-cover__inner-container\">\n<p><\/p>\n\n\n\n<h2 class=\"alignwide has-white-color has-text-color\" style=\"font-size:48px;line-height:1.2\"><strong><em>HOLLANDA V\u0130ZES\u0130<\/em><\/strong><\/h2>\n\n\n\n<div class=\"is-layout-flex wp-container-3 wp-block-columns alignwide\">\n<div class=\"is-layout-flow wp-block-column\" style=\"flex-basis:60%\">\n<p class=\"has-nv-site-bg-color has-text-color\">Hollanda, kuzey ve bat\u0131da Kuzey Denizi, g\u00fcneyde Bel\u00e7ika, do\u011fuda ise Almanya ile kom\u015fudur. \u00dclke topraklar\u0131n\u0131n \u00e7o\u011funlu\u011fu deniz seviyesinin alt\u0131ndad\u0131r. Hollanda, Bel\u00e7ika ve L\u00fcksemburg ile birlikte Benel\u00fcks \u00fclkelerinden bir tanesini olu\u015fturur. Hollanda\u2019n\u0131n Rotterdam kenti, Avrupa\u2019n\u0131n en b\u00fcy\u00fck limanlar\u0131ndan biridir.<\/p>\n\n\n\n<div class=\"is-layout-flex wp-block-buttons\">\n<div class=\"wp-block-button is-style-outline\"><a class=\"wp-block-button__link has-text-color has-background\" style=\"border-radius:30px;background:linear-gradient(144deg,rgb(255,105,0) 17%,rgb(207,46,46) 100%);color:#ffffff\">Hollanda Schengen vizesi h\u00fck\u00fcmlerine tabidir. Hollanda seyahatlerinizi planlamadan \u00f6nce vize alman\u0131z gerekmektedir. Tum ba\u015fvurular randevulu ve Hollanda ba\u015fvurular i\u00e7in ge\u00e7 tarihe randevu veriyor. Ba\u015fvurudan sonra 5-7 i\u015f g\u00fcn\u00fcnde ba\u015fvurular sonu\u00e7lanmaktad\u0131r.<\/a><\/div>\n<\/div>\n<\/div>\n<\/div>\n<\/div><\/div>\n\n\n\n<h2 class=\"has-text-align-center\">Hollanda Vizesi Almak i\u00e7in Gereken Belgeler<\/h2>\n\n\n\n<ul class=\"has-background\" style=\"background:linear-gradient(144deg,rgb(238,238,238) 0%,rgb(169,184,195) 100%)\"><li>En az 6 ay ge\u00e7erli pasaport ve t\u00fcm\u00fc eski pasaportlar\u0131n\u0131z<\/li><li>2 adet 30*40 Biometrik foto\u011fraf ( son 3 ay i\u00e7erisinde \u00e7ekilmi\u015f)<\/li><li>Konfirmeli Otel, u\u00e7ak rezervasyonlar\u0131&nbsp; &#8211; <em>Size bu konuda yard\u0131mc\u0131 olabiliriz.<\/em><\/li><li>Seyahat sa\u011fl\u0131k sigortas\u0131 <em>(Bizim taraf\u0131m\u0131zdan yapt\u0131r\u0131lacakt\u0131r)<\/em><\/li><li>Banka hesaplar\u0131 <em>(<\/em><em>Randevu g\u00fcn\u00fc Ba\u015fvuru s\u0131ras\u0131nda 15 g\u00fcnden eski olmayan, Son 3 ay\u0131n hesap hareketlerini g\u00f6sterir Bakiyede ki\u015fi ba\u015f\u0131 minimum 40 Bin TL g\u00f6r\u00fcnen bankadan \u0131slak imzal\u0131 ve ka\u015feli hesap hareketleri d\u00f6k\u00fcm\u00fc, \u00f6zeti al\u0131nmal\u0131d\u0131r, Orijinal olmal\u0131 ve imzalayan ki\u015filerin imza sirk\u00fcleri de yaz\u0131n\u0131n ekinde olmal\u0131d\u0131r.)<\/em><\/li><li>Tapu, Ara\u00e7 Ruhsat\u0131 gibi maddi gelir durumunu \u00f6zetleyen evraklar<\/li><li>Ticari Firma Ziyaretler i\u00e7in Davetiye, Fuar ziyaretleri i\u00e7in fuar bileti ya da fuara kay\u0131t olundu\u011funa dair belge<\/li><li>Aile ziyaretleri i\u00e7in belediyeden onayl\u0131 orijinal davetiye. Davet edenin son 3 ayl\u0131k gelir belgesi, oturum kart\u0131 veya kimlik fotokopisi, evlilik c\u00fczdan fotokopisi, vukuatl\u0131 n\u00fcfus kay\u0131t \u00f6rne\u011fi.<\/li><li>\u0130kametg\u00e2h (E-devletten al\u0131nabilir)<\/li><li>E-devletten T\u00fcm aile g\u00f6r\u00fcn\u00fcr se\u00e7ene\u011fi ile N\u00fcfus kay\u0131t \u00f6rne\u011fi<\/li><li>Kimlik fotokopisi<\/li><li>Aile veya arkada\u015f ziyareti ba\u015fvurularda tam vukuatl\u0131 n.k.\u00f6rne\u011fi<em>( Herkes i\u00e7in \u015fahsi al\u0131nmal\u0131,&nbsp; Akrabal\u0131k a\u00e7\u0131k\u00e7a g\u00f6sterilecek \u015fekilde d\u00fczenlenmelidir.)<\/em><\/li><li>Konsolosluk \u00f6demeleri pe\u015fin yap\u0131ld\u0131\u011f\u0131ndan, Vize \u00dccretleri evraklar ile birlikte g\u00f6nderilmelidir.<\/li><li>Antetli K\u00e2\u011f\u0131da Dilek\u00e7e (\u0130\u00e7eri\u011finde izin tarihlerinin yaz\u0131ld\u0131\u011f\u0131 \u0131slak imzal\u0131 ve ka\u015feli dilek\u00e7e<strong>)<\/strong><\/li><li>\u0130mza Sirk\u00fcleri<\/li><li>Vergi levhas\u0131n\u0131n fotokopisi (vergi levhas\u0131 zarar veya yeni tescil ise; \u015firketin banka hesap c\u00fczdan fotokopileri ve bil\u00e2n\u00e7osu)<\/li><li>Faaliyet Belgesi (Max. 6 ayl\u0131k)<\/li><li>Ticaret Sicil Gazetesi Fotokopisi<\/li><li>Sigortal\u0131 i\u015fe giri\u015f bildirgesi (E-devletten barkodlu olmal\u0131d\u0131r)<\/li><li>Barkodlu 4\/A Detayl\u0131 Hizmet D\u00f6k\u00fcm\u00fc ((E-devlet SGK tescil ve hizmet d\u00f6k\u00fcm\u00fc ad\u0131m\u0131ndan barkodlu olarak al\u0131nmal\u0131d\u0131r)<\/li><li>Son 3 Ay Maa\u015f Bordrosu ka\u015feli ve imzal\u0131 olmas\u0131 gerekir.<\/li><\/ul>\n\n\n\n<div class=\"is-layout-flex wp-block-buttons\">\n<div class=\"wp-block-button aligncenter\"><a class=\"wp-block-button__link\" href=\"http:\/\/www.alpegeturizm.com\/index.php\/iletisim\/\" style=\"border-radius:40px\">Evrak listeleri konsolosluklarca s\u00fcrekli g\u00fcncellenebilmekte olup, g\u00fcncel evrak listeleri i\u00e7in bizimle irtibata ge\u00e7iniz. <\/a><\/div>\n<\/div>\n\n\n\n<hr class=\"wp-block-separator has-text-color has-nv-site-bg-color has-alpha-channel-opacity has-nv-site-bg-background-color has-background\"\/>\n\n\n\n<div class=\"wp-block-cover alignfull\" style=\"min-height:399px\"><span aria-hidden=\"true\" class=\"wp-block-cover__background has-neve-text-color-background-color has-background-dim-100 has-background-dim\"><\/span><div class=\"wp-block-cover__inner-container\">\n<div style=\"height:140px\" aria-hidden=\"true\" class=\"wp-block-spacer\"><\/div>\n\n\n\n<div class=\"is-layout-flex wp-container-13 wp-block-columns\">\n<div class=\"is-layout-flow wp-block-column\">\n<div class=\"is-layout-flow wp-block-query\"><ul class=\"is-layout-flow wp-block-post-template\"><li class=\"wp-block-post post-1 post type-post status-publish format-standard hentry category-uncategorized\">\n\n<div class=\"is-layout-flex wp-container-6 wp-block-columns are-vertically-aligned-center\">\n<div class=\"is-layout-flow wp-block-column\"><div class=\"wp-block-image\">\n<figure class=\"aligncenter size-full is-resized\"><a href=\"http:\/\/www.alpegeturizm.com\/\"><img decoding=\"async\" loading=\"lazy\" src=\"http:\/\/www.alpegeturizm.com\/wp-content\/uploads\/2022\/07\/logosyah.png\" alt=\"\" class=\"wp-image-188\" width=\"327\" height=\"319\" srcset=\"http:\/\/www.alpegeturizm.com\/wp-content\/uploads\/2022\/07\/logosyah.png 381w, http:\/\/www.alpegeturizm.com\/wp-content\/uploads\/2022\/07\/logosyah-300x293.png 300w\" sizes=\"(max-width: 327px) 100vw, 327px\" \/><\/a><\/figure><\/div><\/div>\n<\/div>\n\n<\/li><\/ul><\/div>\n<\/div>\n\n\n\n<div class=\"is-layout-flow wp-block-column\">\n<h3 class=\"has-text-align-center\"><strong>SAYFALAR<\/strong><\/h3>\n\n\n\n<hr class=\"wp-block-separator has-alpha-channel-opacity\"\/>\n\n\n\n<p class=\"has-text-align-center\">Hizmetlerimiz<\/p>\n\n\n\n<p class=\"has-text-align-center\">Hakk\u0131m\u0131zda<\/p>\n\n\n\n<p class=\"has-text-align-center\">Vize \u0130\u015flemleri<\/p>\n\n\n\n<p class=\"has-text-align-center\">Vize Rejimleri<\/p>\n\n\n\n<p class=\"has-text-align-center\">\u0130leti\u015fim <\/p>\n<\/div>\n\n\n\n<div class=\"is-layout-flow wp-block-column\">\n<h3 class=\"has-text-align-center\"><strong>\u0130LET\u0130\u015e\u0130M B\u0130LG\u0130LER\u0130M\u0130Z<\/strong><\/h3>\n\n\n\n<hr class=\"wp-block-separator has-alpha-channel-opacity\"\/>\n\n\n\n<p>Telefon: 0 532 351 22 74<\/p>\n\n\n\n<p>Mail: huseyin@alpegeturizm.com<\/p>\n\n\n\n<p>Adres: D\u00fcnya Sa\u011fl\u0131k Sokak, Opera \u0130\u015f Merkezi No: 25 Zemin 1\/12 Taksim\/\u0130stanbul<\/p>\n\n\n\n<ul class=\"is-layout-flex wp-block-social-links\">\n\n\n\n\n\n\n\n<\/ul>\n<\/div>\n<\/div>\n\n\n\n<p class=\"has-text-align-center\">Copyright <strong>\u00a9 <\/strong> 2022 ALTUNEL WEB l T\u00fcm haklar\u0131 sakl\u0131d\u0131r.<\/p>\n<\/div><\/div>\n","protected":false},"excerpt":{"rendered":"<p>Hollanda Vizesi Almak i\u00e7in Gereken Belgeler En az 6 ay ge\u00e7erli pasaport ve t\u00fcm\u00fc eski pasaportlar\u0131n\u0131z 2 adet 30*40 Biometrik foto\u011fraf ( son 3 ay i\u00e7erisinde \u00e7ekilmi\u015f) Konfirmeli Otel, u\u00e7ak rezervasyonlar\u0131&nbsp; &#8211; Size bu konuda yard\u0131mc\u0131 olabiliriz. Seyahat sa\u011fl\u0131k sigortas\u0131 (Bizim taraf\u0131m\u0131zdan yapt\u0131r\u0131lacakt\u0131r) Banka hesaplar\u0131 (Randevu g\u00fcn\u00fc Ba\u015fvuru s\u0131ras\u0131nda 15 g\u00fcnden eski olmayan, Son 3&hellip;&nbsp;<a href=\"http:\/\/www.alpegeturizm.com\/index.php\/hollanda\/\" class=\"\" rel=\"bookmark\">Daha fazlas\u0131n\u0131 oku &raquo;<span class=\"screen-reader-text\">HOLLANDA<\/span><\/a><\/p>\n","protected":false},"author":1,"featured_media":0,"parent":0,"menu_order":0,"comment_status":"closed","ping_status":"closed","template":"","meta":{"neve_meta_sidebar":"","neve_meta_container":"","neve_meta_enable_content_width":"on","neve_meta_content_width":97,"neve_meta_title_alignment":"","neve_meta_author_avatar":"","neve_post_elements_order":"","neve_meta_disable_header":"","neve_meta_disable_footer":"on","neve_meta_disable_title":"on"},"yoast_head":"<!-- This site is optimized with the Yoast SEO plugin v19.7.1 - https:\/\/yoast.com\/wordpress\/plugins\/seo\/ -->\n<title>HOLLANDA - ALP EGE TUR\u0130ZM<\/title>\n<meta name=\"robots\" content=\"index, follow, max-snippet:-1, max-image-preview:large, max-video-preview:-1\" \/>\n<link rel=\"canonical\" href=\"http:\/\/www.alpegeturizm.com\/index.php\/hollanda\/\" \/>\n<meta property=\"og:locale\" content=\"tr_TR\" \/>\n<meta property=\"og:type\" content=\"article\" \/>\n<meta property=\"og:title\" content=\"HOLLANDA - ALP EGE TUR\u0130ZM\" \/>\n<meta property=\"og:description\" content=\"Hollanda Vizesi Almak i\u00e7in Gereken Belgeler En az 6 ay ge\u00e7erli pasaport ve t\u00fcm\u00fc eski pasaportlar\u0131n\u0131z 2 adet 30*40 Biometrik foto\u011fraf ( son 3 ay i\u00e7erisinde \u00e7ekilmi\u015f) Konfirmeli Otel, u\u00e7ak rezervasyonlar\u0131&nbsp; &#8211; Size bu konuda yard\u0131mc\u0131 olabiliriz. Seyahat sa\u011fl\u0131k sigortas\u0131 (Bizim taraf\u0131m\u0131zdan yapt\u0131r\u0131lacakt\u0131r) Banka hesaplar\u0131 (Randevu g\u00fcn\u00fc Ba\u015fvuru s\u0131ras\u0131nda 15 g\u00fcnden eski olmayan, Son 3&hellip;&nbsp;Daha fazlas\u0131n\u0131 oku &raquo;HOLLANDA\" \/>\n<meta property=\"og:url\" content=\"http:\/\/www.alpegeturizm.com\/index.php\/hollanda\/\" \/>\n<meta property=\"og:site_name\" content=\"ALP EGE TUR\u0130ZM\" \/>\n<meta property=\"article:modified_time\" content=\"2022-08-02T11:54:43+00:00\" \/>\n<meta property=\"og:image\" content=\"http:\/\/www.alpegeturizm.com\/wp-content\/uploads\/2022\/07\/logosyah.png\" \/>\n<meta name=\"twitter:card\" content=\"summary_large_image\" \/>\n<meta name=\"twitter:label1\" content=\"Tahmini okuma s\u00fcresi\" \/>\n\t<meta name=\"twitter:data1\" content=\"3 dakika\" \/>\n<script type=\"application\/ld+json\" class=\"yoast-schema-graph\">{\"@context\":\"https:\/\/schema.org\",\"@graph\":[{\"@type\":\"WebPage\",\"@id\":\"http:\/\/www.alpegeturizm.com\/index.php\/hollanda\/\",\"url\":\"http:\/\/www.alpegeturizm.com\/index.php\/hollanda\/\",\"name\":\"HOLLANDA - ALP EGE TUR\u0130ZM\",\"isPartOf\":{\"@id\":\"http:\/\/www.alpegeturizm.com\/#website\"},\"datePublished\":\"2022-08-02T10:13:56+00:00\",\"dateModified\":\"2022-08-02T11:54:43+00:00\",\"breadcrumb\":{\"@id\":\"http:\/\/www.alpegeturizm.com\/index.php\/hollanda\/#breadcrumb\"},\"inLanguage\":\"tr\",\"potentialAction\":[{\"@type\":\"ReadAction\",\"target\":[\"http:\/\/www.alpegeturizm.com\/index.php\/hollanda\/\"]}]},{\"@type\":\"BreadcrumbList\",\"@id\":\"http:\/\/www.alpegeturizm.com\/index.php\/hollanda\/#breadcrumb\",\"itemListElement\":[{\"@type\":\"ListItem\",\"position\":1,\"name\":\"Anasayfa\",\"item\":\"http:\/\/www.alpegeturizm.com\/\"},{\"@type\":\"ListItem\",\"position\":2,\"name\":\"HOLLANDA\"}]},{\"@type\":\"WebSite\",\"@id\":\"http:\/\/www.alpegeturizm.com\/#website\",\"url\":\"http:\/\/www.alpegeturizm.com\/\",\"name\":\"ALP EGE TUR\u0130ZM\",\"description\":\"Vize ve Dan\u0131\u015fmanl\u0131k Hizmetleri\",\"publisher\":{\"@id\":\"http:\/\/www.alpegeturizm.com\/#organization\"},\"potentialAction\":[{\"@type\":\"SearchAction\",\"target\":{\"@type\":\"EntryPoint\",\"urlTemplate\":\"http:\/\/www.alpegeturizm.com\/?s={search_term_string}\"},\"query-input\":\"required name=search_term_string\"}],\"inLanguage\":\"tr\"},{\"@type\":\"Organization\",\"@id\":\"http:\/\/www.alpegeturizm.com\/#organization\",\"name\":\"ALP EGE TUR\u0130ZM\",\"url\":\"http:\/\/www.alpegeturizm.com\/\",\"sameAs\":[],\"logo\":{\"@type\":\"ImageObject\",\"inLanguage\":\"tr\",\"@id\":\"http:\/\/www.alpegeturizm.com\/#\/schema\/logo\/image\/\",\"url\":\"http:\/\/www.alpegeturizm.com\/wp-content\/uploads\/2022\/07\/InkedWhatsApp-Image-2022-07-26-at-4.22.38-PM-1.jpg\",\"contentUrl\":\"http:\/\/www.alpegeturizm.com\/wp-content\/uploads\/2022\/07\/InkedWhatsApp-Image-2022-07-26-at-4.22.38-PM-1.jpg\",\"width\":1024,\"height\":452,\"caption\":\"ALP EGE TUR\u0130ZM\"},\"image\":{\"@id\":\"http:\/\/www.alpegeturizm.com\/#\/schema\/logo\/image\/\"}}]}<\/script>\n<!-- \/ Yoast SEO plugin. -->","yoast_head_json":{"title":"HOLLANDA - ALP EGE TUR\u0130ZM","robots":{"index":"index","follow":"follow","max-snippet":"max-snippet:-1","max-image-preview":"max-image-preview:large","max-video-preview":"max-video-preview:-1"},"canonical":"http:\/\/www.alpegeturizm.com\/index.php\/hollanda\/","og_locale":"tr_TR","og_type":"article","og_title":"HOLLANDA - ALP EGE TUR\u0130ZM","og_description":"Hollanda Vizesi Almak i\u00e7in Gereken Belgeler En az 6 ay ge\u00e7erli pasaport ve t\u00fcm\u00fc eski pasaportlar\u0131n\u0131z 2 adet 30*40 Biometrik foto\u011fraf ( son 3 ay i\u00e7erisinde \u00e7ekilmi\u015f) Konfirmeli Otel, u\u00e7ak rezervasyonlar\u0131&nbsp; &#8211; Size bu konuda yard\u0131mc\u0131 olabiliriz. Seyahat sa\u011fl\u0131k sigortas\u0131 (Bizim taraf\u0131m\u0131zdan yapt\u0131r\u0131lacakt\u0131r) Banka hesaplar\u0131 (Randevu g\u00fcn\u00fc Ba\u015fvuru s\u0131ras\u0131nda 15 g\u00fcnden eski olmayan, Son 3&hellip;&nbsp;Daha fazlas\u0131n\u0131 oku &raquo;HOLLANDA","og_url":"http:\/\/www.alpegeturizm.com\/index.php\/hollanda\/","og_site_name":"ALP EGE TUR\u0130ZM","article_modified_time":"2022-08-02T11:54:43+00:00","og_image":[{"url":"http:\/\/www.alpegeturizm.com\/wp-content\/uploads\/2022\/07\/logosyah.png"}],"twitter_card":"summary_large_image","twitter_misc":{"Tahmini okuma s\u00fcresi":"3 dakika"},"schema":{"@context":"https:\/\/schema.org","@graph":[{"@type":"WebPage","@id":"http:\/\/www.alpegeturizm.com\/index.php\/hollanda\/","url":"http:\/\/www.alpegeturizm.com\/index.php\/hollanda\/","name":"HOLLANDA - ALP EGE TUR\u0130ZM","isPartOf":{"@id":"http:\/\/www.alpegeturizm.com\/#website"},"datePublished":"2022-08-02T10:13:56+00:00","dateModified":"2022-08-02T11:54:43+00:00","breadcrumb":{"@id":"http:\/\/www.alpegeturizm.com\/index.php\/hollanda\/#breadcrumb"},"inLanguage":"tr","potentialAction":[{"@type":"ReadAction","target":["http:\/\/www.alpegeturizm.com\/index.php\/hollanda\/"]}]},{"@type":"BreadcrumbList","@id":"http:\/\/www.alpegeturizm.com\/index.php\/hollanda\/#breadcrumb","itemListElement":[{"@type":"ListItem","position":1,"name":"Anasayfa","item":"http:\/\/www.alpegeturizm.com\/"},{"@type":"ListItem","position":2,"name":"HOLLANDA"}]},{"@type":"WebSite","@id":"http:\/\/www.alpegeturizm.com\/#website","url":"http:\/\/www.alpegeturizm.com\/","name":"ALP EGE TUR\u0130ZM","description":"Vize ve Dan\u0131\u015fmanl\u0131k Hizmetleri","publisher":{"@id":"http:\/\/www.alpegeturizm.com\/#organization"},"potentialAction":[{"@type":"SearchAction","target":{"@type":"EntryPoint","urlTemplate":"http:\/\/www.alpegeturizm.com\/?s={search_term_string}"},"query-input":"required name=search_term_string"}],"inLanguage":"tr"},{"@type":"Organization","@id":"http:\/\/www.alpegeturizm.com\/#organization","name":"ALP EGE TUR\u0130ZM","url":"http:\/\/www.alpegeturizm.com\/","sameAs":[],"logo":{"@type":"ImageObject","inLanguage":"tr","@id":"http:\/\/www.alpegeturizm.com\/#\/schema\/logo\/image\/","url":"http:\/\/www.alpegeturizm.com\/wp-content\/uploads\/2022\/07\/InkedWhatsApp-Image-2022-07-26-at-4.22.38-PM-1.jpg","contentUrl":"http:\/\/www.alpegeturizm.com\/wp-content\/uploads\/2022\/07\/InkedWhatsApp-Image-2022-07-26-at-4.22.38-PM-1.jpg","width":1024,"height":452,"caption":"ALP EGE TUR\u0130ZM"},"image":{"@id":"http:\/\/www.alpegeturizm.com\/#\/schema\/logo\/image\/"}}]}},"_links":{"self":[{"href":"http:\/\/www.alpegeturizm.com\/index.php\/wp-json\/wp\/v2\/pages\/344"}],"collection":[{"href":"http:\/\/www.alpegeturizm.com\/index.php\/wp-json\/wp\/v2\/pages"}],"about":[{"href":"http:\/\/www.alpegeturizm.com\/index.php\/wp-json\/wp\/v2\/types\/page"}],"author":[{"embeddable":true,"href":"http:\/\/www.alpegeturizm.com\/index.php\/wp-json\/wp\/v2\/users\/1"}],"replies":[{"embeddable":true,"href":"http:\/\/www.alpegeturizm.com\/index.php\/wp-json\/wp\/v2\/comments?post=344"}],"version-history":[{"count":7,"href":"http:\/\/www.alpegeturizm.com\/index.php\/wp-json\/wp\/v2\/pages\/344\/revisions"}],"predecessor-version":[{"id":477,"href":"http:\/\/www.alpegeturizm.com\/index.php\/wp-json\/wp\/v2\/pages\/344\/revisions\/477"}],"wp:attachment":[{"href":"http:\/\/www.alpegeturizm.com\/index.php\/wp-json\/wp\/v2\/media?parent=344"}],"curies":[{"name":"wp","href":"https:\/\/api.w.org\/{rel}","templated":true}]}}