{"id":331,"date":"2022-08-01T12:40:09","date_gmt":"2022-08-01T12:40:09","guid":{"rendered":"http:\/\/www.alpegeturizm.com\/?page_id=331"},"modified":"2022-08-02T09:47:31","modified_gmt":"2022-08-02T09:47:31","slug":"misir","status":"publish","type":"page","link":"http:\/\/www.alpegeturizm.com\/index.php\/misir\/","title":{"rendered":"MISIR"},"content":{"rendered":"\n<div class=\"wp-block-cover alignfull is-light has-parallax\" style=\"background-image:url(http:\/\/www.alpegeturizm.com\/wp-content\/uploads\/2022\/08\/misir-gezisi-luxor-tapinagi-1030x687-1.jpg);min-height:443px\"><span aria-hidden=\"true\" class=\"wp-block-cover__background has-background-dim-40 has-background-dim\" style=\"background-color:#000000\"><\/span><div class=\"wp-block-cover__inner-container\">\n<h2 class=\"alignwide has-white-color has-text-color\" style=\"font-size:48px;line-height:1.2\"><strong><em>MISIR V\u0130ZES\u0130<\/em><\/strong><\/h2>\n\n\n\n<div class=\"is-layout-flex wp-container-3 wp-block-columns alignwide\">\n<div class=\"is-layout-flow wp-block-column\" style=\"flex-basis:60%\">\n<p class=\"has-nv-site-bg-color has-text-color\">M\u0131s\u0131r ya da resm\u00ee ad\u0131yla M\u0131s\u0131r Arap Cumhuriyeti, ya da k\u0131sa ve yayg\u0131n ad\u0131yla sadece M\u0131s\u0131r denilir. M\u0131s\u0131r cumhuriyetle y\u00f6netilen bir Arap \u00fclkesidir. Halk\u0131n\u0131n \u00e7o\u011funlu\u011fu M\u00fcsl\u00fcman Araplardan olu\u015fur. Ba\u015fkenti Kahire\u2019dir.<\/p>\n\n\n\n<div class=\"is-layout-flex wp-block-buttons\">\n<div class=\"wp-block-button is-style-outline\"><a class=\"wp-block-button__link has-text-color has-background\" style=\"border-radius:30px;background:linear-gradient(144deg,rgb(252,185,0) 31%,rgb(255,105,0) 91%);color:#ffffff\">M\u0131s\u0131r seyahatlerinizde vize alman\u0131z gerekmektedir. M\u0131s\u0131r vizesi al\u0131rken 45 ya\u015f\u0131ndan k\u00fc\u00e7\u00fck olan yolcular i\u00e7in soru\u015fturma yap\u0131lmaktad\u0131r. Vize onay s\u00fcreci ortalama 3 hafta s\u00fcrmektedir. <\/a><\/div>\n<\/div>\n<\/div>\n<\/div>\n<\/div><\/div>\n\n\n\n<hr class=\"wp-block-separator has-text-color has-nv-site-bg-color has-alpha-channel-opacity has-nv-site-bg-background-color has-background\"\/>\n\n\n\n<h2 class=\"has-text-align-center\">M\u0131s\u0131r Vizesi Almak i\u00e7in Gerekli Belgeler<\/h2>\n\n\n\n<h3><strong>Ticari Ama\u00e7l\u0131<\/strong> M\u0131s\u0131r Seyahati i\u00e7in Gerekli Olan Belgeler<\/h3>\n\n\n\n<ul><li>\u015eirket antetli ka\u011f\u0131da \u0130ngilizce yaz\u0131lm\u0131\u015f ka\u015feli ve yetkili ki\u015fi taraf\u0131ndan imzal\u0131 vize talep dilek\u00e7esi (\u015firketteki g\u00f6revi ve seyahat tarihleri yaz\u0131lmal\u0131 ve \u0131slak imza \/ ka\u015feli olmal\u0131d\u0131r.)<\/li><\/ul>\n\n\n\n<ul class=\"has-background\" style=\"background:linear-gradient(144deg,rgb(238,238,238) 0%,rgb(169,184,195) 100%)\"><li>M\u0131s\u0131r\u2019dan davetiye <strong>(bu davetiye konsolosluk dikkatine olmal\u0131 ve konsoloslu\u011fa<\/strong> <strong>fakslanmal\u0131d\u0131r.) <\/strong>(\u0130ngilizce veya arap\u00e7a olmal\u0131d\u0131r. Seyahat tarihleri net yaz\u0131lmal\u0131d\u0131r. \u0130mzal\u0131 ve ka\u015feli olmal\u0131d\u0131r.)<\/li><li>N\u00fcfus c\u00fczdan fotokopisi<\/li><li>2 adet yeni \u00e7ekilmi\u015f arka fon beyaz vesikal\u0131k resim<\/li><li>E-devletten ikametgah<\/li><li>Seyahat tarihi itibari ile en az alt\u0131 ay ge\u00e7erli imzal\u0131 pasaport. Pasaport 10 y\u0131ldan eski\u00a0olmamal\u0131 ve en az 2 adet bo\u015f vize sayfas\u0131 olmal\u0131d\u0131r.<\/li><li>\u0130mzal\u0131 ve doldurulmu\u015f vize ba\u015fvuru formu<\/li><li>Yabanc\u0131 uyruklu vatanda\u015flar i\u00e7in \u00e7al\u0131\u015fma ve oturum izninin asl\u0131 ve fotokopisi<\/li><li>Pasaportun resimli sayfas\u0131, var ise eski M\u0131s\u0131r vize sayfas\u0131 fotokopisi<\/li><\/ul>\n\n\n\n<h3><strong><strong>Turistik Ama\u00e7l\u0131<\/strong> M\u0131s\u0131r Seyahati i\u00e7in Gerekli Olan Belgeler<\/strong><\/h3>\n\n\n\n<ul class=\"has-background\" style=\"background:linear-gradient(144deg,rgb(238,238,238) 0%,rgb(169,184,195) 100%)\"><li>\u015eirket antetli ka\u011f\u0131da \u0130ngilizce yaz\u0131lm\u0131\u015f ka\u015feli ve yetkili ki\u015fi taraf\u0131ndan imzal\u0131 vize talep dilek\u00e7esi (\u015firketteki g\u00f6revi ve seyahat tarihleri yaz\u0131lmal\u0131 ve \u0131slak imza \/ ka\u015feli olmal\u0131d\u0131r.)<\/li><li>Otel rezervasyonu<\/li><li>U\u00e7ak rezervasyonu<\/li><li>N\u00fcfus c\u00fczdan fotokopisi<\/li><li>Bakiye g\u00f6r\u00fcn\u00fcr ve g\u00fcncel banka ka\u015feli imzali ve ayn\u0131 zamanda imza atan banka g\u00f6revlisinin ekine eklenildi\u011fi son \u00fc\u00e7 ay banka hesap hareketleri veya banka hesap c\u00fczdan defter fotokopisi<\/li><li>2 adet yeni \u00e7ekilmi\u015f arka fon beyaz vesikalik resim<\/li><li>E-devletten ikametgah<\/li><li>Seyahat tarihi itibari ile en az 6 ay ge\u00e7erli imzal\u0131 pasaport. Pasaport 10 y\u0131ldan eski olmamal\u0131 ve en az 2 adet bo\u015f vize sayfas\u0131 olmal\u0131d\u0131r.<\/li><li>\u0130mzal\u0131 ve doldurulmu\u015f vize ba\u015fvuru formu<\/li><li>Yabanc\u0131 uyruklu vatanda\u015flar i\u00e7in \u00e7al\u0131\u015fma ve oturum izninin asl\u0131 ve fotokopisi<\/li><li>Pasaportun resimli sayfas\u0131, var ise eski M\u0131s\u0131r vize sayfas\u0131 fotokopisi<\/li><\/ul>\n\n\n\n<div class=\"is-layout-flex wp-block-buttons\">\n<div class=\"wp-block-button\"><a class=\"wp-block-button__link has-background\" style=\"border-radius:40px;background:linear-gradient(144deg,rgb(252,185,0) 0%,rgb(255,105,0) 100%)\"><strong>NOT:<\/strong> Daha \u00f6nce 2 adet ticari M\u0131s\u0131r vizesi varsa ve gelen davetiye \u00e7ok giri\u015fli vize olarak gelirse, vize \u00e7ok giri\u015fli verilir. Aksi durumda tek giri\u015fli vize verilmektedir. Daha \u00f6nce bir\u00e7ok turistik M\u0131s\u0131r vizesi olsa da tek giri\u015fli vize verilmektedir.<\/a><\/div>\n<\/div>\n\n\n\n<hr class=\"wp-block-separator has-text-color has-nv-site-bg-color has-alpha-channel-opacity has-nv-site-bg-background-color has-background\"\/>\n\n\n\n<div class=\"is-layout-flex wp-block-buttons\">\n<div class=\"wp-block-button aligncenter\"><a class=\"wp-block-button__link\" href=\"http:\/\/www.alpegeturizm.com\/index.php\/iletisim\/\" style=\"border-radius:40px\">Evrak listeleri konsolosluklarca s\u00fcrekli g\u00fcncellenebilmekte olup, g\u00fcncel evrak listeleri i\u00e7in bizimle irtibata ge\u00e7iniz. <\/a><\/div>\n<\/div>\n\n\n\n<hr class=\"wp-block-separator has-text-color has-nv-site-bg-color has-alpha-channel-opacity has-nv-site-bg-background-color has-background\"\/>\n\n\n\n<div class=\"wp-block-cover alignfull\" style=\"min-height:399px\"><span aria-hidden=\"true\" class=\"wp-block-cover__background has-neve-text-color-background-color has-background-dim-100 has-background-dim\"><\/span><div class=\"wp-block-cover__inner-container\">\n<div style=\"height:140px\" aria-hidden=\"true\" class=\"wp-block-spacer\"><\/div>\n\n\n\n<div class=\"is-layout-flex wp-container-14 wp-block-columns\">\n<div class=\"is-layout-flow wp-block-column\">\n<div class=\"is-layout-flow wp-block-query\"><ul class=\"is-layout-flow wp-block-post-template\"><li class=\"wp-block-post post-1 post type-post status-publish format-standard hentry category-uncategorized\">\n\n<div class=\"is-layout-flex wp-container-7 wp-block-columns are-vertically-aligned-center\">\n<div class=\"is-layout-flow wp-block-column\"><div class=\"wp-block-image\">\n<figure class=\"aligncenter size-full is-resized\"><img decoding=\"async\" loading=\"lazy\" src=\"http:\/\/www.alpegeturizm.com\/wp-content\/uploads\/2022\/07\/logosyah.png\" alt=\"\" class=\"wp-image-188\" width=\"327\" height=\"319\" srcset=\"http:\/\/www.alpegeturizm.com\/wp-content\/uploads\/2022\/07\/logosyah.png 381w, http:\/\/www.alpegeturizm.com\/wp-content\/uploads\/2022\/07\/logosyah-300x293.png 300w\" sizes=\"(max-width: 327px) 100vw, 327px\" \/><\/figure><\/div><\/div>\n<\/div>\n\n<\/li><\/ul><\/div>\n<\/div>\n\n\n\n<div class=\"is-layout-flow wp-block-column\">\n<h3 class=\"has-text-align-center\"><strong>SAYFALAR<\/strong><\/h3>\n\n\n\n<hr class=\"wp-block-separator has-alpha-channel-opacity\"\/>\n\n\n\n<p class=\"has-text-align-center\">Hizmetlerimiz<\/p>\n\n\n\n<p class=\"has-text-align-center\">Hakk\u0131m\u0131zda<\/p>\n\n\n\n<p class=\"has-text-align-center\">Vize \u0130\u015flemleri<\/p>\n\n\n\n<p class=\"has-text-align-center\">Vize Rejimleri<\/p>\n\n\n\n<p class=\"has-text-align-center\">\u0130leti\u015fim <\/p>\n<\/div>\n\n\n\n<div class=\"is-layout-flow wp-block-column\">\n<h3 class=\"has-text-align-center\"><strong>\u0130LET\u0130\u015e\u0130M B\u0130LG\u0130LER\u0130M\u0130Z<\/strong><\/h3>\n\n\n\n<hr class=\"wp-block-separator has-alpha-channel-opacity\"\/>\n\n\n\n<p>Telefon: 0 532 351 22 74<\/p>\n\n\n\n<p>Mail: huseyin@alpegeturizm.com<\/p>\n\n\n\n<p>Adres: D\u00fcnya Sa\u011fl\u0131k Sokak, Opera \u0130\u015f Merkezi No: 25 Zemin 1\/12 Taksim\/\u0130stanbul<\/p>\n\n\n\n<ul class=\"is-layout-flex wp-block-social-links\">\n\n\n\n\n\n\n\n<\/ul>\n<\/div>\n<\/div>\n\n\n\n<p class=\"has-text-align-center\">Copyright <strong>\u00a9 <\/strong> 2022 ALTUNEL WEB l T\u00fcm haklar\u0131 sakl\u0131d\u0131r.<\/p>\n<\/div><\/div>\n","protected":false},"excerpt":{"rendered":"<p>M\u0131s\u0131r Vizesi Almak i\u00e7in Gerekli Belgeler Ticari Ama\u00e7l\u0131 M\u0131s\u0131r Seyahati i\u00e7in Gerekli Olan Belgeler \u015eirket antetli ka\u011f\u0131da \u0130ngilizce yaz\u0131lm\u0131\u015f ka\u015feli ve yetkili ki\u015fi taraf\u0131ndan imzal\u0131 vize talep dilek\u00e7esi (\u015firketteki g\u00f6revi ve seyahat tarihleri yaz\u0131lmal\u0131 ve \u0131slak imza \/ ka\u015feli olmal\u0131d\u0131r.) M\u0131s\u0131r\u2019dan davetiye (bu davetiye konsolosluk dikkatine olmal\u0131 ve konsoloslu\u011fa fakslanmal\u0131d\u0131r.) (\u0130ngilizce veya arap\u00e7a olmal\u0131d\u0131r. Seyahat&hellip;&nbsp;<a href=\"http:\/\/www.alpegeturizm.com\/index.php\/misir\/\" class=\"\" rel=\"bookmark\">Daha fazlas\u0131n\u0131 oku &raquo;<span class=\"screen-reader-text\">MISIR<\/span><\/a><\/p>\n","protected":false},"author":1,"featured_media":0,"parent":0,"menu_order":0,"comment_status":"closed","ping_status":"closed","template":"","meta":{"neve_meta_sidebar":"","neve_meta_container":"","neve_meta_enable_content_width":"on","neve_meta_content_width":96,"neve_meta_title_alignment":"","neve_meta_author_avatar":"","neve_post_elements_order":"","neve_meta_disable_header":"off","neve_meta_disable_footer":"on","neve_meta_disable_title":"on"},"yoast_head":"<!-- This site is optimized with the Yoast SEO plugin v19.7.1 - https:\/\/yoast.com\/wordpress\/plugins\/seo\/ -->\n<title>MISIR - ALP EGE TUR\u0130ZM<\/title>\n<meta name=\"robots\" content=\"index, follow, max-snippet:-1, max-image-preview:large, max-video-preview:-1\" \/>\n<link rel=\"canonical\" href=\"http:\/\/www.alpegeturizm.com\/index.php\/misir\/\" \/>\n<meta property=\"og:locale\" content=\"tr_TR\" \/>\n<meta property=\"og:type\" content=\"article\" \/>\n<meta property=\"og:title\" content=\"MISIR - ALP EGE TUR\u0130ZM\" \/>\n<meta property=\"og:description\" content=\"M\u0131s\u0131r Vizesi Almak i\u00e7in Gerekli Belgeler Ticari Ama\u00e7l\u0131 M\u0131s\u0131r Seyahati i\u00e7in Gerekli Olan Belgeler \u015eirket antetli ka\u011f\u0131da \u0130ngilizce yaz\u0131lm\u0131\u015f ka\u015feli ve yetkili ki\u015fi taraf\u0131ndan imzal\u0131 vize talep dilek\u00e7esi (\u015firketteki g\u00f6revi ve seyahat tarihleri yaz\u0131lmal\u0131 ve \u0131slak imza \/ ka\u015feli olmal\u0131d\u0131r.) M\u0131s\u0131r\u2019dan davetiye (bu davetiye konsolosluk dikkatine olmal\u0131 ve konsoloslu\u011fa fakslanmal\u0131d\u0131r.) (\u0130ngilizce veya arap\u00e7a olmal\u0131d\u0131r. Seyahat&hellip;&nbsp;Daha fazlas\u0131n\u0131 oku &raquo;MISIR\" \/>\n<meta property=\"og:url\" content=\"http:\/\/www.alpegeturizm.com\/index.php\/misir\/\" \/>\n<meta property=\"og:site_name\" content=\"ALP EGE TUR\u0130ZM\" \/>\n<meta property=\"article:modified_time\" content=\"2022-08-02T09:47:31+00:00\" \/>\n<meta property=\"og:image\" content=\"http:\/\/www.alpegeturizm.com\/wp-content\/uploads\/2022\/07\/logosyah.png\" \/>\n<meta name=\"twitter:card\" content=\"summary_large_image\" \/>\n<meta name=\"twitter:label1\" content=\"Tahmini okuma s\u00fcresi\" \/>\n\t<meta name=\"twitter:data1\" content=\"3 dakika\" \/>\n<script type=\"application\/ld+json\" class=\"yoast-schema-graph\">{\"@context\":\"https:\/\/schema.org\",\"@graph\":[{\"@type\":\"WebPage\",\"@id\":\"http:\/\/www.alpegeturizm.com\/index.php\/misir\/\",\"url\":\"http:\/\/www.alpegeturizm.com\/index.php\/misir\/\",\"name\":\"MISIR - ALP EGE TUR\u0130ZM\",\"isPartOf\":{\"@id\":\"http:\/\/www.alpegeturizm.com\/#website\"},\"datePublished\":\"2022-08-01T12:40:09+00:00\",\"dateModified\":\"2022-08-02T09:47:31+00:00\",\"breadcrumb\":{\"@id\":\"http:\/\/www.alpegeturizm.com\/index.php\/misir\/#breadcrumb\"},\"inLanguage\":\"tr\",\"potentialAction\":[{\"@type\":\"ReadAction\",\"target\":[\"http:\/\/www.alpegeturizm.com\/index.php\/misir\/\"]}]},{\"@type\":\"BreadcrumbList\",\"@id\":\"http:\/\/www.alpegeturizm.com\/index.php\/misir\/#breadcrumb\",\"itemListElement\":[{\"@type\":\"ListItem\",\"position\":1,\"name\":\"Anasayfa\",\"item\":\"http:\/\/www.alpegeturizm.com\/\"},{\"@type\":\"ListItem\",\"position\":2,\"name\":\"MISIR\"}]},{\"@type\":\"WebSite\",\"@id\":\"http:\/\/www.alpegeturizm.com\/#website\",\"url\":\"http:\/\/www.alpegeturizm.com\/\",\"name\":\"ALP EGE TUR\u0130ZM\",\"description\":\"Vize ve Dan\u0131\u015fmanl\u0131k Hizmetleri\",\"publisher\":{\"@id\":\"http:\/\/www.alpegeturizm.com\/#organization\"},\"potentialAction\":[{\"@type\":\"SearchAction\",\"target\":{\"@type\":\"EntryPoint\",\"urlTemplate\":\"http:\/\/www.alpegeturizm.com\/?s={search_term_string}\"},\"query-input\":\"required name=search_term_string\"}],\"inLanguage\":\"tr\"},{\"@type\":\"Organization\",\"@id\":\"http:\/\/www.alpegeturizm.com\/#organization\",\"name\":\"ALP EGE TUR\u0130ZM\",\"url\":\"http:\/\/www.alpegeturizm.com\/\",\"sameAs\":[],\"logo\":{\"@type\":\"ImageObject\",\"inLanguage\":\"tr\",\"@id\":\"http:\/\/www.alpegeturizm.com\/#\/schema\/logo\/image\/\",\"url\":\"http:\/\/www.alpegeturizm.com\/wp-content\/uploads\/2022\/07\/InkedWhatsApp-Image-2022-07-26-at-4.22.38-PM-1.jpg\",\"contentUrl\":\"http:\/\/www.alpegeturizm.com\/wp-content\/uploads\/2022\/07\/InkedWhatsApp-Image-2022-07-26-at-4.22.38-PM-1.jpg\",\"width\":1024,\"height\":452,\"caption\":\"ALP EGE TUR\u0130ZM\"},\"image\":{\"@id\":\"http:\/\/www.alpegeturizm.com\/#\/schema\/logo\/image\/\"}}]}<\/script>\n<!-- \/ Yoast SEO plugin. -->","yoast_head_json":{"title":"MISIR - ALP EGE TUR\u0130ZM","robots":{"index":"index","follow":"follow","max-snippet":"max-snippet:-1","max-image-preview":"max-image-preview:large","max-video-preview":"max-video-preview:-1"},"canonical":"http:\/\/www.alpegeturizm.com\/index.php\/misir\/","og_locale":"tr_TR","og_type":"article","og_title":"MISIR - ALP EGE TUR\u0130ZM","og_description":"M\u0131s\u0131r Vizesi Almak i\u00e7in Gerekli Belgeler Ticari Ama\u00e7l\u0131 M\u0131s\u0131r Seyahati i\u00e7in Gerekli Olan Belgeler \u015eirket antetli ka\u011f\u0131da \u0130ngilizce yaz\u0131lm\u0131\u015f ka\u015feli ve yetkili ki\u015fi taraf\u0131ndan imzal\u0131 vize talep dilek\u00e7esi (\u015firketteki g\u00f6revi ve seyahat tarihleri yaz\u0131lmal\u0131 ve \u0131slak imza \/ ka\u015feli olmal\u0131d\u0131r.) M\u0131s\u0131r\u2019dan davetiye (bu davetiye konsolosluk dikkatine olmal\u0131 ve konsoloslu\u011fa fakslanmal\u0131d\u0131r.) (\u0130ngilizce veya arap\u00e7a olmal\u0131d\u0131r. Seyahat&hellip;&nbsp;Daha fazlas\u0131n\u0131 oku &raquo;MISIR","og_url":"http:\/\/www.alpegeturizm.com\/index.php\/misir\/","og_site_name":"ALP EGE TUR\u0130ZM","article_modified_time":"2022-08-02T09:47:31+00:00","og_image":[{"url":"http:\/\/www.alpegeturizm.com\/wp-content\/uploads\/2022\/07\/logosyah.png"}],"twitter_card":"summary_large_image","twitter_misc":{"Tahmini okuma s\u00fcresi":"3 dakika"},"schema":{"@context":"https:\/\/schema.org","@graph":[{"@type":"WebPage","@id":"http:\/\/www.alpegeturizm.com\/index.php\/misir\/","url":"http:\/\/www.alpegeturizm.com\/index.php\/misir\/","name":"MISIR - ALP EGE TUR\u0130ZM","isPartOf":{"@id":"http:\/\/www.alpegeturizm.com\/#website"},"datePublished":"2022-08-01T12:40:09+00:00","dateModified":"2022-08-02T09:47:31+00:00","breadcrumb":{"@id":"http:\/\/www.alpegeturizm.com\/index.php\/misir\/#breadcrumb"},"inLanguage":"tr","potentialAction":[{"@type":"ReadAction","target":["http:\/\/www.alpegeturizm.com\/index.php\/misir\/"]}]},{"@type":"BreadcrumbList","@id":"http:\/\/www.alpegeturizm.com\/index.php\/misir\/#breadcrumb","itemListElement":[{"@type":"ListItem","position":1,"name":"Anasayfa","item":"http:\/\/www.alpegeturizm.com\/"},{"@type":"ListItem","position":2,"name":"MISIR"}]},{"@type":"WebSite","@id":"http:\/\/www.alpegeturizm.com\/#website","url":"http:\/\/www.alpegeturizm.com\/","name":"ALP EGE TUR\u0130ZM","description":"Vize ve Dan\u0131\u015fmanl\u0131k Hizmetleri","publisher":{"@id":"http:\/\/www.alpegeturizm.com\/#organization"},"potentialAction":[{"@type":"SearchAction","target":{"@type":"EntryPoint","urlTemplate":"http:\/\/www.alpegeturizm.com\/?s={search_term_string}"},"query-input":"required name=search_term_string"}],"inLanguage":"tr"},{"@type":"Organization","@id":"http:\/\/www.alpegeturizm.com\/#organization","name":"ALP EGE TUR\u0130ZM","url":"http:\/\/www.alpegeturizm.com\/","sameAs":[],"logo":{"@type":"ImageObject","inLanguage":"tr","@id":"http:\/\/www.alpegeturizm.com\/#\/schema\/logo\/image\/","url":"http:\/\/www.alpegeturizm.com\/wp-content\/uploads\/2022\/07\/InkedWhatsApp-Image-2022-07-26-at-4.22.38-PM-1.jpg","contentUrl":"http:\/\/www.alpegeturizm.com\/wp-content\/uploads\/2022\/07\/InkedWhatsApp-Image-2022-07-26-at-4.22.38-PM-1.jpg","width":1024,"height":452,"caption":"ALP EGE TUR\u0130ZM"},"image":{"@id":"http:\/\/www.alpegeturizm.com\/#\/schema\/logo\/image\/"}}]}},"_links":{"self":[{"href":"http:\/\/www.alpegeturizm.com\/index.php\/wp-json\/wp\/v2\/pages\/331"}],"collection":[{"href":"http:\/\/www.alpegeturizm.com\/index.php\/wp-json\/wp\/v2\/pages"}],"about":[{"href":"http:\/\/www.alpegeturizm.com\/index.php\/wp-json\/wp\/v2\/types\/page"}],"author":[{"embeddable":true,"href":"http:\/\/www.alpegeturizm.com\/index.php\/wp-json\/wp\/v2\/users\/1"}],"replies":[{"embeddable":true,"href":"http:\/\/www.alpegeturizm.com\/index.php\/wp-json\/wp\/v2\/comments?post=331"}],"version-history":[{"count":10,"href":"http:\/\/www.alpegeturizm.com\/index.php\/wp-json\/wp\/v2\/pages\/331\/revisions"}],"predecessor-version":[{"id":426,"href":"http:\/\/www.alpegeturizm.com\/index.php\/wp-json\/wp\/v2\/pages\/331\/revisions\/426"}],"wp:attachment":[{"href":"http:\/\/www.alpegeturizm.com\/index.php\/wp-json\/wp\/v2\/media?parent=331"}],"curies":[{"name":"wp","href":"https:\/\/api.w.org\/{rel}","templated":true}]}}