{"id":288,"date":"2022-08-01T11:14:53","date_gmt":"2022-08-01T11:14:53","guid":{"rendered":"http:\/\/www.alpegeturizm.com\/?page_id=288"},"modified":"2022-08-02T12:04:39","modified_gmt":"2022-08-02T12:04:39","slug":"amerika","status":"publish","type":"page","link":"http:\/\/www.alpegeturizm.com\/index.php\/amerika\/","title":{"rendered":"A.B.D."},"content":{"rendered":"\n<div class=\"wp-block-cover alignfull is-light has-parallax\" style=\"background-image:url(http:\/\/www.alpegeturizm.com\/wp-content\/uploads\/2022\/08\/1200x627-amerikada-gorulmeye-deger-5-kent-1562660514953.jpg);min-height:400px\"><span aria-hidden=\"true\" class=\"wp-block-cover__background has-background-dim-40 has-background-dim\" style=\"background-color:#000000\"><\/span><div class=\"wp-block-cover__inner-container\">\n<h2 class=\"has-text-align-left alignwide has-white-color has-text-color\" style=\"font-size:48px;line-height:1.2\"><strong><em>A.B.D V\u0130ZES\u0130<\/em><\/strong><\/h2>\n\n\n\n<div class=\"is-layout-flex wp-container-3 wp-block-columns alignwide\">\n<div class=\"is-layout-flow wp-block-column\" style=\"flex-basis:60%\">\n<p class=\"has-nv-site-bg-color has-text-color\">Amerika Birle\u015fik Devletleri elli eyalet ve bir federal b\u00f6lgeden olu\u015fan bir cumhuriyettir. \u00dclkenin geli\u015fmi\u015flik seviyesi, teknolojik imkanlar\u0131 vb. etkenler g\u00f6z \u00f6n\u00fcne al\u0131nd\u0131\u011f\u0131nda d\u00fcnyan\u0131n en g\u00fc\u00e7l\u00fc devletlerinden biridir.<\/p>\n\n\n\n<div class=\"is-layout-flex wp-block-buttons\">\n<div class=\"wp-block-button aligncenter has-custom-font-size is-style-outline has-small-font-size\"><a class=\"wp-block-button__link has-text-color has-background\" style=\"border-radius:30px;background:linear-gradient(150deg,rgb(255,203,112) 12%,rgb(199,81,192) 69%,rgb(65,88,208) 100%);color:#ffffff\">Amerika seyahatlerinizde vize alman\u0131z gerekmektedir. T\u00fcm vize ba\u015fvurular\u0131 \u015fahsen Amerika konsoloslu\u011fu \u00fczerinden yap\u0131lmaktad\u0131r. (Amerika vizesi al\u0131rken foto\u011fraflar\u0131n\u0131z 5&#215;5 cm format\u0131nda olmal\u0131d\u0131r.)<\/a><\/div>\n<\/div>\n<\/div>\n<\/div>\n<\/div><\/div>\n\n\n\n<hr class=\"wp-block-separator has-text-color has-nv-site-bg-color has-alpha-channel-opacity has-nv-site-bg-background-color has-background\"\/>\n\n\n\n<h2>Amerika Vizesi i\u00e7in Almak i\u00e7in Gerekli Olan Belgeler<\/h2>\n\n\n\n<ul type=\"1\" class=\"has-background\" style=\"background:linear-gradient(144deg,rgb(238,238,238) 0%,rgb(169,184,195) 100%)\"><li>Antetli ka\u011f\u0131da konsoloslu\u011fa hitaben \u0130ngilizce dilek\u00e7e<\/li><li>Antetli ka\u011f\u0131da isme davetiye ( Ticari gidiliyor ise )<\/li><li>Faaliyet belgesi ( 3 aydan eski de\u011fil )<\/li><li>\u0130mza sirk\u00fcleri<\/li><li>Vergi levhas\u0131<\/li><li>Ticari sicil gazetesi<\/li><li>SSK i\u015fe giri\u015f bildirgesi ( e-devletten\u00a0 kare kodlu )<\/li><li>SSK hizmet cetveli d\u00f6k\u00fcm\u00fc ( e-devletten kare kodlu )<\/li><li>Son 3 aya ait maa\u015f bordrosu<\/li><li>2 adet beyaz fonlu 5&#215;5 ebatlar\u0131nda resim ( son 1 ay i\u00e7inde \u00e7ekilmi\u015f, bknz. Konsolosluk web sitesine )<\/li><li>Otel rezervasyonu<\/li><li>U\u00e7u\u015f rezervasyonu<\/li><li>Pasaport ( seyahat d\u00f6n\u00fc\u015f\u00fcnden itibaren en az 6 ay daha ge\u00e7erli olmal\u0131d\u0131r )<\/li><li>Eksiksiz doldurulmu\u015f \u00f6n bilgi formu<\/li><\/ul>\n\n\n\n<p class=\"has-nv-site-bg-color has-nv-dark-bg-background-color has-text-color has-background\">Amerika vize ba\u015fvurular\u0131nda 14 ya\u015f\u0131ndan k\u00fc\u00e7\u00fck yolcular\u0131n \u015fahsen m\u00fcracaat etmesine gerek yoktur.<\/p>\n\n\n\n<div class=\"wp-block-cover alignfull\" style=\"min-height:300px\"><span aria-hidden=\"true\" class=\"wp-block-cover__background has-neve-text-color-background-color has-background-dim-100 has-background-dim\"><\/span><div class=\"wp-block-cover__inner-container\">\n<div style=\"height:140px\" aria-hidden=\"true\" class=\"wp-block-spacer\"><\/div>\n\n\n\n<div class=\"is-layout-flex wp-container-12 wp-block-columns\">\n<div class=\"is-layout-flow wp-block-column\">\n<div class=\"is-layout-flow wp-block-query\"><ul class=\"is-layout-flow wp-block-post-template\"><li class=\"wp-block-post post-1 post type-post status-publish format-standard hentry category-uncategorized\">\n\n<div class=\"is-layout-flex wp-container-5 wp-block-columns are-vertically-aligned-center\">\n<div class=\"is-layout-flow wp-block-column\"><div class=\"wp-block-image\">\n<figure class=\"aligncenter size-full is-resized\"><a href=\"http:\/\/www.alpegeturizm.com\/\"><img decoding=\"async\" loading=\"lazy\" src=\"http:\/\/www.alpegeturizm.com\/wp-content\/uploads\/2022\/07\/logosyah.png\" alt=\"\" class=\"wp-image-188\" width=\"327\" height=\"319\" srcset=\"http:\/\/www.alpegeturizm.com\/wp-content\/uploads\/2022\/07\/logosyah.png 381w, http:\/\/www.alpegeturizm.com\/wp-content\/uploads\/2022\/07\/logosyah-300x293.png 300w\" sizes=\"(max-width: 327px) 100vw, 327px\" \/><\/a><\/figure><\/div><\/div>\n<\/div>\n\n<\/li><\/ul><\/div>\n<\/div>\n\n\n\n<div class=\"is-layout-flow wp-block-column\">\n<h3 class=\"has-text-align-center\"><strong>SAYFALAR<\/strong><\/h3>\n\n\n\n<hr class=\"wp-block-separator has-alpha-channel-opacity\"\/>\n\n\n\n<p class=\"has-text-align-center\">Hizmetlerimiz<\/p>\n\n\n\n<p class=\"has-text-align-center\">Hakk\u0131m\u0131zda<\/p>\n\n\n\n<p class=\"has-text-align-center\">Vize \u0130\u015flemleri<\/p>\n\n\n\n<p class=\"has-text-align-center\">Vize Rejimleri<\/p>\n\n\n\n<p class=\"has-text-align-center\">\u0130leti\u015fim <\/p>\n<\/div>\n\n\n\n<div class=\"is-layout-flow wp-block-column\">\n<h3 class=\"has-text-align-center\"><strong>\u0130LET\u0130\u015e\u0130M B\u0130LG\u0130LER\u0130M\u0130Z<\/strong><\/h3>\n\n\n\n<hr class=\"wp-block-separator has-alpha-channel-opacity\"\/>\n\n\n\n<p>Telefon: 0 532 351 22 74<\/p>\n\n\n\n<p>Mail: huseyin@alpegeturizm.com<\/p>\n\n\n\n<p>Adres: D\u00fcnya Sa\u011fl\u0131k Sokak, Opera \u0130\u015f Merkezi No: 25 Zemin 1\/12 Taksim\/\u0130stanbul<\/p>\n\n\n\n<ul class=\"is-layout-flex wp-block-social-links\">\n\n\n\n\n\n\n\n<\/ul>\n<\/div>\n<\/div>\n\n\n\n<p class=\"has-text-align-center\">Copyright <strong>\u00a9 <\/strong> 2022 ALTUNEL WEB l T\u00fcm haklar\u0131 sakl\u0131d\u0131r.<\/p>\n<\/div><\/div>\n","protected":false},"excerpt":{"rendered":"<p>Amerika Vizesi i\u00e7in Almak i\u00e7in Gerekli Olan Belgeler Antetli ka\u011f\u0131da konsoloslu\u011fa hitaben \u0130ngilizce dilek\u00e7e Antetli ka\u011f\u0131da isme davetiye ( Ticari gidiliyor ise ) Faaliyet belgesi ( 3 aydan eski de\u011fil ) \u0130mza sirk\u00fcleri Vergi levhas\u0131 Ticari sicil gazetesi SSK i\u015fe giri\u015f bildirgesi ( e-devletten\u00a0 kare kodlu ) SSK hizmet cetveli d\u00f6k\u00fcm\u00fc ( e-devletten kare kodlu&hellip;&nbsp;<a href=\"http:\/\/www.alpegeturizm.com\/index.php\/amerika\/\" class=\"\" rel=\"bookmark\">Daha fazlas\u0131n\u0131 oku &raquo;<span class=\"screen-reader-text\">A.B.D.<\/span><\/a><\/p>\n","protected":false},"author":1,"featured_media":0,"parent":0,"menu_order":0,"comment_status":"closed","ping_status":"closed","template":"","meta":{"neve_meta_sidebar":"","neve_meta_container":"","neve_meta_enable_content_width":"on","neve_meta_content_width":90,"neve_meta_title_alignment":"","neve_meta_author_avatar":"","neve_post_elements_order":"","neve_meta_disable_header":"","neve_meta_disable_footer":"on","neve_meta_disable_title":"on"},"yoast_head":"<!-- This site is optimized with the Yoast SEO plugin v19.7.1 - https:\/\/yoast.com\/wordpress\/plugins\/seo\/ -->\n<title>A.B.D. - ALP EGE TUR\u0130ZM<\/title>\n<meta name=\"robots\" content=\"index, follow, max-snippet:-1, max-image-preview:large, max-video-preview:-1\" \/>\n<link rel=\"canonical\" href=\"http:\/\/www.alpegeturizm.com\/index.php\/amerika\/\" \/>\n<meta property=\"og:locale\" content=\"tr_TR\" \/>\n<meta property=\"og:type\" content=\"article\" \/>\n<meta property=\"og:title\" content=\"A.B.D. - ALP EGE TUR\u0130ZM\" \/>\n<meta property=\"og:description\" content=\"Amerika Vizesi i\u00e7in Almak i\u00e7in Gerekli Olan Belgeler Antetli ka\u011f\u0131da konsoloslu\u011fa hitaben \u0130ngilizce dilek\u00e7e Antetli ka\u011f\u0131da isme davetiye ( Ticari gidiliyor ise ) Faaliyet belgesi ( 3 aydan eski de\u011fil ) \u0130mza sirk\u00fcleri Vergi levhas\u0131 Ticari sicil gazetesi SSK i\u015fe giri\u015f bildirgesi ( e-devletten\u00a0 kare kodlu ) SSK hizmet cetveli d\u00f6k\u00fcm\u00fc ( e-devletten kare kodlu&hellip;&nbsp;Daha fazlas\u0131n\u0131 oku &raquo;A.B.D.\" \/>\n<meta property=\"og:url\" content=\"http:\/\/www.alpegeturizm.com\/index.php\/amerika\/\" \/>\n<meta property=\"og:site_name\" content=\"ALP EGE TUR\u0130ZM\" \/>\n<meta property=\"article:modified_time\" content=\"2022-08-02T12:04:39+00:00\" \/>\n<meta property=\"og:image\" content=\"http:\/\/www.alpegeturizm.com\/wp-content\/uploads\/2022\/07\/logosyah.png\" \/>\n<meta name=\"twitter:card\" content=\"summary_large_image\" \/>\n<meta name=\"twitter:label1\" content=\"Tahmini okuma s\u00fcresi\" \/>\n\t<meta name=\"twitter:data1\" content=\"1 dakika\" \/>\n<script type=\"application\/ld+json\" class=\"yoast-schema-graph\">{\"@context\":\"https:\/\/schema.org\",\"@graph\":[{\"@type\":\"WebPage\",\"@id\":\"http:\/\/www.alpegeturizm.com\/index.php\/amerika\/\",\"url\":\"http:\/\/www.alpegeturizm.com\/index.php\/amerika\/\",\"name\":\"A.B.D. - ALP EGE TUR\u0130ZM\",\"isPartOf\":{\"@id\":\"http:\/\/www.alpegeturizm.com\/#website\"},\"datePublished\":\"2022-08-01T11:14:53+00:00\",\"dateModified\":\"2022-08-02T12:04:39+00:00\",\"breadcrumb\":{\"@id\":\"http:\/\/www.alpegeturizm.com\/index.php\/amerika\/#breadcrumb\"},\"inLanguage\":\"tr\",\"potentialAction\":[{\"@type\":\"ReadAction\",\"target\":[\"http:\/\/www.alpegeturizm.com\/index.php\/amerika\/\"]}]},{\"@type\":\"BreadcrumbList\",\"@id\":\"http:\/\/www.alpegeturizm.com\/index.php\/amerika\/#breadcrumb\",\"itemListElement\":[{\"@type\":\"ListItem\",\"position\":1,\"name\":\"Anasayfa\",\"item\":\"http:\/\/www.alpegeturizm.com\/\"},{\"@type\":\"ListItem\",\"position\":2,\"name\":\"A.B.D.\"}]},{\"@type\":\"WebSite\",\"@id\":\"http:\/\/www.alpegeturizm.com\/#website\",\"url\":\"http:\/\/www.alpegeturizm.com\/\",\"name\":\"ALP EGE TUR\u0130ZM\",\"description\":\"Vize ve Dan\u0131\u015fmanl\u0131k Hizmetleri\",\"publisher\":{\"@id\":\"http:\/\/www.alpegeturizm.com\/#organization\"},\"potentialAction\":[{\"@type\":\"SearchAction\",\"target\":{\"@type\":\"EntryPoint\",\"urlTemplate\":\"http:\/\/www.alpegeturizm.com\/?s={search_term_string}\"},\"query-input\":\"required name=search_term_string\"}],\"inLanguage\":\"tr\"},{\"@type\":\"Organization\",\"@id\":\"http:\/\/www.alpegeturizm.com\/#organization\",\"name\":\"ALP EGE TUR\u0130ZM\",\"url\":\"http:\/\/www.alpegeturizm.com\/\",\"sameAs\":[],\"logo\":{\"@type\":\"ImageObject\",\"inLanguage\":\"tr\",\"@id\":\"http:\/\/www.alpegeturizm.com\/#\/schema\/logo\/image\/\",\"url\":\"http:\/\/www.alpegeturizm.com\/wp-content\/uploads\/2022\/07\/InkedWhatsApp-Image-2022-07-26-at-4.22.38-PM-1.jpg\",\"contentUrl\":\"http:\/\/www.alpegeturizm.com\/wp-content\/uploads\/2022\/07\/InkedWhatsApp-Image-2022-07-26-at-4.22.38-PM-1.jpg\",\"width\":1024,\"height\":452,\"caption\":\"ALP EGE TUR\u0130ZM\"},\"image\":{\"@id\":\"http:\/\/www.alpegeturizm.com\/#\/schema\/logo\/image\/\"}}]}<\/script>\n<!-- \/ Yoast SEO plugin. -->","yoast_head_json":{"title":"A.B.D. - ALP EGE TUR\u0130ZM","robots":{"index":"index","follow":"follow","max-snippet":"max-snippet:-1","max-image-preview":"max-image-preview:large","max-video-preview":"max-video-preview:-1"},"canonical":"http:\/\/www.alpegeturizm.com\/index.php\/amerika\/","og_locale":"tr_TR","og_type":"article","og_title":"A.B.D. - ALP EGE TUR\u0130ZM","og_description":"Amerika Vizesi i\u00e7in Almak i\u00e7in Gerekli Olan Belgeler Antetli ka\u011f\u0131da konsoloslu\u011fa hitaben \u0130ngilizce dilek\u00e7e Antetli ka\u011f\u0131da isme davetiye ( Ticari gidiliyor ise ) Faaliyet belgesi ( 3 aydan eski de\u011fil ) \u0130mza sirk\u00fcleri Vergi levhas\u0131 Ticari sicil gazetesi SSK i\u015fe giri\u015f bildirgesi ( e-devletten\u00a0 kare kodlu ) SSK hizmet cetveli d\u00f6k\u00fcm\u00fc ( e-devletten kare kodlu&hellip;&nbsp;Daha fazlas\u0131n\u0131 oku &raquo;A.B.D.","og_url":"http:\/\/www.alpegeturizm.com\/index.php\/amerika\/","og_site_name":"ALP EGE TUR\u0130ZM","article_modified_time":"2022-08-02T12:04:39+00:00","og_image":[{"url":"http:\/\/www.alpegeturizm.com\/wp-content\/uploads\/2022\/07\/logosyah.png"}],"twitter_card":"summary_large_image","twitter_misc":{"Tahmini okuma s\u00fcresi":"1 dakika"},"schema":{"@context":"https:\/\/schema.org","@graph":[{"@type":"WebPage","@id":"http:\/\/www.alpegeturizm.com\/index.php\/amerika\/","url":"http:\/\/www.alpegeturizm.com\/index.php\/amerika\/","name":"A.B.D. - ALP EGE TUR\u0130ZM","isPartOf":{"@id":"http:\/\/www.alpegeturizm.com\/#website"},"datePublished":"2022-08-01T11:14:53+00:00","dateModified":"2022-08-02T12:04:39+00:00","breadcrumb":{"@id":"http:\/\/www.alpegeturizm.com\/index.php\/amerika\/#breadcrumb"},"inLanguage":"tr","potentialAction":[{"@type":"ReadAction","target":["http:\/\/www.alpegeturizm.com\/index.php\/amerika\/"]}]},{"@type":"BreadcrumbList","@id":"http:\/\/www.alpegeturizm.com\/index.php\/amerika\/#breadcrumb","itemListElement":[{"@type":"ListItem","position":1,"name":"Anasayfa","item":"http:\/\/www.alpegeturizm.com\/"},{"@type":"ListItem","position":2,"name":"A.B.D."}]},{"@type":"WebSite","@id":"http:\/\/www.alpegeturizm.com\/#website","url":"http:\/\/www.alpegeturizm.com\/","name":"ALP EGE TUR\u0130ZM","description":"Vize ve Dan\u0131\u015fmanl\u0131k Hizmetleri","publisher":{"@id":"http:\/\/www.alpegeturizm.com\/#organization"},"potentialAction":[{"@type":"SearchAction","target":{"@type":"EntryPoint","urlTemplate":"http:\/\/www.alpegeturizm.com\/?s={search_term_string}"},"query-input":"required name=search_term_string"}],"inLanguage":"tr"},{"@type":"Organization","@id":"http:\/\/www.alpegeturizm.com\/#organization","name":"ALP EGE TUR\u0130ZM","url":"http:\/\/www.alpegeturizm.com\/","sameAs":[],"logo":{"@type":"ImageObject","inLanguage":"tr","@id":"http:\/\/www.alpegeturizm.com\/#\/schema\/logo\/image\/","url":"http:\/\/www.alpegeturizm.com\/wp-content\/uploads\/2022\/07\/InkedWhatsApp-Image-2022-07-26-at-4.22.38-PM-1.jpg","contentUrl":"http:\/\/www.alpegeturizm.com\/wp-content\/uploads\/2022\/07\/InkedWhatsApp-Image-2022-07-26-at-4.22.38-PM-1.jpg","width":1024,"height":452,"caption":"ALP EGE TUR\u0130ZM"},"image":{"@id":"http:\/\/www.alpegeturizm.com\/#\/schema\/logo\/image\/"}}]}},"_links":{"self":[{"href":"http:\/\/www.alpegeturizm.com\/index.php\/wp-json\/wp\/v2\/pages\/288"}],"collection":[{"href":"http:\/\/www.alpegeturizm.com\/index.php\/wp-json\/wp\/v2\/pages"}],"about":[{"href":"http:\/\/www.alpegeturizm.com\/index.php\/wp-json\/wp\/v2\/types\/page"}],"author":[{"embeddable":true,"href":"http:\/\/www.alpegeturizm.com\/index.php\/wp-json\/wp\/v2\/users\/1"}],"replies":[{"embeddable":true,"href":"http:\/\/www.alpegeturizm.com\/index.php\/wp-json\/wp\/v2\/comments?post=288"}],"version-history":[{"count":18,"href":"http:\/\/www.alpegeturizm.com\/index.php\/wp-json\/wp\/v2\/pages\/288\/revisions"}],"predecessor-version":[{"id":484,"href":"http:\/\/www.alpegeturizm.com\/index.php\/wp-json\/wp\/v2\/pages\/288\/revisions\/484"}],"wp:attachment":[{"href":"http:\/\/www.alpegeturizm.com\/index.php\/wp-json\/wp\/v2\/media?parent=288"}],"curies":[{"name":"wp","href":"https:\/\/api.w.org\/{rel}","templated":true}]}}