{"id":148,"date":"2022-07-28T09:30:25","date_gmt":"2022-07-28T09:30:25","guid":{"rendered":"http:\/\/www.alpegeturizm.com\/?page_id=148"},"modified":"2022-08-01T12:02:29","modified_gmt":"2022-08-01T12:02:29","slug":"seyahat-saglik-sigortasi","status":"publish","type":"page","link":"http:\/\/www.alpegeturizm.com\/index.php\/seyahat-saglik-sigortasi\/","title":{"rendered":"SEYAHAT SA\u011eLIK S\u0130GORTASI"},"content":{"rendered":"\n<div class=\"wp-block-cover alignfull is-light has-parallax\" style=\"background-image:url(https:\/\/s.w.org\/images\/core\/5.8\/art-01.jpg);min-height:30vh\"><span aria-hidden=\"true\" class=\"wp-block-cover__background has-background-dim-10 has-background-dim wp-block-cover__gradient-background has-background-gradient has-pale-ocean-gradient-background\"><\/span><div class=\"wp-block-cover__inner-container\">\n<p class=\"has-text-align-center has-large-font-size\"><\/p>\n<\/div><\/div>\n\n\n\n<hr class=\"wp-block-separator has-text-color has-nv-site-bg-color has-alpha-channel-opacity has-nv-site-bg-background-color has-background\"\/>\n\n\n\n<h2>SEYAHAT SA\u011eLIK S\u0130GORTASI<\/h2>\n\n\n\n<hr class=\"wp-block-separator has-alpha-channel-opacity\"\/>\n\n\n\n<p>Yurt d\u0131\u015f\u0131na \u00e7\u0131kmak i\u00e7in b\u00fcy\u00fck \u00f6nem ta\u015f\u0131yan, \u00e7o\u011fu konsoloslu\u011fun zorunlu tuttu\u011fu ve seyahatiniz s\u00fcrecinde sa\u011fl\u0131k durumunuz konusunda size b\u00fcy\u00fck avantajlar sa\u011flayan sigortan\u0131z\u0131 kurumsal firmam\u0131z\u0131n b\u00fcnyesinde t\u00fcm \u00fclkelerle \u00e7al\u0131\u015fma tecr\u00fcbesi bulunan sekt\u00f6r\u00fcnde \u00f6nc\u00fc ve g\u00fcvenilirli\u011fi ile bilinen, sekt\u00f6rde yer alan hemen hemen t\u00fcm sigorta \u015firketleri ile \u00e7al\u0131\u015fmakta olan Sigorta acenteli\u011fimiz ile haz\u0131rlayabilirsiniz.<\/p>\n\n\n\n<hr class=\"wp-block-separator has-text-color has-nv-site-bg-color has-alpha-channel-opacity has-nv-site-bg-background-color has-background\"\/>\n\n\n\n<div class=\"wp-block-cover alignfull\" style=\"min-height:300px\"><span aria-hidden=\"true\" class=\"wp-block-cover__background has-neve-text-color-background-color has-background-dim-100 has-background-dim\"><\/span><div class=\"wp-block-cover__inner-container\">\n<div style=\"height:140px\" aria-hidden=\"true\" class=\"wp-block-spacer\"><\/div>\n\n\n\n<div class=\"is-layout-flex wp-container-9 wp-block-columns\">\n<div class=\"is-layout-flow wp-block-column\">\n<div class=\"is-layout-flow wp-block-query\"><ul class=\"is-layout-flow wp-block-post-template\"><li class=\"wp-block-post post-1 post type-post status-publish format-standard hentry category-uncategorized\">\n\n<div class=\"is-layout-flex wp-container-2 wp-block-columns are-vertically-aligned-center\">\n<div class=\"is-layout-flow wp-block-column\">\n<figure class=\"wp-block-image size-full is-resized\"><a href=\"http:\/\/www.alpegeturizm.com\/\"><img decoding=\"async\" loading=\"lazy\" src=\"http:\/\/www.alpegeturizm.com\/wp-content\/uploads\/2022\/07\/logosyah.png\" alt=\"\" class=\"wp-image-188\" width=\"327\" height=\"319\" srcset=\"http:\/\/www.alpegeturizm.com\/wp-content\/uploads\/2022\/07\/logosyah.png 381w, http:\/\/www.alpegeturizm.com\/wp-content\/uploads\/2022\/07\/logosyah-300x293.png 300w\" sizes=\"(max-width: 327px) 100vw, 327px\" \/><\/a><\/figure>\n<\/div>\n<\/div>\n\n<\/li><\/ul><\/div>\n<\/div>\n\n\n\n<div class=\"is-layout-flow wp-block-column\">\n<h3 class=\"has-text-align-center\"><strong>SAYFALAR<\/strong><\/h3>\n\n\n\n<p class=\"has-text-align-center\">Hizmetlerimiz<\/p>\n\n\n\n<p class=\"has-text-align-center\">Hakk\u0131m\u0131zda<\/p>\n\n\n\n<p class=\"has-text-align-center\">Vize \u0130\u015flemleri<\/p>\n\n\n\n<p class=\"has-text-align-center\">Vize Rejimleri<\/p>\n\n\n\n<p class=\"has-text-align-center\">\u0130leti\u015fim <\/p>\n<\/div>\n\n\n\n<div class=\"is-layout-flow wp-block-column\">\n<h3 class=\"has-text-align-center\"><strong>\u0130LET\u0130\u015e\u0130M B\u0130LG\u0130LER\u0130M\u0130Z<\/strong><\/h3>\n\n\n\n<p>Telefon: 0 532 351 22 74<\/p>\n\n\n\n<p>Mail: huseyin@alpegeturizm.com<\/p>\n\n\n\n<p>Adres: D\u00fcnya Sa\u011fl\u0131k Sokak, Opera \u0130\u015f Merkezi No: 25 Zemin 1\/12 Taksim\/\u0130stanbul<\/p>\n\n\n\n<ul class=\"is-layout-flex wp-block-social-links\">\n\n\n\n\n\n\n\n<\/ul>\n<\/div>\n<\/div>\n\n\n\n<p class=\"has-text-align-center\">Copyright <strong>\u00a9 <\/strong> 2022 ALTUNEL WEB l T\u00fcm haklar\u0131 sakl\u0131d\u0131r.<\/p>\n<\/div><\/div>\n","protected":false},"excerpt":{"rendered":"<p>SEYAHAT SA\u011eLIK S\u0130GORTASI Yurt d\u0131\u015f\u0131na \u00e7\u0131kmak i\u00e7in b\u00fcy\u00fck \u00f6nem ta\u015f\u0131yan, \u00e7o\u011fu konsoloslu\u011fun zorunlu tuttu\u011fu ve seyahatiniz s\u00fcrecinde sa\u011fl\u0131k durumunuz konusunda size b\u00fcy\u00fck avantajlar sa\u011flayan sigortan\u0131z\u0131 kurumsal firmam\u0131z\u0131n b\u00fcnyesinde t\u00fcm \u00fclkelerle \u00e7al\u0131\u015fma tecr\u00fcbesi bulunan sekt\u00f6r\u00fcnde \u00f6nc\u00fc ve g\u00fcvenilirli\u011fi ile bilinen, sekt\u00f6rde yer alan hemen hemen t\u00fcm sigorta \u015firketleri ile \u00e7al\u0131\u015fmakta olan Sigorta acenteli\u011fimiz ile haz\u0131rlayabilirsiniz.<\/p>\n","protected":false},"author":1,"featured_media":0,"parent":0,"menu_order":0,"comment_status":"closed","ping_status":"closed","template":"","meta":{"neve_meta_sidebar":"","neve_meta_container":"","neve_meta_enable_content_width":"on","neve_meta_content_width":85,"neve_meta_title_alignment":"","neve_meta_author_avatar":"","neve_post_elements_order":"","neve_meta_disable_header":"","neve_meta_disable_footer":"on","neve_meta_disable_title":"on"},"yoast_head":"<!-- This site is optimized with the Yoast SEO plugin v19.7.1 - https:\/\/yoast.com\/wordpress\/plugins\/seo\/ -->\n<title>SEYAHAT SA\u011eLIK S\u0130GORTASI - ALP EGE TUR\u0130ZM<\/title>\n<meta name=\"robots\" content=\"index, follow, max-snippet:-1, max-image-preview:large, max-video-preview:-1\" \/>\n<link rel=\"canonical\" href=\"http:\/\/www.alpegeturizm.com\/index.php\/seyahat-saglik-sigortasi\/\" \/>\n<meta property=\"og:locale\" content=\"tr_TR\" \/>\n<meta property=\"og:type\" content=\"article\" \/>\n<meta property=\"og:title\" content=\"SEYAHAT SA\u011eLIK S\u0130GORTASI - ALP EGE TUR\u0130ZM\" \/>\n<meta property=\"og:description\" content=\"SEYAHAT SA\u011eLIK S\u0130GORTASI Yurt d\u0131\u015f\u0131na \u00e7\u0131kmak i\u00e7in b\u00fcy\u00fck \u00f6nem ta\u015f\u0131yan, \u00e7o\u011fu konsoloslu\u011fun zorunlu tuttu\u011fu ve seyahatiniz s\u00fcrecinde sa\u011fl\u0131k durumunuz konusunda size b\u00fcy\u00fck avantajlar sa\u011flayan sigortan\u0131z\u0131 kurumsal firmam\u0131z\u0131n b\u00fcnyesinde t\u00fcm \u00fclkelerle \u00e7al\u0131\u015fma tecr\u00fcbesi bulunan sekt\u00f6r\u00fcnde \u00f6nc\u00fc ve g\u00fcvenilirli\u011fi ile bilinen, sekt\u00f6rde yer alan hemen hemen t\u00fcm sigorta \u015firketleri ile \u00e7al\u0131\u015fmakta olan Sigorta acenteli\u011fimiz ile haz\u0131rlayabilirsiniz.\" \/>\n<meta property=\"og:url\" content=\"http:\/\/www.alpegeturizm.com\/index.php\/seyahat-saglik-sigortasi\/\" \/>\n<meta property=\"og:site_name\" content=\"ALP EGE TUR\u0130ZM\" \/>\n<meta property=\"article:modified_time\" content=\"2022-08-01T12:02:29+00:00\" \/>\n<meta property=\"og:image\" content=\"http:\/\/www.alpegeturizm.com\/wp-content\/uploads\/2022\/07\/logosyah.png\" \/>\n<meta name=\"twitter:card\" content=\"summary_large_image\" \/>\n<meta name=\"twitter:label1\" content=\"Tahmini okuma s\u00fcresi\" \/>\n\t<meta name=\"twitter:data1\" content=\"1 dakika\" \/>\n<script type=\"application\/ld+json\" class=\"yoast-schema-graph\">{\"@context\":\"https:\/\/schema.org\",\"@graph\":[{\"@type\":\"WebPage\",\"@id\":\"http:\/\/www.alpegeturizm.com\/index.php\/seyahat-saglik-sigortasi\/\",\"url\":\"http:\/\/www.alpegeturizm.com\/index.php\/seyahat-saglik-sigortasi\/\",\"name\":\"SEYAHAT SA\u011eLIK S\u0130GORTASI - ALP EGE TUR\u0130ZM\",\"isPartOf\":{\"@id\":\"http:\/\/www.alpegeturizm.com\/#website\"},\"datePublished\":\"2022-07-28T09:30:25+00:00\",\"dateModified\":\"2022-08-01T12:02:29+00:00\",\"breadcrumb\":{\"@id\":\"http:\/\/www.alpegeturizm.com\/index.php\/seyahat-saglik-sigortasi\/#breadcrumb\"},\"inLanguage\":\"tr\",\"potentialAction\":[{\"@type\":\"ReadAction\",\"target\":[\"http:\/\/www.alpegeturizm.com\/index.php\/seyahat-saglik-sigortasi\/\"]}]},{\"@type\":\"BreadcrumbList\",\"@id\":\"http:\/\/www.alpegeturizm.com\/index.php\/seyahat-saglik-sigortasi\/#breadcrumb\",\"itemListElement\":[{\"@type\":\"ListItem\",\"position\":1,\"name\":\"Anasayfa\",\"item\":\"http:\/\/www.alpegeturizm.com\/\"},{\"@type\":\"ListItem\",\"position\":2,\"name\":\"SEYAHAT SA\u011eLIK S\u0130GORTASI\"}]},{\"@type\":\"WebSite\",\"@id\":\"http:\/\/www.alpegeturizm.com\/#website\",\"url\":\"http:\/\/www.alpegeturizm.com\/\",\"name\":\"ALP EGE TUR\u0130ZM\",\"description\":\"Vize ve Dan\u0131\u015fmanl\u0131k Hizmetleri\",\"publisher\":{\"@id\":\"http:\/\/www.alpegeturizm.com\/#organization\"},\"potentialAction\":[{\"@type\":\"SearchAction\",\"target\":{\"@type\":\"EntryPoint\",\"urlTemplate\":\"http:\/\/www.alpegeturizm.com\/?s={search_term_string}\"},\"query-input\":\"required name=search_term_string\"}],\"inLanguage\":\"tr\"},{\"@type\":\"Organization\",\"@id\":\"http:\/\/www.alpegeturizm.com\/#organization\",\"name\":\"ALP EGE TUR\u0130ZM\",\"url\":\"http:\/\/www.alpegeturizm.com\/\",\"sameAs\":[],\"logo\":{\"@type\":\"ImageObject\",\"inLanguage\":\"tr\",\"@id\":\"http:\/\/www.alpegeturizm.com\/#\/schema\/logo\/image\/\",\"url\":\"http:\/\/www.alpegeturizm.com\/wp-content\/uploads\/2022\/07\/InkedWhatsApp-Image-2022-07-26-at-4.22.38-PM-1.jpg\",\"contentUrl\":\"http:\/\/www.alpegeturizm.com\/wp-content\/uploads\/2022\/07\/InkedWhatsApp-Image-2022-07-26-at-4.22.38-PM-1.jpg\",\"width\":1024,\"height\":452,\"caption\":\"ALP EGE TUR\u0130ZM\"},\"image\":{\"@id\":\"http:\/\/www.alpegeturizm.com\/#\/schema\/logo\/image\/\"}}]}<\/script>\n<!-- \/ Yoast SEO plugin. -->","yoast_head_json":{"title":"SEYAHAT SA\u011eLIK S\u0130GORTASI - ALP EGE TUR\u0130ZM","robots":{"index":"index","follow":"follow","max-snippet":"max-snippet:-1","max-image-preview":"max-image-preview:large","max-video-preview":"max-video-preview:-1"},"canonical":"http:\/\/www.alpegeturizm.com\/index.php\/seyahat-saglik-sigortasi\/","og_locale":"tr_TR","og_type":"article","og_title":"SEYAHAT SA\u011eLIK S\u0130GORTASI - ALP EGE TUR\u0130ZM","og_description":"SEYAHAT SA\u011eLIK S\u0130GORTASI Yurt d\u0131\u015f\u0131na \u00e7\u0131kmak i\u00e7in b\u00fcy\u00fck \u00f6nem ta\u015f\u0131yan, \u00e7o\u011fu konsoloslu\u011fun zorunlu tuttu\u011fu ve seyahatiniz s\u00fcrecinde sa\u011fl\u0131k durumunuz konusunda size b\u00fcy\u00fck avantajlar sa\u011flayan sigortan\u0131z\u0131 kurumsal firmam\u0131z\u0131n b\u00fcnyesinde t\u00fcm \u00fclkelerle \u00e7al\u0131\u015fma tecr\u00fcbesi bulunan sekt\u00f6r\u00fcnde \u00f6nc\u00fc ve g\u00fcvenilirli\u011fi ile bilinen, sekt\u00f6rde yer alan hemen hemen t\u00fcm sigorta \u015firketleri ile \u00e7al\u0131\u015fmakta olan Sigorta acenteli\u011fimiz ile haz\u0131rlayabilirsiniz.","og_url":"http:\/\/www.alpegeturizm.com\/index.php\/seyahat-saglik-sigortasi\/","og_site_name":"ALP EGE TUR\u0130ZM","article_modified_time":"2022-08-01T12:02:29+00:00","og_image":[{"url":"http:\/\/www.alpegeturizm.com\/wp-content\/uploads\/2022\/07\/logosyah.png"}],"twitter_card":"summary_large_image","twitter_misc":{"Tahmini okuma s\u00fcresi":"1 dakika"},"schema":{"@context":"https:\/\/schema.org","@graph":[{"@type":"WebPage","@id":"http:\/\/www.alpegeturizm.com\/index.php\/seyahat-saglik-sigortasi\/","url":"http:\/\/www.alpegeturizm.com\/index.php\/seyahat-saglik-sigortasi\/","name":"SEYAHAT SA\u011eLIK S\u0130GORTASI - ALP EGE TUR\u0130ZM","isPartOf":{"@id":"http:\/\/www.alpegeturizm.com\/#website"},"datePublished":"2022-07-28T09:30:25+00:00","dateModified":"2022-08-01T12:02:29+00:00","breadcrumb":{"@id":"http:\/\/www.alpegeturizm.com\/index.php\/seyahat-saglik-sigortasi\/#breadcrumb"},"inLanguage":"tr","potentialAction":[{"@type":"ReadAction","target":["http:\/\/www.alpegeturizm.com\/index.php\/seyahat-saglik-sigortasi\/"]}]},{"@type":"BreadcrumbList","@id":"http:\/\/www.alpegeturizm.com\/index.php\/seyahat-saglik-sigortasi\/#breadcrumb","itemListElement":[{"@type":"ListItem","position":1,"name":"Anasayfa","item":"http:\/\/www.alpegeturizm.com\/"},{"@type":"ListItem","position":2,"name":"SEYAHAT SA\u011eLIK S\u0130GORTASI"}]},{"@type":"WebSite","@id":"http:\/\/www.alpegeturizm.com\/#website","url":"http:\/\/www.alpegeturizm.com\/","name":"ALP EGE TUR\u0130ZM","description":"Vize ve Dan\u0131\u015fmanl\u0131k Hizmetleri","publisher":{"@id":"http:\/\/www.alpegeturizm.com\/#organization"},"potentialAction":[{"@type":"SearchAction","target":{"@type":"EntryPoint","urlTemplate":"http:\/\/www.alpegeturizm.com\/?s={search_term_string}"},"query-input":"required name=search_term_string"}],"inLanguage":"tr"},{"@type":"Organization","@id":"http:\/\/www.alpegeturizm.com\/#organization","name":"ALP EGE TUR\u0130ZM","url":"http:\/\/www.alpegeturizm.com\/","sameAs":[],"logo":{"@type":"ImageObject","inLanguage":"tr","@id":"http:\/\/www.alpegeturizm.com\/#\/schema\/logo\/image\/","url":"http:\/\/www.alpegeturizm.com\/wp-content\/uploads\/2022\/07\/InkedWhatsApp-Image-2022-07-26-at-4.22.38-PM-1.jpg","contentUrl":"http:\/\/www.alpegeturizm.com\/wp-content\/uploads\/2022\/07\/InkedWhatsApp-Image-2022-07-26-at-4.22.38-PM-1.jpg","width":1024,"height":452,"caption":"ALP EGE TUR\u0130ZM"},"image":{"@id":"http:\/\/www.alpegeturizm.com\/#\/schema\/logo\/image\/"}}]}},"_links":{"self":[{"href":"http:\/\/www.alpegeturizm.com\/index.php\/wp-json\/wp\/v2\/pages\/148"}],"collection":[{"href":"http:\/\/www.alpegeturizm.com\/index.php\/wp-json\/wp\/v2\/pages"}],"about":[{"href":"http:\/\/www.alpegeturizm.com\/index.php\/wp-json\/wp\/v2\/types\/page"}],"author":[{"embeddable":true,"href":"http:\/\/www.alpegeturizm.com\/index.php\/wp-json\/wp\/v2\/users\/1"}],"replies":[{"embeddable":true,"href":"http:\/\/www.alpegeturizm.com\/index.php\/wp-json\/wp\/v2\/comments?post=148"}],"version-history":[{"count":11,"href":"http:\/\/www.alpegeturizm.com\/index.php\/wp-json\/wp\/v2\/pages\/148\/revisions"}],"predecessor-version":[{"id":324,"href":"http:\/\/www.alpegeturizm.com\/index.php\/wp-json\/wp\/v2\/pages\/148\/revisions\/324"}],"wp:attachment":[{"href":"http:\/\/www.alpegeturizm.com\/index.php\/wp-json\/wp\/v2\/media?parent=148"}],"curies":[{"name":"wp","href":"https:\/\/api.w.org\/{rel}","templated":true}]}}